{"id":12,"date":"2025-11-29T14:41:02","date_gmt":"2025-11-29T13:41:02","guid":{"rendered":"https:\/\/meca-remorque.com\/?page_id=12"},"modified":"2025-11-30T19:04:44","modified_gmt":"2025-11-30T18:04:44","slug":"retur-og-refusjon","status":"publish","type":"page","link":"https:\/\/vedtilventeren.com\/fr\/retur-og-refusjon\/","title":{"rendered":"Retur og refusjon"},"content":{"rendered":"<div data-elementor-type=\"wp-page\" data-elementor-id=\"12\" class=\"elementor elementor-12\" data-elementor-post-type=\"page\">\n\t\t\t\t<div data-particle_enable=\"false\" data-particle-mobile-disabled=\"false\" class=\"wd-negative-gap elementor-element elementor-element-4895a50d e-flex e-con-boxed e-con e-parent\" data-id=\"4895a50d\" data-element_type=\"container\" data-e-type=\"container\">\n\t\t\t\t\t<div class=\"e-con-inner\">\n\t\t\t\t<div class=\"elementor-element elementor-element-7a8e9fec color-scheme-inherit text-left elementor-widget elementor-widget-text-editor\" data-id=\"7a8e9fec\" data-element_type=\"widget\" data-e-type=\"widget\" data-widget_type=\"text-editor.default\">\n\t\t\t\t\t\t\t\t\t\n<div class=\"wd-page-content main-page-wrapper\"><main id=\"main-content\" class=\"wd-content-layout content-layout-wrapper container wd-sidebar-hidden-md-sm wd-sidebar-hidden-sm\" role=\"main\">\n<div class=\"wd-content-area site-content\">\n<article id=\"post-12\" class=\"entry-content post-12 page type-page status-publish hentry\">\n<div class=\"elementor elementor-12\" data-elementor-type=\"wp-page\" data-elementor-id=\"12\" data-elementor-post-type=\"page\">\n<div class=\"wd-negative-gap elementor-element elementor-element-4895a50d e-flex e-con-boxed e-con e-parent e-lazyloaded\" data-particle_enable=\"false\" data-particle-mobile-disabled=\"false\" data-id=\"4895a50d\" data-element_type=\"container\">\n<div class=\"e-con-inner\">\n<div class=\"elementor-element elementor-element-7a8e9fec color-scheme-inherit text-left elementor-widget elementor-widget-text-editor\" data-id=\"7a8e9fec\" data-element_type=\"widget\" data-widget_type=\"text-editor.default\">\n<h2 data-start=\"256\" data-end=\"303\"><strong data-start=\"259\" data-end=\"303\"><span dir=\"auto\">Retur og refusjon \u2013 Vedtilventeren<\/span><\/strong><\/h2>\n<p data-start=\"305\" data-end=\"784\"><span dir=\"auto\">Hos\u00a0<\/span><strong data-start=\"310\" data-end=\"328\"><span dir=\"auto\">Vedtilventeren<\/span><\/strong><span dir=\"auto\">\u00a0, et datterselskap av\u00a0<\/span><strong data-start=\"349\" data-end=\"399\"><span dir=\"auto\">Norprodukter (Organisasjonsnummer 972 361 437)<\/span><\/strong><span dir=\"auto\">\u00a0, er vi opptatt av \u00e5 tilby varme- og ovnsprodukter av h\u00f8y kvalitet.\u00a0Hvis<\/span><br data-start=\"504\" data-end=\"507\" \/><span dir=\"auto\">du av en eller annen grunn ikke er helt forn\u00f8yd med kj\u00f8pet ditt, har vi implementert f\u00f8lgende policy for \u00e5 legge til rette for retur og refusjon, i samsvar med\u00a0<\/span><strong data-start=\"705\" data-end=\"728\"><span dir=\"auto\">forbrukerkj\u00f8psloven .<\/span><\/strong><\/p>\n<hr data-start=\"786\" data-end=\"789\" \/>\n<h3 data-start=\"791\" data-end=\"817\"><strong data-start=\"795\" data-end=\"817\"><span dir=\"auto\">1. Returperiode<\/span><\/strong><\/h3>\n<p data-start=\"818\" data-end=\"949\"><span dir=\"auto\">Du har\u00a0<\/span><strong><span dir=\"auto\">14 kalenderdager<\/span><\/strong><span dir=\"auto\">\u00a0fra datoen du mottar bestillingen din til \u00e5 returnere et produkt.<\/span><\/p>\n<hr data-start=\"951\" data-end=\"954\" \/>\n<h3 data-start=\"956\" data-end=\"987\"><strong data-start=\"960\" data-end=\"987\"><span dir=\"auto\">2. Returvilk\u00e5r<\/span><\/strong><\/h3>\n<p data-start=\"988\" data-end=\"1070\"><span dir=\"auto\">For \u00e5 v\u00e6re kvalifisert for retur, m\u00e5 produktet oppfylle f\u00f8lgende betingelser:<\/span><\/p>\n<ul data-start=\"1072\" data-end=\"1492\">\n<li data-start=\"1072\" data-end=\"1139\">\n<p data-start=\"1074\" data-end=\"1139\"><span dir=\"auto\">Skal v\u00e6re i\u00a0<\/span><strong data-start=\"1088\" data-end=\"1106\"><span dir=\"auto\">original stand<\/span><\/strong><span dir=\"auto\">\u00a0, ubrukt og uskadet.<\/span><\/p>\n<\/li>\n<li data-start=\"1140\" data-end=\"1248\">\n<p data-start=\"1142\" data-end=\"1248\"><span dir=\"auto\">Den m\u00e5 returneres i\u00a0<\/span><strong data-start=\"1165\" data-end=\"1188\"><span dir=\"auto\">originalemballasjen<\/span><\/strong><span dir=\"auto\">\u00a0, med alt tilbeh\u00f8r, instruksjoner og dokumenter som f\u00f8lger med.<\/span><\/p>\n<\/li>\n<li data-start=\"1249\" data-end=\"1323\">\n<p data-start=\"1251\" data-end=\"1323\"><span dir=\"auto\">Vennligst legg ved\u00a0<\/span><strong data-start=\"1273\" data-end=\"1291\"><span dir=\"auto\">kj\u00f8psbevis<\/span><\/strong><span dir=\"auto\">\u00a0eller\u00a0<\/span><strong data-start=\"1298\" data-end=\"1320\"><span dir=\"auto\">ordrenummer<\/span><\/strong><span dir=\"auto\">\u00a0.<\/span><\/p>\n<\/li>\n<li data-start=\"1324\" data-end=\"1492\">\n<p data-start=\"1326\" data-end=\"1492\"><span dir=\"auto\">Produkter som er permanent installert (f.eks. fastmonterte ovner, monterte r\u00f8ykr\u00f8r) kan kun returneres dersom de har en\u00a0kjent\u00a0<\/span><strong data-start=\"1458\" data-end=\"1483\"><span dir=\"auto\">produksjonsfeil .<\/span><\/strong><\/p>\n<\/li>\n<\/ul>\n<hr data-start=\"1494\" data-end=\"1497\" \/>\n<h3 data-start=\"1499\" data-end=\"1529\"><strong data-start=\"1503\" data-end=\"1529\"><span dir=\"auto\">3. Returprosedyre<\/span><\/strong><\/h3>\n<p data-start=\"1530\" data-end=\"1592\"><span dir=\"auto\">For \u00e5 starte en retur, vennligst f\u00f8lg disse trinnene:<\/span><\/p>\n<ol data-start=\"1594\" data-end=\"2175\">\n<li data-start=\"1594\" data-end=\"1949\">\n<p data-start=\"1597\" data-end=\"1767\"><span dir=\"auto\">Kontakt v\u00e5r kundeservice p\u00e5\u00a0<\/span><strong data-start=\"1630\" data-end=\"1660\"><a class=\"decorated-link cursor-pointer\" rel=\"noopener\" data-start=\"1632\" data-end=\"1658\"><span dir=\"auto\">kontakt@vedtilventeren.com<\/span><\/a><\/strong><span dir=\"auto\">\u00a0eller p\u00e5 mail til:<\/span><br data-start=\"1680\" data-end=\"1683\" \/><strong data-start=\"1686\" data-end=\"1719\"><span dir=\"auto\">Vedtilventeren \u2013 Norprodukter<\/span><\/strong><br data-start=\"1719\" data-end=\"1722\" \/><strong data-start=\"1725\" data-end=\"1767\"><span dir=\"auto\">\u00d8vre Slottsgate 27, 0157 Oslo, Norge<\/span><\/strong><\/p>\n<p data-start=\"1772\" data-end=\"1793\"><span dir=\"auto\">Vennligst oppgi:<\/span><\/p>\n<ul data-start=\"1797\" data-end=\"1949\">\n<li data-start=\"1797\" data-end=\"1825\">\n<p data-start=\"1799\" data-end=\"1825\"><span dir=\"auto\">Ordrenummeret ditt<\/span><\/p>\n<\/li>\n<li data-start=\"1829\" data-end=\"1859\">\n<p data-start=\"1831\" data-end=\"1859\"><span dir=\"auto\">Navnet p\u00e5 det aktuelle produktet<\/span><\/p>\n<\/li>\n<li data-start=\"1863\" data-end=\"1886\">\n<p data-start=\"1865\" data-end=\"1886\"><span dir=\"auto\">\u00c5rsaken til returen<\/span><\/p>\n<\/li>\n<li data-start=\"1890\" data-end=\"1949\">\n<p data-start=\"1892\" data-end=\"1949\"><span dir=\"auto\">Bilder hvis produktet har en defekt eller skade<\/span><\/p>\n<\/li>\n<\/ul>\n<\/li>\n<li data-start=\"1951\" data-end=\"2052\">\n<p data-start=\"1954\" data-end=\"2052\"><span dir=\"auto\">Teamet v\u00e5rt vil gi deg en\u00a0<\/span><strong data-start=\"1985\" data-end=\"2011\"><span dir=\"auto\">returautorisasjon<\/span><\/strong><span dir=\"auto\">\u00a0og fraktinstruksjoner.<\/span><\/p>\n<\/li>\n<li data-start=\"2054\" data-end=\"2175\">\n<p data-start=\"2057\" data-end=\"2175\"><span dir=\"auto\">Pakk produktet forsiktig og send det til den oppgitte adressen med en\u00a0<\/span><strong data-start=\"2160\" data-end=\"2174\"><span dir=\"auto\">sporbar<\/span><\/strong><span dir=\"auto\">\u00a0fraktmetode .<\/span><\/p>\n<\/li>\n<\/ol>\n<hr data-start=\"2177\" data-end=\"2180\" \/>\n<h3 data-start=\"2182\" data-end=\"2208\"><strong data-start=\"2186\" data-end=\"2208\"><span dir=\"auto\">4. Returgebyrer<\/span><\/strong><\/h3>\n<ul data-start=\"2209\" data-end=\"2432\">\n<li data-start=\"2209\" data-end=\"2357\">\n<p data-start=\"2211\" data-end=\"2357\"><span dir=\"auto\">Hvis returen skyldes en\u00a0<\/span><strong data-start=\"2237\" data-end=\"2261\"><span dir=\"auto\">feil fra v\u00e5r side<\/span><\/strong><span dir=\"auto\">\u00a0(defekt, skadet eller feil produkt),\u00a0<\/span><strong data-start=\"2308\" data-end=\"2354\"><span dir=\"auto\">dekker vi returfraktkostnadene<\/span><\/strong><span dir=\"auto\">\u00a0.<\/span><\/p>\n<\/li>\n<li data-start=\"2358\" data-end=\"2432\">\n<p data-start=\"2360\" data-end=\"2432\"><span dir=\"auto\">I andre tilfeller\u00a0<\/span><strong data-start=\"2385\" data-end=\"2431\"><span dir=\"auto\">er returfraktkostnadene kundens ansvar<\/span><\/strong><span dir=\"auto\">\u00a0.<\/span><\/p>\n<\/li>\n<\/ul>\n<hr data-start=\"2434\" data-end=\"2437\" \/>\n<h3 data-start=\"2439\" data-end=\"2464\"><strong data-start=\"2443\" data-end=\"2464\"><span dir=\"auto\">5. Refusjoner<\/span><\/strong><\/h3>\n<p data-start=\"2465\" data-end=\"2580\"><span dir=\"auto\">N\u00e5r det returnerte produktet er mottatt og inspisert, vil vi informere deg om hvorvidt vi aksepterer eller avsl\u00e5r refusjonen.<\/span><\/p>\n<ul data-start=\"2582\" data-end=\"2826\">\n<li data-start=\"2582\" data-end=\"2728\">\n<p data-start=\"2584\" data-end=\"2728\"><strong data-start=\"2584\" data-end=\"2615\"><span dir=\"auto\">Hvis returen godkjennes:<\/span><\/strong><br data-start=\"2615\" data-end=\"2618\" \/><span dir=\"auto\">Refusjonen vil bli utstedt til den\u00a0<\/span><strong data-start=\"2658\" data-end=\"2687\"><span dir=\"auto\">opprinnelige betalingsmetoden<\/span><\/strong><span dir=\"auto\">\u00a0innen\u00a0<\/span><strong data-start=\"2706\" data-end=\"2727\"><span dir=\"auto\">5 virkedager<\/span><\/strong><span dir=\"auto\">\u00a0.<\/span><\/p>\n<\/li>\n<li data-start=\"2730\" data-end=\"2826\">\n<p data-start=\"2732\" data-end=\"2826\"><strong data-start=\"2732\" data-end=\"2761\"><span dir=\"auto\">Hvis returen avvises:<\/span><\/strong><br data-start=\"2761\" data-end=\"2764\" \/><span dir=\"auto\">Produktet vil bli returnert til deg med en detaljert forklaring.<\/span><\/p>\n<\/li>\n<\/ul>\n<hr data-start=\"2828\" data-end=\"2831\" \/>\n<h3 data-start=\"2833\" data-end=\"2869\"><strong data-start=\"2837\" data-end=\"2869\"><span dir=\"auto\">6. Produkter som ikke kan returneres<\/span><\/strong><\/h3>\n<p data-start=\"2870\" data-end=\"2961\"><span dir=\"auto\">F\u00f8lgende produkter kan ikke returneres, med unntak av tilfeller av produksjonsfeil:<\/span><\/p>\n<ul data-start=\"2963\" data-end=\"3194\">\n<li data-start=\"2963\" data-end=\"3048\">\n<p data-start=\"2965\" data-end=\"3048\"><strong data-start=\"2974\" data-end=\"2988\"><span dir=\"auto\">Spesiallagde<\/span><\/strong><span dir=\"auto\">\u00a0varer\u00a0(f.eks. r\u00f8r kuttet til m\u00e5l, personlige deler)<\/span><\/p>\n<\/li>\n<li data-start=\"3049\" data-end=\"3087\">\n<p data-start=\"3051\" data-end=\"3087\"><span dir=\"auto\">Elementer\u00a0<\/span><strong data-start=\"3060\" data-end=\"3085\"><span dir=\"auto\">installert eller brukt<\/span><\/strong><\/p>\n<\/li>\n<li data-start=\"3088\" data-end=\"3139\">\n<p data-start=\"3090\" data-end=\"3139\"><span dir=\"auto\">Produkter kj\u00f8pt p\u00e5\u00a0<\/span><strong data-start=\"3110\" data-end=\"3137\"><span dir=\"auto\">salg eller utsalg<\/span><\/strong><\/p>\n<\/li>\n<li data-start=\"3140\" data-end=\"3194\">\n<p data-start=\"3142\" data-end=\"3194\"><span dir=\"auto\">Brannfarlige eller sensitive produkter som har blitt \u00e5pnet<\/span><\/p>\n<\/li>\n<\/ul>\n<hr data-start=\"3196\" data-end=\"3199\" \/>\n<h3 data-start=\"3201\" data-end=\"3220\"><strong data-start=\"3205\" data-end=\"3220\"><span dir=\"auto\">7. Utvekslinger<\/span><\/strong><\/h3>\n<p data-start=\"3221\" data-end=\"3392\"><strong data-start=\"3261\" data-end=\"3275\"><span dir=\"auto\">Vi erstatter kun defekte<\/span><\/strong><span dir=\"auto\">\u00a0,\u00a0<\/span><strong data-start=\"3277\" data-end=\"3291\"><span dir=\"auto\">skadede<\/span><\/strong><span dir=\"auto\">\u00a0eller ikke-kompatible\u00a0produkter .<\/span><br data-start=\"3309\" data-end=\"3312\" \/><span dir=\"auto\">For \u00e5 be om en bytte mot samme vare, vennligst kontakt v\u00e5r kundeserviceavdeling.<\/span><\/p>\n<hr data-start=\"3394\" data-end=\"3397\" \/>\n<h3 data-start=\"3399\" data-end=\"3424\"><strong data-start=\"3403\" data-end=\"3424\"><span dir=\"auto\">8. Serviceklient<\/span><\/strong><\/h3>\n<p data-start=\"3425\" data-end=\"3555\"><span dir=\"auto\">V\u00e5rt team er tilgjengelig for \u00e5 hjelpe deg og svare p\u00e5 eventuelle sp\u00f8rsm\u00e5l du m\u00e5tte ha ang\u00e5ende retur, bytte eller refusjon.<\/span><\/p>\n<p data-start=\"3557\" data-end=\"3663\">\ud83d\udce7\u00a0<strong data-start=\"3560\" data-end=\"3590\"><a class=\"decorated-link cursor-pointer\" rel=\"noopener\" data-start=\"3562\" data-end=\"3588\">kontakt@vedtilventeren.com<\/a><\/strong><br data-start=\"3590\" data-end=\"3593\" \/>\u260e\ufe0f\u00a0<strong data-start=\"3596\" data-end=\"3615\">+47 22 04 03 10<\/strong><br data-start=\"3615\" data-end=\"3618\" \/>\ud83d\udccd\u00a0<strong data-start=\"3621\" data-end=\"3663\">\u00d8vre Slottsgate 27, 0157 Oslo, Norv\u00e8ge<\/strong><\/p>\n<p data-start=\"3665\" data-end=\"3751\"><span dir=\"auto\">V\u00e5re supporttider:<\/span><br data-start=\"3692\" data-end=\"3695\" \/><strong data-start=\"3695\" data-end=\"3726\"><span dir=\"auto\">Mandag til fredag: 09:00\u201318:00<\/span><\/strong><br data-start=\"3726\" data-end=\"3729\" \/><strong data-start=\"3729\" data-end=\"3751\"><span dir=\"auto\">L\u00f8rdag: 10:00\u201316:00<\/span><\/strong><\/p>\n<p data-start=\"3753\" data-end=\"3811\"><span dir=\"auto\">Vi er forpliktet til \u00e5 svare s\u00e5 raskt som mulig.<\/span><\/p>\n<\/div>\n<\/div>\n<\/div>\n<\/div>\n<\/article>\n<\/div>\n<\/main><\/div>\n\t\t\t\t\t\t\t\t<\/div>\n\t\t\t\t\t<\/div>\n\t\t\t\t<\/div>\n\t\t\t\t<\/div>","protected":false},"excerpt":{"rendered":"<p>Retur og refusjon \u2013 Vedtilventeren Hos\u00a0Vedtilventeren\u00a0, et datterselskap av\u00a0Norprodukter (Organisasjonsnummer 972 361 437)\u00a0, er vi opptatt av \u00e5 tilby varme-<\/p>","protected":false},"author":1,"featured_media":0,"parent":0,"menu_order":0,"comment_status":"closed","ping_status":"closed","template":"","meta":{"footnotes":""},"class_list":["post-12","page","type-page","status-publish","hentry"],"_hostinger_reach_plugin_has_subscription_block":false,"_hostinger_reach_plugin_is_elementor":false,"jetpack_sharing_enabled":true,"_links":{"self":[{"href":"https:\/\/vedtilventeren.com\/fr\/wp-json\/wp\/v2\/pages\/12","targetHints":{"allow":["GET"]}}],"collection":[{"href":"https:\/\/vedtilventeren.com\/fr\/wp-json\/wp\/v2\/pages"}],"about":[{"href":"https:\/\/vedtilventeren.com\/fr\/wp-json\/wp\/v2\/types\/page"}],"author":[{"embeddable":true,"href":"https:\/\/vedtilventeren.com\/fr\/wp-json\/wp\/v2\/users\/1"}],"replies":[{"embeddable":true,"href":"https:\/\/vedtilventeren.com\/fr\/wp-json\/wp\/v2\/comments?post=12"}],"version-history":[{"count":15,"href":"https:\/\/vedtilventeren.com\/fr\/wp-json\/wp\/v2\/pages\/12\/revisions"}],"predecessor-version":[{"id":2279,"href":"https:\/\/vedtilventeren.com\/fr\/wp-json\/wp\/v2\/pages\/12\/revisions\/2279"}],"wp:attachment":[{"href":"https:\/\/vedtilventeren.com\/fr\/wp-json\/wp\/v2\/media?parent=12"}],"curies":[{"name":"wp","href":"https:\/\/api.w.org\/{rel}","templated":true}]}}