{"id":2241,"date":"2025-11-30T17:32:24","date_gmt":"2025-11-30T16:32:24","guid":{"rendered":"https:\/\/meca-remorque.com\/?page_id=2241"},"modified":"2025-11-30T19:05:41","modified_gmt":"2025-11-30T18:05:41","slug":"generelle-salgsbetingelser","status":"publish","type":"page","link":"https:\/\/vedtilventeren.com\/fr\/generelle-salgsbetingelser\/","title":{"rendered":"Generelle salgsbetingelser"},"content":{"rendered":"<div data-elementor-type=\"wp-page\" data-elementor-id=\"2241\" class=\"elementor elementor-2241\" data-elementor-post-type=\"page\">\n\t\t\t\t<div data-particle_enable=\"false\" data-particle-mobile-disabled=\"false\" class=\"wd-negative-gap elementor-element elementor-element-2c8f26d1 e-flex e-con-boxed e-con e-parent\" data-id=\"2c8f26d1\" data-element_type=\"container\" data-e-type=\"container\">\n\t\t\t\t\t<div class=\"e-con-inner\">\n\t\t\t\t<div class=\"elementor-element elementor-element-24092083 color-scheme-inherit text-left elementor-widget elementor-widget-text-editor\" data-id=\"24092083\" data-element_type=\"widget\" data-e-type=\"widget\" data-widget_type=\"text-editor.default\">\n\t\t\t\t\t\t\t\t\t\n<h1 class=\"wp-block-heading\" data-start=\"221\" data-end=\"264\"><strong data-start=\"223\" data-end=\"262\"><span dir=\"auto\">GENERELLE SALGSVILK\u00c5R OG BETINGELSER\u00a0<\/span><\/strong><\/h1>\n<h2><span dir=\"auto\">Generelle vilk\u00e5r og betingelser for bruk av nettstedet vedtilventeren.com<\/span><\/h2>\n<hr data-start=\"343\" data-end=\"346\" \/>\n<h2 data-start=\"348\" data-end=\"389\"><strong data-start=\"351\" data-end=\"387\"><span dir=\"auto\">1. Selskapsinformasjon<\/span><\/strong><\/h2>\n<p data-start=\"390\" data-end=\"788\"><strong data-start=\"390\" data-end=\"408\"><span dir=\"auto\">Vedtilventeren<\/span><\/strong><span dir=\"auto\">\u00a0\u2013 et datterselskap av\u00a0<\/span><strong data-start=\"426\" data-end=\"442\"><span dir=\"auto\">Norprodukter.<\/span><\/strong><br data-start=\"442\" data-end=\"445\" \/><span dir=\"auto\">Organisasjonsnummer:\u00a0<\/span><strong data-start=\"469\" data-end=\"484\"><span dir=\"auto\">972 361 437.<\/span><\/strong><br data-start=\"484\" data-end=\"487\" \/><span dir=\"auto\">Adresse:\u00a0<\/span><strong data-start=\"497\" data-end=\"539\"><span dir=\"auto\">\u00d8vre Slottsgate 27, 0157 Oslo, Norge.<\/span><\/strong><br data-start=\"539\" data-end=\"542\" \/><span dir=\"auto\">Telefon:\u00a0<\/span><strong data-start=\"554\" data-end=\"573\"><span dir=\"auto\">+47 22 04 03 10.<\/span><\/strong><br data-start=\"573\" data-end=\"576\" \/><span dir=\"auto\">E-post:\u00a0<\/span><strong data-start=\"585\" data-end=\"615\"><a class=\"decorated-link cursor-pointer\" rel=\"noopener\" data-start=\"587\" data-end=\"613\"><span dir=\"auto\">kontakt@vedtilventeren.com<\/span><\/a><\/strong><br data-start=\"615\" data-end=\"618\" \/><span dir=\"auto\">. Nettsted:\u00a0<\/span><strong data-start=\"625\" data-end=\"655\"><a class=\"decorated-link\" href=\"https:\/\/vedtilventeren.com\/fr\/\" target=\"_new\" rel=\"noopener\" data-start=\"627\" data-end=\"653\"><span dir=\"auto\">https:\/\/vedtilventeren.com.<\/span><\/a><\/strong><br data-start=\"655\" data-end=\"658\" \/><span dir=\"auto\">Administrerende direkt\u00f8r:\u00a0<\/span><strong data-start=\"670\" data-end=\"685\"><span dir=\"auto\">Kai Askmann.<\/span><\/strong><br data-start=\"685\" data-end=\"688\" \/><span dir=\"auto\">Bransje:\u00a0<\/span><strong data-start=\"698\" data-end=\"788\"><span dir=\"auto\">46.830 \u2013 Engroshandel med trelast, byggevarer og sanit\u00e6rutstyr.<\/span><\/strong><\/p>\n<hr data-start=\"790\" data-end=\"793\" \/>\n<h2 data-start=\"795\" data-end=\"820\"><strong data-start=\"798\" data-end=\"818\"><span dir=\"auto\">2. Form\u00e5l\u00a0<\/span><\/strong><\/h2>\n<p data-start=\"821\" data-end=\"1031\"><span dir=\"auto\">Disse generelle salgsvilk\u00e5rene gjelder for salg gjort p\u00e5\u00a0<\/span><strong data-start=\"900\" data-end=\"930\"><a class=\"decorated-link\" href=\"https:\/\/vedtilventeren.com\/fr\/\" target=\"_new\" rel=\"noopener\" data-start=\"902\" data-end=\"928\"><span dir=\"auto\">https:\/\/vedtilventeren.com<\/span><\/a><\/strong><span dir=\"auto\">\u00a0av varmeprodukter, ovner, ved, materialer og utstyr som tilbys av Vedtilventeren.<\/span><\/p>\n<p data-start=\"1033\" data-end=\"1079\"><span dir=\"auto\">Alle bestillinger inneb\u00e6rer aksept av vilk\u00e5rene og betingelsene.<\/span><\/p>\n<h2 data-start=\"1385\" data-end=\"1405\"><strong data-start=\"1388\" data-end=\"1403\"><span dir=\"auto\">3. Produkter<\/span><\/strong><\/h2>\n<p data-start=\"1406\" data-end=\"1723\"><span dir=\"auto\">Produktene som tilbys er i samsvar med gjeldende norske og europeiske standarder.<\/span><br data-start=\"1494\" data-end=\"1497\" \/><span dir=\"auto\">Beskrivelser, bilder og tekniske spesifikasjoner er kun ment som informasjon.<\/span><br data-start=\"1586\" data-end=\"1589\" \/><span dir=\"auto\">Vedtilventeren kan ikke holdes ansvarlig for eventuelle mindre avvik som f\u00f8lge av leverand\u00f8rer eller tekniske forbedringer.<\/span><\/p>\n<hr data-start=\"1725\" data-end=\"1728\" \/>\n<h2 data-start=\"1730\" data-end=\"1746\"><strong data-start=\"1733\" data-end=\"1744\"><span dir=\"auto\">4. Pris<\/span><\/strong><\/h2>\n<p data-start=\"1747\" data-end=\"1922\"><span dir=\"auto\">Prisene som vises er i\u00a0<\/span><strong data-start=\"1782\" data-end=\"1789\"><span dir=\"auto\">NOK<\/span><\/strong><span dir=\"auto\">\u00a0, inkludert\u00a0<\/span><strong data-start=\"1791\" data-end=\"1798\"><span dir=\"auto\">alle avgifter<\/span><\/strong><span dir=\"auto\">\u00a0, inkludert gjeldende norsk moms.<\/span><br data-start=\"1839\" data-end=\"1842\" \/><span dir=\"auto\">Leveringskostnader vises separat f\u00f8r ordrebekreftelse.<\/span><\/p>\n<p data-start=\"1924\" data-end=\"2086\"><span dir=\"auto\">Vedtilventeren forbeholder seg retten til \u00e5 endre prisene n\u00e5r som helst, men produkter faktureres etter prisen som gjelder p\u00e5 tidspunktet bestillingen valideres.<\/span><\/p>\n<hr data-start=\"2088\" data-end=\"2091\" \/>\n<h2 data-start=\"375\" data-end=\"395\"><strong data-start=\"378\" data-end=\"393\"><span dir=\"auto\">5. Bestill<\/span><\/strong><\/h2>\n<p data-start=\"396\" data-end=\"629\"><span dir=\"auto\">N\u00e5r bestillingen er bekreftet p\u00e5\u00a0<\/span><strong data-start=\"431\" data-end=\"461\"><a class=\"decorated-link\" href=\"https:\/\/vedtilventeren.com\/fr\/\" target=\"_new\" rel=\"noopener\" data-start=\"433\" data-end=\"459\"><span dir=\"auto\">https:\/\/vedtilventeren.com<\/span><\/a><\/strong><span dir=\"auto\">\u00a0, behandler Vedtilventeren\u00a0<\/span><strong data-start=\"489\" data-end=\"542\"><span dir=\"auto\">bestillingen innen 2 til 3 virkedager<\/span><\/strong><span dir=\"auto\">\u00a0.<\/span><br data-start=\"543\" data-end=\"546\" \/><span dir=\"auto\">Kunden mottar en bekreftelses-e-post s\u00e5 snart bestillingen er behandlet.<\/span><\/p>\n<hr data-start=\"2525\" data-end=\"2528\" \/>\n<h2 data-start=\"2530\" data-end=\"2550\"><strong data-start=\"2533\" data-end=\"2548\"><span dir=\"auto\">6. Betaling<\/span><\/strong><\/h2>\n<p data-start=\"2551\" data-end=\"2697\"><span dir=\"auto\">Betalinger kan gj\u00f8res via l\u00f8sningene som tilbys p\u00e5 nettstedet (bankkort, bankoverf\u00f8ring, sikre betalingstjenester osv.).<\/span><\/p>\n<p data-start=\"2699\" data-end=\"2848\"><span dir=\"auto\">Betalinger behandles via\u00a0<\/span><strong data-start=\"2768\" data-end=\"2779\"><span dir=\"auto\">PCI-DSS-<\/span><\/strong><span dir=\"auto\">\u00a0kompatible leverand\u00f8rer .<\/span><br data-start=\"2780\" data-end=\"2783\" \/><span dir=\"auto\">Vedtilventeren lagrer ingen kredittkortdata.<\/span><\/p>\n<hr data-start=\"2850\" data-end=\"2853\" \/>\n<h2 data-start=\"636\" data-end=\"655\"><strong data-start=\"639\" data-end=\"655\"><span dir=\"auto\">7. Levering<\/span><\/strong><\/h2>\n<h3 data-start=\"657\" data-end=\"690\"><strong data-start=\"661\" data-end=\"688\"><span dir=\"auto\">7.1 Leveringstider<\/span><\/strong><\/h3>\n<p data-start=\"691\" data-end=\"865\"><span dir=\"auto\">Etter ordrebehandling (2 til 3 virkedager) leveres produktene innen en estimert tid p\u00e5\u00a0<\/span><strong data-start=\"794\" data-end=\"816\"><span dir=\"auto\">5 til 8 virkedager,<\/span><\/strong><span dir=\"auto\">\u00a0avhengig av destinasjon og transport\u00f8r.<\/span><\/p>\n<h3 data-start=\"867\" data-end=\"899\"><strong data-start=\"871\" data-end=\"897\"><span dir=\"auto\">7.2 Leveringskostnader<\/span><\/strong><\/h3>\n<p data-start=\"900\" data-end=\"990\"><span dir=\"auto\">Levering\u00a0<\/span><strong data-start=\"903\" data-end=\"963\"><span dir=\"auto\">er helt gratis i hele Norge<\/span><\/strong><span dir=\"auto\">\u00a0, uten minimumsbestilling.<\/span><\/p>\n<h3 data-start=\"992\" data-end=\"1015\"><strong data-start=\"996\" data-end=\"1013\"><span dir=\"auto\">7.3 Resepsjon<\/span><\/strong><\/h3>\n<p data-start=\"1016\" data-end=\"1215\"><span dir=\"auto\">Kunden er ansvarlig for \u00e5 sjekke pakkens tilstand ved levering.<\/span><br data-start=\"1091\" data-end=\"1094\" \/><span dir=\"auto\">Eventuelle skader eller avvik m\u00e5 rapporteres innen rimelig tid, med st\u00f8ttende bilder, til:<\/span><br data-start=\"1179\" data-end=\"1182\" \/><span dir=\"auto\">\ud83d\udce7\u00a0<\/span><strong data-start=\"1185\" data-end=\"1215\"><a class=\"decorated-link cursor-pointer\" rel=\"noopener\" data-start=\"1187\" data-end=\"1213\"><span dir=\"auto\">kontakt@vedtilventeren.com<\/span><\/a><\/strong><\/p>\n<hr data-start=\"3406\" data-end=\"3409\" \/>\n<h2 data-start=\"3411\" data-end=\"3456\"><strong data-start=\"3414\" data-end=\"3454\"><span dir=\"auto\">8. Angrerett\u00a0<\/span><\/strong><\/h2>\n<p data-start=\"3457\" data-end=\"3638\"><span dir=\"auto\">I samsvar med\u00a0<\/span><strong data-start=\"3475\" data-end=\"3540\"><span dir=\"auto\">angrerettloven<\/span><\/strong><span dir=\"auto\">\u00a0har forbrukeren\u00a0<\/span><strong data-start=\"3576\" data-end=\"3588\"><span dir=\"auto\">14 dager<\/span><\/strong><span dir=\"auto\">\u00a0til \u00e5 angre kj\u00f8pet sitt\u00a0<\/span><strong data-start=\"3615\" data-end=\"3637\"><span dir=\"auto\">uten \u00e5 oppgi grunn<\/span><\/strong><span dir=\"auto\">\u00a0.<\/span><\/p>\n<h3 data-start=\"3640\" data-end=\"3687\"><strong data-start=\"3644\" data-end=\"3683\"><span dir=\"auto\">Unntak fra angreretten<\/span><\/strong><span dir=\"auto\">\u00a0:<\/span><\/h3>\n<ul data-start=\"3688\" data-end=\"3822\">\n<li data-start=\"3688\" data-end=\"3728\">\n<p data-start=\"3690\" data-end=\"3728\"><span dir=\"auto\">produkter installert eller tilpasset<\/span><\/p>\n<\/li>\n<li data-start=\"3729\" data-end=\"3764\">\n<p data-start=\"3731\" data-end=\"3764\"><span dir=\"auto\">varer som er skadet av kunden,<\/span><\/p>\n<\/li>\n<li data-start=\"3765\" data-end=\"3822\">\n<p data-start=\"3767\" data-end=\"3822\"><span dir=\"auto\">Varene ble kraftig skadet etter montering.<\/span><\/p>\n<\/li>\n<\/ul>\n<p data-start=\"3824\" data-end=\"3899\"><span dir=\"auto\">For \u00e5 ut\u00f8ve angreretten din:<\/span><br data-start=\"3863\" data-end=\"3866\" \/><span dir=\"auto\">\ud83d\udce7\u00a0<\/span><strong data-start=\"3869\" data-end=\"3899\"><a class=\"decorated-link cursor-pointer\" rel=\"noopener\" data-start=\"3871\" data-end=\"3897\"><span dir=\"auto\">kontakt@vedtilventeren.com<\/span><\/a><\/strong><\/p>\n<p data-start=\"3901\" data-end=\"3990\"><span dir=\"auto\">Refusjonen vil bli utstedt innen 14 dager etter mottak av det returnerte produktet.<\/span><\/p>\n<hr data-start=\"3992\" data-end=\"3995\" \/>\n<h2 data-start=\"3997\" data-end=\"4018\"><strong data-start=\"4000\" data-end=\"4016\"><span dir=\"auto\">9. Garantier<\/span><\/strong><\/h2>\n<p data-start=\"4019\" data-end=\"4060\"><span dir=\"auto\">Produktene som selges er dekket av:<\/span><\/p>\n<ul data-start=\"4061\" data-end=\"4175\">\n<li data-start=\"4061\" data-end=\"4122\">\n<p data-start=\"4063\" data-end=\"4122\"><span dir=\"auto\">den\u00a0<\/span><strong data-start=\"4066\" data-end=\"4097\"><span dir=\"auto\">norske juridiske garantien<\/span><\/strong><span dir=\"auto\">\u00a0(Forbrukerkj\u00f8psloven),<\/span><\/p>\n<\/li>\n<li data-start=\"4123\" data-end=\"4175\">\n<p data-start=\"4125\" data-end=\"4175\"><span dir=\"auto\">Produsentgarantier, der de finnes.<\/span><\/p>\n<\/li>\n<\/ul>\n<p data-start=\"4177\" data-end=\"4206\"><span dir=\"auto\">Garantien dekker ikke:<\/span><\/p>\n<ul data-start=\"4207\" data-end=\"4317\">\n<li data-start=\"4207\" data-end=\"4236\">\n<p data-start=\"4209\" data-end=\"4236\"><span dir=\"auto\">misbruke<\/span><\/p>\n<\/li>\n<li data-start=\"4237\" data-end=\"4298\">\n<p data-start=\"4239\" data-end=\"4298\"><span dir=\"auto\">feil installasjon utf\u00f8rt av en ukvalifisert person<\/span><\/p>\n<\/li>\n<li data-start=\"4299\" data-end=\"4317\">\n<p data-start=\"4301\" data-end=\"4317\"><span dir=\"auto\">normal slitasje.<\/span><\/p>\n<\/li>\n<\/ul>\n<hr data-start=\"4319\" data-end=\"4322\" \/>\n<h2 data-start=\"4324\" data-end=\"4360\"><strong data-start=\"4327\" data-end=\"4358\"><span dir=\"auto\">10. Returer og reklamasjoner<\/span><\/strong><\/h2>\n<p data-start=\"4361\" data-end=\"4442\"><span dir=\"auto\">For eventuelle sp\u00f8rsm\u00e5l:<\/span><br data-start=\"4381\" data-end=\"4384\" \/><span dir=\"auto\">\ud83d\udce7\u00a0<\/span><strong data-start=\"4387\" data-end=\"4417\"><a class=\"decorated-link cursor-pointer\" rel=\"noopener\" data-start=\"4389\" data-end=\"4415\"><span dir=\"auto\">kontakt@vedtilventeren.com<\/span><\/a><\/strong><br data-start=\"4417\" data-end=\"4420\" \/><span dir=\"auto\">\u260e\ufe0f\u00a0<\/span><strong data-start=\"4423\" data-end=\"4442\"><span dir=\"auto\">+47 22 04 03 10<\/span><\/strong><\/p>\n<p data-start=\"4444\" data-end=\"4470\"><span dir=\"auto\">Kunden m\u00e5 oppgi:<\/span><\/p>\n<ul data-start=\"4471\" data-end=\"4558\">\n<li data-start=\"4471\" data-end=\"4497\">\n<p data-start=\"4473\" data-end=\"4497\"><span dir=\"auto\">ordrenummeret,<\/span><\/p>\n<\/li>\n<li data-start=\"4498\" data-end=\"4530\">\n<p data-start=\"4500\" data-end=\"4530\"><span dir=\"auto\">en beskrivelse av problemet,<\/span><\/p>\n<\/li>\n<li data-start=\"4531\" data-end=\"4558\">\n<p data-start=\"4533\" data-end=\"4558\"><span dir=\"auto\">Bilder om n\u00f8dvendig.<\/span><\/p>\n<\/li>\n<\/ul>\n<p data-start=\"4560\" data-end=\"4670\"><span dir=\"auto\">Vedtilventeren er forpliktet til \u00e5 behandle klager innen rimelig tid i samsvar med norsk lov.<\/span><\/p>\n<hr data-start=\"4672\" data-end=\"4675\" \/>\n<h2 data-start=\"4677\" data-end=\"4704\"><strong data-start=\"4680\" data-end=\"4702\"><span dir=\"auto\">11. Ansvar<\/span><\/strong><\/h2>\n<p data-start=\"4705\" data-end=\"4768\"><span dir=\"auto\">Vedtilventeren er ikke ansvarlig for skader som f\u00f8lge av:<\/span><\/p>\n<ul data-start=\"4769\" data-end=\"4924\">\n<li data-start=\"4769\" data-end=\"4797\">\n<p data-start=\"4771\" data-end=\"4797\"><span dir=\"auto\">av feil bruk,<\/span><\/p>\n<\/li>\n<li data-start=\"4798\" data-end=\"4832\">\n<p data-start=\"4800\" data-end=\"4832\"><span dir=\"auto\">p\u00e5 grunn av feil installasjon,<\/span><\/p>\n<\/li>\n<li data-start=\"4833\" data-end=\"4865\">\n<p data-start=\"4835\" data-end=\"4865\"><span dir=\"auto\">produktmodifikasjoner,<\/span><\/p>\n<\/li>\n<li data-start=\"4866\" data-end=\"4924\">\n<p data-start=\"4868\" data-end=\"4924\"><span dir=\"auto\">hendelser utenfor dens kontroll (force majeure).<\/span><\/p>\n<\/li>\n<\/ul>\n<hr data-start=\"4926\" data-end=\"4929\" \/>\n<h2 data-start=\"4931\" data-end=\"4957\"><strong data-start=\"4934\" data-end=\"4955\"><span dir=\"auto\">12. Force majeure<\/span><\/strong><\/h2>\n<p data-start=\"4958\" data-end=\"5158\"><span dir=\"auto\">Dersom det oppst\u00e5r en hendelse som hindrer normal gjennomf\u00f8ring av kontrakten (brann, katastrofe, streik, havari, krig, leverand\u00f8ravbrudd osv.), kan Vedtilventeren suspendere eller kansellere bestillingen uten kompensasjon.<\/span><\/p>\n<hr data-start=\"5160\" data-end=\"5163\" \/>\n<h2 data-start=\"5165\" data-end=\"5198\"><strong data-start=\"5168\" data-end=\"5196\"><span dir=\"auto\">13. Personopplysninger<\/span><\/strong><\/h2>\n<p data-start=\"5199\" data-end=\"5325\"><span dir=\"auto\">Data behandles i samsvar med norsk lov og GDPR.<\/span><br data-start=\"5278\" data-end=\"5281\" \/><span dir=\"auto\">Se v\u00e5r\u00a0<\/span><strong data-start=\"5292\" data-end=\"5324\"><span dir=\"auto\">personvernerkl\u00e6ring<\/span><\/strong><span dir=\"auto\">\u00a0.<\/span><\/p>\n<hr data-start=\"5327\" data-end=\"5330\" \/>\n<h2 data-start=\"5332\" data-end=\"5369\"><strong data-start=\"5335\" data-end=\"5367\"><span dir=\"auto\">14. Immaterielle rettigheter<\/span><\/strong><\/h2>\n<p data-start=\"5370\" data-end=\"5540\"><span dir=\"auto\">Alt innhold p\u00e5 dette nettstedet (tekster, bilder, logoer, beskrivelser) tilh\u00f8rer Vedtilventeren eller dets partnere.<\/span><br data-start=\"5486\" data-end=\"5489\" \/><span dir=\"auto\">All reproduksjon uten tillatelse er forbudt.<\/span><\/p>\n<hr data-start=\"5542\" data-end=\"5545\" \/>\n<h2 data-start=\"5547\" data-end=\"5587\"><strong data-start=\"5550\" data-end=\"5585\"><span dir=\"auto\">15. Gjeldende lov og tvister<\/span><\/strong><\/h2>\n<p data-start=\"5588\" data-end=\"5739\"><span dir=\"auto\">Disse vilk\u00e5rene og betingelsene er underlagt\u00a0<\/span><strong data-start=\"5625\" data-end=\"5644\"><span dir=\"auto\">norsk lov<\/span><\/strong><span dir=\"auto\">\u00a0.<\/span><br data-start=\"5645\" data-end=\"5648\" \/><span dir=\"auto\">Ved tvist som ikke kan l\u00f8ses minnelig, skal de norske domstolene i Oslo ha jurisdiksjon.<\/span><\/p>\n<p data-start=\"5741\" data-end=\"5851\"><span dir=\"auto\">Forbrukere kan ogs\u00e5 kontakte:<\/span><br data-start=\"5785\" data-end=\"5788\" \/><strong data-start=\"5788\" data-end=\"5850\"><span dir=\"auto\">Forbrukertilsynet<\/span><\/strong><span dir=\"auto\">\u00a0.<\/span><\/p>\t\t\t\t\t\t\t\t<\/div>\n\t\t\t\t\t<\/div>\n\t\t\t\t<\/div>\n\t\t\t\t<\/div>","protected":false},"excerpt":{"rendered":"<p>GENERELLE SALGSVILK\u00c5R OG BETINGELSER\u00a0 Generelle vilk\u00e5r og betingelser for bruk av nettstedet vedtilventeren.com 1. Selskapsinformasjon Vedtilventeren\u00a0\u2013 et datterselskap av\u00a0Norprodukter.Organisasjonsnummer:\u00a0972 361<\/p>","protected":false},"author":1,"featured_media":0,"parent":0,"menu_order":0,"comment_status":"closed","ping_status":"closed","template":"","meta":{"footnotes":""},"class_list":["post-2241","page","type-page","status-publish","hentry"],"_hostinger_reach_plugin_has_subscription_block":false,"_hostinger_reach_plugin_is_elementor":false,"jetpack_sharing_enabled":true,"_links":{"self":[{"href":"https:\/\/vedtilventeren.com\/fr\/wp-json\/wp\/v2\/pages\/2241","targetHints":{"allow":["GET"]}}],"collection":[{"href":"https:\/\/vedtilventeren.com\/fr\/wp-json\/wp\/v2\/pages"}],"about":[{"href":"https:\/\/vedtilventeren.com\/fr\/wp-json\/wp\/v2\/types\/page"}],"author":[{"embeddable":true,"href":"https:\/\/vedtilventeren.com\/fr\/wp-json\/wp\/v2\/users\/1"}],"replies":[{"embeddable":true,"href":"https:\/\/vedtilventeren.com\/fr\/wp-json\/wp\/v2\/comments?post=2241"}],"version-history":[{"count":22,"href":"https:\/\/vedtilventeren.com\/fr\/wp-json\/wp\/v2\/pages\/2241\/revisions"}],"predecessor-version":[{"id":2264,"href":"https:\/\/vedtilventeren.com\/fr\/wp-json\/wp\/v2\/pages\/2241\/revisions\/2264"}],"wp:attachment":[{"href":"https:\/\/vedtilventeren.com\/fr\/wp-json\/wp\/v2\/media?parent=2241"}],"curies":[{"name":"wp","href":"https:\/\/api.w.org\/{rel}","templated":true}]}}