{"id":2280,"date":"2025-11-30T18:37:09","date_gmt":"2025-11-30T17:37:09","guid":{"rendered":"https:\/\/meca-remorque.com\/?page_id=2280"},"modified":"2025-11-30T19:04:12","modified_gmt":"2025-11-30T18:04:12","slug":"leveranse","status":"publish","type":"page","link":"https:\/\/vedtilventeren.com\/fr\/leveranse\/","title":{"rendered":"Leveranse"},"content":{"rendered":"<div data-elementor-type=\"wp-page\" data-elementor-id=\"2280\" class=\"elementor elementor-2280\" data-elementor-post-type=\"page\">\n\t\t\t\t<div data-particle_enable=\"false\" data-particle-mobile-disabled=\"false\" class=\"wd-negative-gap elementor-element elementor-element-4895a50d e-flex e-con-boxed e-con e-parent\" data-id=\"4895a50d\" data-element_type=\"container\" data-e-type=\"container\">\n\t\t\t\t\t<div class=\"e-con-inner\">\n\t\t\t\t<div class=\"elementor-element elementor-element-7a8e9fec color-scheme-inherit text-left elementor-widget elementor-widget-text-editor\" data-id=\"7a8e9fec\" data-element_type=\"widget\" data-e-type=\"widget\" data-widget_type=\"text-editor.default\">\n\t\t\t\t\t\t\t\t\t\n<div class=\"wd-page-content main-page-wrapper\"><main id=\"main-content\" class=\"wd-content-layout content-layout-wrapper container wd-sidebar-hidden-md-sm wd-sidebar-hidden-sm\" role=\"main\">\n<div class=\"wd-content-area site-content\">\n<article id=\"post-12\" class=\"entry-content post-12 page type-page status-publish hentry\">\n<div class=\"elementor elementor-12\" data-elementor-type=\"wp-page\" data-elementor-id=\"12\" data-elementor-post-type=\"page\">\n<div class=\"wd-negative-gap elementor-element elementor-element-4895a50d e-flex e-con-boxed e-con e-parent e-lazyloaded\" data-particle_enable=\"false\" data-particle-mobile-disabled=\"false\" data-id=\"4895a50d\" data-element_type=\"container\">\n<div class=\"e-con-inner\">\n<div class=\"elementor-element elementor-element-7a8e9fec color-scheme-inherit text-left elementor-widget elementor-widget-text-editor\" data-id=\"7a8e9fec\" data-element_type=\"widget\" data-widget_type=\"text-editor.default\">\n<h1 data-start=\"224\" data-end=\"269\"><strong data-start=\"226\" data-end=\"269\"><span dir=\"auto\">LEVERANSE\u00a0<\/span><\/strong><\/h1>\n<p data-start=\"271\" data-end=\"519\"><span dir=\"auto\">Hos\u00a0<\/span><strong data-start=\"276\" data-end=\"294\"><span dir=\"auto\">Vedtilventeren<\/span><\/strong><span dir=\"auto\">\u00a0, et datterselskap av\u00a0<\/span><strong data-start=\"311\" data-end=\"361\"><span dir=\"auto\">Norprodukter (Organisasjonsnummer 972 361 437)<\/span><\/strong><span dir=\"auto\">\u00a0, gj\u00f8r vi v\u00e5rt ytterste for \u00e5 sikre p\u00e5litelig, rask og sikker levering av v\u00e5re varmeprodukter, ovner og tilbeh\u00f8r i hele Norge.<\/span><\/p>\n<p data-start=\"521\" data-end=\"619\"><span dir=\"auto\">Denne leveringspolicyen gjelder for alle bestillinger som legges inn p\u00e5\u00a0<\/span><strong data-start=\"596\" data-end=\"618\"><span dir=\"auto\">vedtilventeren.com<\/span><\/strong><span dir=\"auto\">\u00a0.<\/span><\/p>\n<hr data-start=\"621\" data-end=\"624\" \/>\n<h2 data-start=\"626\" data-end=\"654\"><strong data-start=\"629\" data-end=\"654\"><span dir=\"auto\">1. Leveringssoner<\/span><\/strong><\/h2>\n<p data-start=\"655\" data-end=\"706\"><span dir=\"auto\">Vi leverer\u00a0<\/span><strong data-start=\"668\" data-end=\"693\"><span dir=\"auto\">over hele Norge<\/span><\/strong><span dir=\"auto\">\u00a0, inkludert:<\/span><\/p>\n<ul data-start=\"708\" data-end=\"868\">\n<li data-start=\"708\" data-end=\"739\">\n<p data-start=\"710\" data-end=\"739\"><span dir=\"auto\">S\u00f8r- og sentrum av landet<\/span><\/p>\n<\/li>\n<li data-start=\"740\" data-end=\"763\">\n<p data-start=\"742\" data-end=\"763\"><span dir=\"auto\">Landlige omr\u00e5der<\/span><\/p>\n<\/li>\n<li data-start=\"764\" data-end=\"813\">\n<p data-start=\"766\" data-end=\"813\">Les zones du nord (Nordland, Troms, Finnmark)<\/p>\n<\/li>\n<li data-start=\"814\" data-end=\"868\">\n<p data-start=\"816\" data-end=\"868\"><span dir=\"auto\">\u00d8yene er tilgjengelige via partnerselskaper.<\/span><\/p>\n<\/li>\n<\/ul>\n<p data-start=\"870\" data-end=\"931\"><span dir=\"auto\">\ud83d\udce6\u00a0<\/span><strong data-start=\"873\" data-end=\"931\"><span dir=\"auto\">Levering er 100 % GRATIS i hele Norge.<\/span><\/strong><\/p>\n<hr data-start=\"933\" data-end=\"936\" \/>\n<h2 data-start=\"938\" data-end=\"968\"><strong data-start=\"941\" data-end=\"968\"><span dir=\"auto\">2. Behandlingstider<\/span><\/strong><\/h2>\n<p data-start=\"969\" data-end=\"1005\"><span dir=\"auto\">Etter at bestillingen din er validert:<\/span><\/p>\n<ul data-start=\"1007\" data-end=\"1053\">\n<li data-start=\"1007\" data-end=\"1053\">\n<p data-start=\"1009\" data-end=\"1053\"><strong data-start=\"1009\" data-end=\"1053\"><span dir=\"auto\">Behandlingstid: 2 til 3 virkedager<\/span><\/strong><\/p>\n<\/li>\n<\/ul>\n<p data-start=\"1055\" data-end=\"1166\"><span dir=\"auto\">I l\u00f8pet av denne perioden forbereder, kontrollerer og pakker vi produktene dine n\u00f8ye f\u00f8r forsendelse.<\/span><\/p>\n<hr data-start=\"1168\" data-end=\"1171\" \/>\n<h2 data-start=\"1173\" data-end=\"1202\"><strong data-start=\"1176\" data-end=\"1202\"><span dir=\"auto\">3. Leveringstider<\/span><\/strong><\/h2>\n<p data-start=\"1203\" data-end=\"1274\"><span dir=\"auto\">N\u00e5r bestillingen er sendt, er gjennomsnittlig leveringstid:<\/span><\/p>\n<ul data-start=\"1276\" data-end=\"1300\">\n<li data-start=\"1276\" data-end=\"1300\">\n<p data-start=\"1278\" data-end=\"1300\"><strong data-start=\"1278\" data-end=\"1300\"><span dir=\"auto\">5 til 8 virkedager<\/span><\/strong><\/p>\n<\/li>\n<\/ul>\n<p data-start=\"1302\" data-end=\"1463\"><span dir=\"auto\">Disse leveringstidene kan variere noe avhengig av sted, produktst\u00f8rrelse (f.eks. store panner eller apparater) og \u00e5rstid.<\/span><\/p>\n<hr data-start=\"1465\" data-end=\"1468\" \/>\n<h2 data-start=\"1470\" data-end=\"1493\"><strong data-start=\"1473\" data-end=\"1493\"><span dir=\"auto\">4. Transport\u00f8rer<\/span><\/strong><\/h2>\n<p data-start=\"1494\" data-end=\"1597\"><span dir=\"auto\">Vi samarbeider med anerkjente transport\u00f8rer i Norge for \u00e5 garantere p\u00e5litelig service, som for eksempel:<\/span><\/p>\n<ul data-start=\"1599\" data-end=\"1668\">\n<li data-start=\"1599\" data-end=\"1608\">\n<p data-start=\"1601\" data-end=\"1608\"><span dir=\"auto\">Bringe<\/span><\/p>\n<\/li>\n<li data-start=\"1609\" data-end=\"1625\">\n<p data-start=\"1611\" data-end=\"1625\">Posten Norge<\/p>\n<\/li>\n<li data-start=\"1626\" data-end=\"1668\">\n<p data-start=\"1628\" data-end=\"1668\"><span dir=\"auto\">DHL \/ Schenker (for store pakker)<\/span><\/p>\n<\/li>\n<\/ul>\n<p data-start=\"1670\" data-end=\"1724\"><span dir=\"auto\">Valg av transport\u00f8r avhenger av pakkens art.<\/span><\/p>\n<hr data-start=\"1726\" data-end=\"1729\" \/>\n<h2 data-start=\"1731\" data-end=\"1758\"><strong data-start=\"1734\" data-end=\"1758\"><span dir=\"auto\">5. Ordresporing<\/span><\/strong><\/h2>\n<p data-start=\"1759\" data-end=\"1793\"><span dir=\"auto\">N\u00e5r bestillingen din er sendt:<\/span><\/p>\n<ul data-start=\"1795\" data-end=\"1938\">\n<li data-start=\"1795\" data-end=\"1853\">\n<p data-start=\"1797\" data-end=\"1853\"><span dir=\"auto\">Du vil motta en\u00a0<\/span><strong data-start=\"1813\" data-end=\"1851\"><span dir=\"auto\">e-post med bekreftelse p\u00e5 levering<\/span><\/strong><\/p>\n<\/li>\n<li data-start=\"1854\" data-end=\"1938\">\n<p data-start=\"1856\" data-end=\"1938\"><span dir=\"auto\">Du vil f\u00e5 et\u00a0<\/span><strong data-start=\"1859\" data-end=\"1878\"><span dir=\"auto\">sporingsnummer<\/span><\/strong><span dir=\"auto\">\u00a0slik at du kan spore pakken din i sanntid.<\/span><\/p>\n<\/li>\n<\/ul>\n<p data-start=\"1940\" data-end=\"2028\"><span dir=\"auto\">Hvis sporingen ikke oppdateres umiddelbart, er dette normalt i l\u00f8pet av de f\u00f8rste 24 timene.<\/span><\/p>\n<hr data-start=\"2030\" data-end=\"2033\" \/>\n<h2 data-start=\"2035\" data-end=\"2078\"><strong data-start=\"2038\" data-end=\"2078\"><span dir=\"auto\">6. Levering av store varer<\/span><\/strong><\/h2>\n<p data-start=\"2079\" data-end=\"2129\"><span dir=\"auto\">For tunge ovner og varmeapparater:<\/span><\/p>\n<ul data-start=\"2131\" data-end=\"2326\">\n<li data-start=\"2131\" data-end=\"2188\">\n<p data-start=\"2133\" data-end=\"2188\"><span dir=\"auto\">Levering skjer vanligvis\u00a0<\/span><strong data-start=\"2167\" data-end=\"2186\"><span dir=\"auto\">etter avtale.<\/span><\/strong><\/p>\n<\/li>\n<li data-start=\"2189\" data-end=\"2247\">\n<p data-start=\"2191\" data-end=\"2247\"><span dir=\"auto\">Transport\u00f8ren kan kontakte deg for \u00e5 avtale dato<\/span><\/p>\n<\/li>\n<li data-start=\"2248\" data-end=\"2326\">\n<p data-start=\"2250\" data-end=\"2326\"><span dir=\"auto\">Produktet leveres\u00a0<\/span><strong data-start=\"2271\" data-end=\"2305\"><span dir=\"auto\">til foten av bygningen\/huset<\/span><\/strong><span dir=\"auto\">\u00a0(norsk standard).<\/span><\/p>\n<\/li>\n<\/ul>\n<p data-start=\"2328\" data-end=\"2418\"><span dir=\"auto\">For installasjon hjemme kan det anbefales en spesialisttjeneste (ikke inkludert).<\/span><\/p>\n<hr data-start=\"2420\" data-end=\"2423\" \/>\n<h2 data-start=\"2425\" data-end=\"2453\"><strong data-start=\"2428\" data-end=\"2453\"><span dir=\"auto\">7. Mottak av pakken<\/span><\/strong><\/h2>\n<p data-start=\"2454\" data-end=\"2476\"><span dir=\"auto\">Ved ankomst:<\/span><\/p>\n<ul data-start=\"2478\" data-end=\"2639\">\n<li data-start=\"2478\" data-end=\"2506\">\n<p data-start=\"2480\" data-end=\"2506\"><span dir=\"auto\">Sjekk pakkens tilstand<\/span><\/p>\n<\/li>\n<li data-start=\"2507\" data-end=\"2570\">\n<p data-start=\"2509\" data-end=\"2570\"><span dir=\"auto\">Rapporter eventuelle synlige skader umiddelbart til transport\u00f8ren.<\/span><\/p>\n<\/li>\n<li data-start=\"2571\" data-end=\"2639\">\n<p data-start=\"2573\" data-end=\"2639\"><span dir=\"auto\">Kontakt oss innen 48 timer med bilder hvis det oppst\u00e5r et problem.<\/span><\/p>\n<\/li>\n<\/ul>\n<p data-start=\"2641\" data-end=\"2704\"><span dir=\"auto\">Dette gj\u00f8r at vi kan aktivere transportforsikring om n\u00f8dvendig.<\/span><\/p>\n<hr data-start=\"2706\" data-end=\"2709\" \/>\n<h2 data-start=\"2711\" data-end=\"2741\"><strong data-start=\"2714\" data-end=\"2741\"><span dir=\"auto\">8. Leveringsforsinkelser<\/span><\/strong><\/h2>\n<p data-start=\"2742\" data-end=\"2798\"><span dir=\"auto\">Selv om det er sjeldent, kan forsinkelser oppst\u00e5 i tilfeller av:<\/span><\/p>\n<ul data-start=\"2800\" data-end=\"2961\">\n<li data-start=\"2800\" data-end=\"2842\">\n<p data-start=\"2802\" data-end=\"2842\"><span dir=\"auto\">Ekstreme norske v\u00e6rforhold<\/span><\/p>\n<\/li>\n<li data-start=\"2843\" data-end=\"2892\">\n<p data-start=\"2845\" data-end=\"2892\"><span dir=\"auto\">Perioder med h\u00f8y aktivitet (november\u2013januar)<\/span><\/p>\n<\/li>\n<li data-start=\"2893\" data-end=\"2917\">\n<p data-start=\"2895\" data-end=\"2917\"><span dir=\"auto\">Isolerte reisem\u00e5l<\/span><\/p>\n<\/li>\n<li data-start=\"2918\" data-end=\"2961\">\n<p data-start=\"2920\" data-end=\"2961\"><span dir=\"auto\">Transport\u00f8rens logistiske begrensninger<\/span><\/p>\n<\/li>\n<\/ul>\n<p data-start=\"2963\" data-end=\"3033\"><span dir=\"auto\">Ved vesentlig forsinkelse vil kundeservicen v\u00e5r holde deg informert.<\/span><\/p>\n<hr data-start=\"3035\" data-end=\"3038\" \/>\n<h2 data-start=\"3040\" data-end=\"3082\"><strong data-start=\"3043\" data-end=\"3082\"><span dir=\"auto\">9. Feil eller ufullstendig adresse<\/span><\/strong><\/h2>\n<p data-start=\"3083\" data-end=\"3134\"><span dir=\"auto\">Hvis den oppgitte adressen er feil eller ufullstendig:<\/span><\/p>\n<ul data-start=\"3136\" data-end=\"3255\">\n<li data-start=\"3136\" data-end=\"3170\">\n<p data-start=\"3138\" data-end=\"3170\"><span dir=\"auto\">Bestillingen kan bli forsinket.<\/span><\/p>\n<\/li>\n<li data-start=\"3171\" data-end=\"3255\">\n<p data-start=\"3173\" data-end=\"3255\"><span dir=\"auto\">Ny forsendelse kan medf\u00f8re tilleggskostnader (avhengig av transport\u00f8ren).<\/span><\/p>\n<\/li>\n<\/ul>\n<p data-start=\"3257\" data-end=\"3326\"><span dir=\"auto\">Vennligst sjekk informasjonen din n\u00f8ye n\u00e5r du bestiller.<\/span><\/p>\n<hr data-start=\"3328\" data-end=\"3331\" \/>\n<h2 data-start=\"3333\" data-end=\"3378\"><strong data-start=\"3336\" data-end=\"3378\"><span dir=\"auto\">10. Kontakt \u2013 Kundeservicelevering<\/span><\/strong><\/h2>\n<p data-start=\"3379\" data-end=\"3490\"><span dir=\"auto\">Hvis du har sp\u00f8rsm\u00e5l ang\u00e5ende levering, sporing eller problemer med \u00e5 motta bestillingen din, kan du kontakte oss:<\/span><\/p>\n<p data-start=\"3492\" data-end=\"3598\">\ud83d\udce7\u00a0<strong data-start=\"3495\" data-end=\"3525\"><a class=\"decorated-link cursor-pointer\" rel=\"noopener\" data-start=\"3497\" data-end=\"3523\">kontakt@vedtilventeren.com<\/a><\/strong><br data-start=\"3525\" data-end=\"3528\" \/>\u260e\ufe0f\u00a0<strong data-start=\"3531\" data-end=\"3550\">+47 22 04 03 10<\/strong><br data-start=\"3550\" data-end=\"3553\" \/>\ud83d\udccd\u00a0<strong data-start=\"3556\" data-end=\"3598\">\u00d8vre Slottsgate 27, 0157 Oslo, Norv\u00e8ge<\/strong><\/p>\n<p data-start=\"3600\" data-end=\"3671\"><span dir=\"auto\">V\u00e5re \u00e5pningstider:<\/span><br data-start=\"3614\" data-end=\"3617\" \/><strong data-start=\"3617\" data-end=\"3646\"><span dir=\"auto\">Mandag\u2013fredag: 9.00 til 18.00<\/span><\/strong><br data-start=\"3646\" data-end=\"3649\" \/><strong data-start=\"3649\" data-end=\"3671\"><span dir=\"auto\">L\u00f8rdag: 10.00 til 16.00<\/span><\/strong><\/p>\n<\/div>\n<\/div>\n<\/div>\n<\/div>\n<\/article>\n<\/div>\n<\/main><\/div>\n\t\t\t\t\t\t\t\t<\/div>\n\t\t\t\t\t<\/div>\n\t\t\t\t<\/div>\n\t\t\t\t<\/div>","protected":false},"excerpt":{"rendered":"<p>LEVERANSE\u00a0 Hos\u00a0Vedtilventeren\u00a0, et datterselskap av\u00a0Norprodukter (Organisasjonsnummer 972 361 437)\u00a0, gj\u00f8r vi v\u00e5rt ytterste for \u00e5 sikre p\u00e5litelig, rask og sikker<\/p>","protected":false},"author":1,"featured_media":0,"parent":0,"menu_order":0,"comment_status":"closed","ping_status":"closed","template":"","meta":{"footnotes":""},"class_list":["post-2280","page","type-page","status-publish","hentry"],"_hostinger_reach_plugin_has_subscription_block":false,"_hostinger_reach_plugin_is_elementor":false,"jetpack_sharing_enabled":true,"_links":{"self":[{"href":"https:\/\/vedtilventeren.com\/fr\/wp-json\/wp\/v2\/pages\/2280","targetHints":{"allow":["GET"]}}],"collection":[{"href":"https:\/\/vedtilventeren.com\/fr\/wp-json\/wp\/v2\/pages"}],"about":[{"href":"https:\/\/vedtilventeren.com\/fr\/wp-json\/wp\/v2\/types\/page"}],"author":[{"embeddable":true,"href":"https:\/\/vedtilventeren.com\/fr\/wp-json\/wp\/v2\/users\/1"}],"replies":[{"embeddable":true,"href":"https:\/\/vedtilventeren.com\/fr\/wp-json\/wp\/v2\/comments?post=2280"}],"version-history":[{"count":9,"href":"https:\/\/vedtilventeren.com\/fr\/wp-json\/wp\/v2\/pages\/2280\/revisions"}],"predecessor-version":[{"id":2289,"href":"https:\/\/vedtilventeren.com\/fr\/wp-json\/wp\/v2\/pages\/2280\/revisions\/2289"}],"wp:attachment":[{"href":"https:\/\/vedtilventeren.com\/fr\/wp-json\/wp\/v2\/media?parent=2280"}],"curies":[{"name":"wp","href":"https:\/\/api.w.org\/{rel}","templated":true}]}}