{"id":2290,"date":"2025-11-30T18:46:23","date_gmt":"2025-11-30T17:46:23","guid":{"rendered":"https:\/\/meca-remorque.com\/?page_id=2290"},"modified":"2025-11-30T19:04:29","modified_gmt":"2025-11-30T18:04:29","slug":"sikker-betaling","status":"publish","type":"page","link":"https:\/\/vedtilventeren.com\/fr\/sikker-betaling\/","title":{"rendered":"Sikker betaling"},"content":{"rendered":"<div data-elementor-type=\"wp-page\" data-elementor-id=\"2290\" class=\"elementor elementor-2290\" data-elementor-post-type=\"page\">\n\t\t\t\t<div data-particle_enable=\"false\" data-particle-mobile-disabled=\"false\" class=\"wd-negative-gap elementor-element elementor-element-4895a50d e-flex e-con-boxed e-con e-parent\" data-id=\"4895a50d\" data-element_type=\"container\" data-e-type=\"container\">\n\t\t\t\t\t<div class=\"e-con-inner\">\n\t\t\t\t<div class=\"elementor-element elementor-element-7a8e9fec color-scheme-inherit text-left elementor-widget elementor-widget-text-editor\" data-id=\"7a8e9fec\" data-element_type=\"widget\" data-e-type=\"widget\" data-widget_type=\"text-editor.default\">\n\t\t\t\t\t\t\t\t\t\n<div class=\"wd-page-content main-page-wrapper\"><main id=\"main-content\" class=\"wd-content-layout content-layout-wrapper container wd-sidebar-hidden-md-sm wd-sidebar-hidden-sm\" role=\"main\">\n<div class=\"wd-content-area site-content\">\n<article id=\"post-12\" class=\"entry-content post-12 page type-page status-publish hentry\">\n<div class=\"elementor elementor-12\" data-elementor-type=\"wp-page\" data-elementor-id=\"12\" data-elementor-post-type=\"page\">\n<div class=\"wd-negative-gap elementor-element elementor-element-4895a50d e-flex e-con-boxed e-con e-parent e-lazyloaded\" data-particle_enable=\"false\" data-particle-mobile-disabled=\"false\" data-id=\"4895a50d\" data-element_type=\"container\">\n<div class=\"e-con-inner\">\n<div class=\"elementor-element elementor-element-7a8e9fec color-scheme-inherit text-left elementor-widget elementor-widget-text-editor\" data-id=\"7a8e9fec\" data-element_type=\"widget\" data-widget_type=\"text-editor.default\">\n<h1 data-start=\"192\" data-end=\"232\"><strong data-start=\"194\" data-end=\"232\"><span dir=\"auto\">Sikker betaling \u2013 Vedtilventeren<\/span><\/strong><\/h1>\n<p data-start=\"234\" data-end=\"520\"><span dir=\"auto\">Hos\u00a0<\/span><strong data-start=\"239\" data-end=\"257\"><span dir=\"auto\">Vedtilventeren<\/span><\/strong><span dir=\"auto\">\u00a0, et datterselskap av\u00a0<\/span><strong data-start=\"274\" data-end=\"324\"><span dir=\"auto\">Norprodukter (Organisasjonsnummer 972 361 437)<\/span><\/strong><span dir=\"auto\">\u00a0, legger vi stor vekt p\u00e5 sikkerheten til betalingene dine. M\u00e5let v\u00e5rt er \u00e5 garantere en enkel, p\u00e5litelig og fullstendig sikker handleopplevelse p\u00e5\u00a0<\/span><strong data-start=\"497\" data-end=\"519\"><span dir=\"auto\">vedtilventeren.com<\/span><\/strong><span dir=\"auto\">\u00a0.<\/span><\/p>\n<hr data-start=\"522\" data-end=\"525\" \/>\n<h2 data-start=\"527\" data-end=\"567\"><strong data-start=\"530\" data-end=\"567\"><span dir=\"auto\">1. Aksepterte betalingsmetoder<\/span><\/strong><\/h2>\n<p data-start=\"568\" data-end=\"616\"><span dir=\"auto\">Vi aksepterer f\u00f8lgende betalingsmetoder:<\/span><\/p>\n<ul data-start=\"618\" data-end=\"763\">\n<li data-start=\"618\" data-end=\"661\">\n<p data-start=\"620\" data-end=\"661\"><strong data-start=\"620\" data-end=\"659\"><span dir=\"auto\">Visa- og Mastercard-bankkort<\/span><\/strong><\/p>\n<\/li>\n<li data-start=\"662\" data-end=\"687\">\n<p data-start=\"664\" data-end=\"687\"><strong data-start=\"664\" data-end=\"685\"><span dir=\"auto\">Bankoverf\u00f8ring<\/span><\/strong><\/p>\n<\/li>\n<li data-start=\"688\" data-end=\"763\">\n<p data-start=\"690\" data-end=\"763\"><strong data-start=\"690\" data-end=\"700\"><span dir=\"auto\">Klarna<\/span><\/strong><span dir=\"auto\">\u00a0(umiddelbar, utsatt eller avdragsbasert betaling avhengig av tilgjengelighet)<\/span><\/p>\n<\/li>\n<\/ul>\n<p data-start=\"765\" data-end=\"817\"><span dir=\"auto\">Alle transaksjoner er fullstendig sikre.<\/span><\/p>\n<hr data-start=\"819\" data-end=\"822\" \/>\n<h2 data-start=\"824\" data-end=\"859\"><strong data-start=\"827\" data-end=\"859\"><span dir=\"auto\">2. Transaksjonssikkerhet<\/span><\/strong><\/h2>\n<p data-start=\"860\" data-end=\"939\"><span dir=\"auto\">For \u00e5 beskytte din personlige og \u00f8konomiske informasjon bruker vi:<\/span><\/p>\n<ul data-start=\"941\" data-end=\"1213\">\n<li data-start=\"941\" data-end=\"999\">\n<p data-start=\"943\" data-end=\"999\"><span dir=\"auto\">En\u00a0<\/span><strong data-start=\"947\" data-end=\"974\"><span dir=\"auto\">kryptert HTTPS-forbindelse<\/span><\/strong><span dir=\"auto\">\u00a0p\u00e5 tvers av hele nettstedet<\/span><\/p>\n<\/li>\n<li data-start=\"1000\" data-end=\"1109\">\n<p data-start=\"1002\" data-end=\"1109\"><span dir=\"auto\">Betalingspartnere sertifisert i henhold til\u00a0<\/span><strong data-start=\"1040\" data-end=\"1051\"><span dir=\"auto\">PCI-DSS<\/span><\/strong><span dir=\"auto\">\u00a0, den internasjonale standarden for bankdatasikkerhet<\/span><\/p>\n<\/li>\n<li data-start=\"1110\" data-end=\"1213\">\n<p data-start=\"1112\" data-end=\"1213\"><span dir=\"auto\">Et system som garanterer at\u00a0<\/span><strong data-start=\"1140\" data-end=\"1194\"><span dir=\"auto\">vi aldri lagrer bankinformasjonen din<\/span><\/strong><span dir=\"auto\">\u00a0p\u00e5 serverne v\u00e5re<\/span><\/p>\n<\/li>\n<\/ul>\n<p data-start=\"1215\" data-end=\"1322\"><span dir=\"auto\">Disse tiltakene sikrer at dataene dine forblir konfidensielle og beskyttet i alle trinn av transaksjonen.<\/span><\/p>\n<hr data-start=\"1324\" data-end=\"1327\" \/>\n<h2 data-start=\"1329\" data-end=\"1369\"><strong data-start=\"1332\" data-end=\"1369\"><span dir=\"auto\">3. Betaling via bankoverf\u00f8ring<\/span><\/strong><\/h2>\n<p data-start=\"1370\" data-end=\"1411\"><span dir=\"auto\">Hvis du velger bankoverf\u00f8ring:<\/span><\/p>\n<ul data-start=\"1413\" data-end=\"1636\">\n<li data-start=\"1413\" data-end=\"1522\">\n<p data-start=\"1415\" data-end=\"1522\"><span dir=\"auto\">Informasjonen som trengs for betaling vil bli gitt til deg n\u00e5r bestillingen din er bekreftet.<\/span><\/p>\n<\/li>\n<li data-start=\"1523\" data-end=\"1594\">\n<p data-start=\"1525\" data-end=\"1594\"><span dir=\"auto\">Ordrebehandlingen starter\u00a0<\/span><strong data-start=\"1563\" data-end=\"1592\"><span dir=\"auto\">n\u00e5r betalingen er mottatt.<\/span><\/strong><\/p>\n<\/li>\n<li data-start=\"1595\" data-end=\"1636\">\n<p data-start=\"1597\" data-end=\"1636\"><span dir=\"auto\">Behandlingstiden kan variere avhengig av banken din.<\/span><\/p>\n<\/li>\n<\/ul>\n<hr data-start=\"1638\" data-end=\"1641\" \/>\n<h2 data-start=\"1643\" data-end=\"1672\"><strong data-start=\"1646\" data-end=\"1672\"><span dir=\"auto\">4. Betaling via Klarna<\/span><\/strong><\/h2>\n<p data-start=\"1673\" data-end=\"1698\"><span dir=\"auto\">Ved \u00e5 velge Klarna:<\/span><\/p>\n<ul data-start=\"1700\" data-end=\"1885\">\n<li data-start=\"1700\" data-end=\"1756\">\n<p data-start=\"1702\" data-end=\"1756\"><span dir=\"auto\">Du blir omdirigert til deres sikre plattform<\/span><\/p>\n<\/li>\n<li data-start=\"1757\" data-end=\"1809\">\n<p data-start=\"1759\" data-end=\"1809\"><span dir=\"auto\">Dine data behandles direkte av Klarna<\/span><\/p>\n<\/li>\n<li data-start=\"1810\" data-end=\"1885\">\n<p data-start=\"1812\" data-end=\"1885\"><span dir=\"auto\">Du drar nytte av deres avanserte\u00a0<\/span><strong data-start=\"1857\" data-end=\"1883\"><span dir=\"auto\">beskyttelsestiltak mot svindel .<\/span><\/strong><\/p>\n<\/li>\n<\/ul>\n<p data-start=\"1887\" data-end=\"1941\"><span dir=\"auto\">Ingen bankdata g\u00e5r gjennom Vedtilventeren.<\/span><\/p>\n<hr data-start=\"1943\" data-end=\"1946\" \/>\n<h2 data-start=\"1948\" data-end=\"1983\"><strong data-start=\"1951\" data-end=\"1983\"><span dir=\"auto\">5. Sikkerhetskontroller<\/span><\/strong><\/h2>\n<p data-start=\"1984\" data-end=\"2016\"><span dir=\"auto\">For \u00e5 bekjempe svindel:<\/span><\/p>\n<ul data-start=\"2018\" data-end=\"2200\">\n<li data-start=\"2018\" data-end=\"2092\">\n<p data-start=\"2020\" data-end=\"2092\"><span dir=\"auto\">Noen bestillinger kan kreve ytterligere bekreftelse<\/span><\/p>\n<\/li>\n<li data-start=\"2093\" data-end=\"2200\">\n<p data-start=\"2095\" data-end=\"2200\"><span dir=\"auto\">Teamet v\u00e5rt vil kun kontakte deg om n\u00f8dvendig, og vi respekterer alltid din konfidensialitet.<\/span><\/p>\n<\/li>\n<\/ul>\n<hr data-start=\"2202\" data-end=\"2205\" \/>\n<h2 data-start=\"2207\" data-end=\"2239\"><strong data-start=\"2210\" data-end=\"2239\"><span dir=\"auto\">6. Databeskyttelse<\/span><\/strong><\/h2>\n<p data-start=\"2240\" data-end=\"2287\"><span dir=\"auto\">Alle data behandles i samsvar med:<\/span><\/p>\n<ul data-start=\"2289\" data-end=\"2391\">\n<li data-start=\"2289\" data-end=\"2370\">\n<p data-start=\"2291\" data-end=\"2370\"><span dir=\"auto\">Etter\u00a0<\/span><strong data-start=\"2294\" data-end=\"2320\"><span dir=\"auto\">personopplysningsloven<\/span><\/strong><span dir=\"auto\">\u200b<\/span><\/p>\n<\/li>\n<li data-start=\"2371\" data-end=\"2391\">\n<p data-start=\"2373\" data-end=\"2391\"><span dir=\"auto\">I henhold til\u00a0<\/span><strong data-start=\"2376\" data-end=\"2391\"><span dir=\"auto\">GDPR (General Data Protection Regulation)<\/span><\/strong><\/p>\n<\/li>\n<\/ul>\n<p data-start=\"2393\" data-end=\"2490\"><span dir=\"auto\">V\u00e5re retningslinjer for personvern beskriver v\u00e5re forpliktelser ang\u00e5ende databeskyttelse.<\/span><\/p>\n<hr data-start=\"2492\" data-end=\"2495\" \/>\n<h2 data-start=\"2497\" data-end=\"2518\"><strong data-start=\"2500\" data-end=\"2518\"><span dir=\"auto\">7. Fakturering<\/span><\/strong><\/h2>\n<p data-start=\"2519\" data-end=\"2649\"><span dir=\"auto\">En\u00a0<\/span><strong data-start=\"2523\" data-end=\"2547\"><span dir=\"auto\">elektronisk faktura<\/span><\/strong><span dir=\"auto\">\u00a0sendes automatisk til e-postadressen din etter at betalingen er bekreftet.<\/span><br data-start=\"2633\" data-end=\"2636\" \/><span dir=\"auto\">Den inkluderer:<\/span><\/p>\n<ul data-start=\"2651\" data-end=\"2789\">\n<li data-start=\"2651\" data-end=\"2675\">\n<p data-start=\"2653\" data-end=\"2675\"><span dir=\"auto\">Produktene som er kj\u00f8pt<\/span><\/p>\n<\/li>\n<li data-start=\"2676\" data-end=\"2725\">\n<p data-start=\"2678\" data-end=\"2725\"><span dir=\"auto\">Bel\u00f8pene og gjeldende norsk merverdiavgift<\/span><\/p>\n<\/li>\n<li data-start=\"2726\" data-end=\"2789\">\n<p data-start=\"2728\" data-end=\"2789\"><span dir=\"auto\">Juridisk informasjon for Norprodukter (Org.nr. 972 361 437)<\/span><\/p>\n<\/li>\n<\/ul>\n<hr data-start=\"2791\" data-end=\"2794\" \/>\n<h2 data-start=\"2796\" data-end=\"2832\"><strong data-start=\"2799\" data-end=\"2832\"><span dir=\"auto\">8. Serviceklient\u00a0<\/span><\/strong><\/h2>\n<p data-start=\"2833\" data-end=\"2936\"><span dir=\"auto\">For sp\u00f8rsm\u00e5l ang\u00e5ende betaling eller transaksjoner, er teamet v\u00e5rt tilgjengelig:<\/span><\/p>\n<p data-start=\"2938\" data-end=\"3044\">\ud83d\udce7\u00a0<strong data-start=\"2941\" data-end=\"2971\"><a class=\"decorated-link cursor-pointer\" rel=\"noopener\" data-start=\"2943\" data-end=\"2969\">kontakt@vedtilventeren.com<\/a><\/strong><br data-start=\"2971\" data-end=\"2974\" \/>\u260e\ufe0f\u00a0<strong data-start=\"2977\" data-end=\"2996\">+47 22 04 03 10<\/strong><br data-start=\"2996\" data-end=\"2999\" \/>\ud83d\udccd\u00a0<strong data-start=\"3002\" data-end=\"3044\">\u00d8vre Slottsgate 27, 0157 Oslo, Norv\u00e8ge<\/strong><\/p>\n<p data-start=\"3046\" data-end=\"3128\"><span dir=\"auto\">\u00c5pningstider for kundest\u00f8tte:<\/span><br data-start=\"3069\" data-end=\"3072\" \/><strong data-start=\"3072\" data-end=\"3103\"><span dir=\"auto\">Mandag\u2013fredag: 09.00 til 18.00<\/span><\/strong><br data-start=\"3103\" data-end=\"3106\" \/><strong data-start=\"3106\" data-end=\"3128\"><span dir=\"auto\">L\u00f8rdag: 10.00 til 16.00<\/span><\/strong><\/p>\n<\/div>\n<\/div>\n<\/div>\n<\/div>\n<\/article>\n<\/div>\n<\/main><\/div>\n\t\t\t\t\t\t\t\t<\/div>\n\t\t\t\t\t<\/div>\n\t\t\t\t<\/div>\n\t\t\t\t<\/div>","protected":false},"excerpt":{"rendered":"<p>Sikker betaling \u2013 Vedtilventeren Hos\u00a0Vedtilventeren\u00a0, et datterselskap av\u00a0Norprodukter (Organisasjonsnummer 972 361 437)\u00a0, legger vi stor vekt p\u00e5 sikkerheten til betalingene<\/p>","protected":false},"author":1,"featured_media":0,"parent":0,"menu_order":0,"comment_status":"closed","ping_status":"closed","template":"","meta":{"footnotes":""},"class_list":["post-2290","page","type-page","status-publish","hentry"],"_hostinger_reach_plugin_has_subscription_block":false,"_hostinger_reach_plugin_is_elementor":false,"jetpack_sharing_enabled":true,"_links":{"self":[{"href":"https:\/\/vedtilventeren.com\/fr\/wp-json\/wp\/v2\/pages\/2290","targetHints":{"allow":["GET"]}}],"collection":[{"href":"https:\/\/vedtilventeren.com\/fr\/wp-json\/wp\/v2\/pages"}],"about":[{"href":"https:\/\/vedtilventeren.com\/fr\/wp-json\/wp\/v2\/types\/page"}],"author":[{"embeddable":true,"href":"https:\/\/vedtilventeren.com\/fr\/wp-json\/wp\/v2\/users\/1"}],"replies":[{"embeddable":true,"href":"https:\/\/vedtilventeren.com\/fr\/wp-json\/wp\/v2\/comments?post=2290"}],"version-history":[{"count":12,"href":"https:\/\/vedtilventeren.com\/fr\/wp-json\/wp\/v2\/pages\/2290\/revisions"}],"predecessor-version":[{"id":2302,"href":"https:\/\/vedtilventeren.com\/fr\/wp-json\/wp\/v2\/pages\/2290\/revisions\/2302"}],"wp:attachment":[{"href":"https:\/\/vedtilventeren.com\/fr\/wp-json\/wp\/v2\/media?parent=2290"}],"curies":[{"name":"wp","href":"https:\/\/api.w.org\/{rel}","templated":true}]}}