{"id":3,"date":"2025-11-29T14:35:36","date_gmt":"2025-11-29T13:35:36","guid":{"rendered":"https:\/\/meca-remorque.com\/?page_id=3"},"modified":"2025-11-30T19:04:56","modified_gmt":"2025-11-30T18:04:56","slug":"personvernerklaering","status":"publish","type":"page","link":"https:\/\/vedtilventeren.com\/fr\/personvernerklaering\/","title":{"rendered":"Personvernerkl\u00e6ring"},"content":{"rendered":"<div data-elementor-type=\"wp-page\" data-elementor-id=\"3\" class=\"elementor elementor-3\" data-elementor-post-type=\"page\">\n\t\t\t\t<div data-particle_enable=\"false\" data-particle-mobile-disabled=\"false\" class=\"wd-negative-gap elementor-element elementor-element-2c8f26d1 e-flex e-con-boxed e-con e-parent\" data-id=\"2c8f26d1\" data-element_type=\"container\" data-e-type=\"container\">\n\t\t\t\t\t<div class=\"e-con-inner\">\n\t\t\t\t<div class=\"elementor-element elementor-element-24092083 color-scheme-inherit text-left elementor-widget elementor-widget-text-editor\" data-id=\"24092083\" data-element_type=\"widget\" data-e-type=\"widget\" data-widget_type=\"text-editor.default\">\n\t\t\t\t\t\t\t\t\t\n<h1 class=\"wp-block-heading\" data-start=\"318\" data-end=\"369\"><strong data-start=\"320\" data-end=\"369\"><span dir=\"auto\">Personvernerkl\u00e6ring \u2014 Vedtilventeren<\/span><\/strong><\/h1>\n<p data-start=\"371\" data-end=\"409\"><strong data-start=\"371\" data-end=\"409\"><span dir=\"auto\">Sist oppdatert:<\/span><\/strong><span dir=\"auto\">\u00a0november 2025<\/span><\/p>\n<h2 data-start=\"411\" data-end=\"435\"><strong data-start=\"414\" data-end=\"433\"><span dir=\"auto\">1. Innledning<\/span><\/strong><\/h2>\n<p data-start=\"436\" data-end=\"715\"><span dir=\"auto\">Vedtilventeren (\u00abvi\u00bb), et datterselskap av\u00a0<\/span><strong data-start=\"478\" data-end=\"494\"><span dir=\"auto\">Norprodukter<\/span><\/strong><span dir=\"auto\">\u00a0(organisasjonsnummer\u00a0<\/span><strong data-start=\"518\" data-end=\"533\"><span dir=\"auto\">972 361 437<\/span><\/strong><span dir=\"auto\"> ), driver nettstedet <strong>Vedtilventeren.com<\/strong> for salg av ovner, ovner og tilbeh\u00f8r.<\/span><br data-start=\"618\" data-end=\"621\" \/><span dir=\"auto\">Vi overholder norsk personvernlovgivning, inkludert:<\/span><\/p>\n<ul data-start=\"716\" data-end=\"934\">\n<li data-start=\"716\" data-end=\"756\">\n<p data-start=\"718\" data-end=\"756\"><span dir=\"auto\">GDPR\u00a0, som gjelder i Norge\u00a0<\/span><strong data-start=\"721\" data-end=\"729\"><span dir=\"auto\">;<\/span><\/strong><\/p>\n<\/li>\n<li data-start=\"757\" data-end=\"839\">\n<p data-start=\"759\" data-end=\"839\"><span dir=\"auto\">Personopplysningsloven\u00a0;<\/span><strong data-start=\"762\" data-end=\"788\"><span dir=\"auto\">\u200b<\/span><\/strong><\/p>\n<\/li>\n<li data-start=\"840\" data-end=\"934\">\n<p data-start=\"842\" data-end=\"934\"><span dir=\"auto\">retningslinjene fra\u00a0<\/span><strong data-start=\"868\" data-end=\"884\"><span dir=\"auto\">Datatilsynet<\/span><\/strong><span dir=\"auto\">\u00a0(Datatilsynet).<\/span><\/p>\n<\/li>\n<\/ul>\n<h2 data-start=\"936\" data-end=\"973\"><strong data-start=\"939\" data-end=\"971\"><span dir=\"auto\">2. Databehandler<\/span><\/strong><\/h2>\n<p data-start=\"974\" data-end=\"1249\"><strong data-start=\"974\" data-end=\"1007\"><span dir=\"auto\">Vedtilventeren \u2014 Norprodukter<\/span><\/strong><br data-start=\"1007\" data-end=\"1010\" \/><span dir=\"auto\">\ud83d\udccd\u00a0<\/span><strong data-start=\"1013\" data-end=\"1055\"><span dir=\"auto\">\u00d8vre Slottsgate 27, 0157 Oslo, Norge<\/span><\/strong><br data-start=\"1055\" data-end=\"1058\" \/><span dir=\"auto\">\ud83d\udce7\u00a0<\/span><strong data-start=\"1061\" data-end=\"1091\"><a class=\"decorated-link cursor-pointer\" rel=\"noopener\" data-start=\"1063\" data-end=\"1089\"><span dir=\"auto\">kontakt@vedtilventeren.com<\/span><\/a><\/strong><br data-start=\"1091\" data-end=\"1094\" \/><span dir=\"auto\">\u260e\ufe0f\u00a0<\/span><strong data-start=\"1097\" data-end=\"1116\"><span dir=\"auto\">+47 22 04 03 10<\/span><\/strong><br data-start=\"1116\" data-end=\"1119\" \/><span dir=\"auto\">Administrerende direkt\u00f8r:\u00a0<\/span><strong data-start=\"1131\" data-end=\"1146\"><span dir=\"auto\">Kai Askmann<\/span><\/strong><br data-start=\"1146\" data-end=\"1149\" \/><span dir=\"auto\">Sektor:\u00a0<\/span><strong data-start=\"1159\" data-end=\"1249\"><span dir=\"auto\">46.830 \u2014 Engroshandel med t\u00f8mmer, byggevarer og sanit\u00e6rutstyr<\/span><\/strong><\/p>\n<h2 data-start=\"1251\" data-end=\"1294\"><strong data-start=\"1254\" data-end=\"1292\"><span dir=\"auto\">3. Innsamlede personopplysninger<\/span><\/strong><\/h2>\n<p data-start=\"1295\" data-end=\"1350\"><span dir=\"auto\">Vi samler inn f\u00f8lgende datakategorier:<\/span><\/p>\n<ul data-start=\"1351\" data-end=\"1856\">\n<li data-start=\"1351\" data-end=\"1431\">\n<p data-start=\"1353\" data-end=\"1431\"><strong data-start=\"1353\" data-end=\"1386\"><span dir=\"auto\">Identifikasjonsinformasjon<\/span><\/strong><span dir=\"auto\">\u00a0: navn, etternavn, adresse, e-post, telefon.<\/span><\/p>\n<\/li>\n<li data-start=\"1432\" data-end=\"1510\">\n<p data-start=\"1434\" data-end=\"1510\"><strong data-start=\"1434\" data-end=\"1462\"><span dir=\"auto\">Ordreinformasjon<\/span><\/strong><span dir=\"auto\">\u00a0: kj\u00f8pte produkter, ordrehistorikk.<\/span><\/p>\n<\/li>\n<li data-start=\"1511\" data-end=\"1586\">\n<p data-start=\"1513\" data-end=\"1586\"><strong data-start=\"1513\" data-end=\"1541\"><span dir=\"auto\">Betalingsinformasjon<\/span><\/strong><span dir=\"auto\">\u00a0: behandlet via sikre leverand\u00f8rer.<\/span><\/p>\n<\/li>\n<li data-start=\"1587\" data-end=\"1642\">\n<p data-start=\"1589\" data-end=\"1642\"><strong data-start=\"1589\" data-end=\"1613\"><span dir=\"auto\">Leveringsdetaljer<\/span><\/strong><span dir=\"auto\">\u00a0: adresse og instruksjoner.<\/span><\/p>\n<\/li>\n<li data-start=\"1643\" data-end=\"1715\">\n<p data-start=\"1645\" data-end=\"1715\"><strong data-start=\"1645\" data-end=\"1667\"><span dir=\"auto\">Tekniske data<\/span><\/strong><span dir=\"auto\">\u00a0: IP-adresse, nettleserdata, informasjonskapsler.<\/span><\/p>\n<\/li>\n<li data-start=\"1716\" data-end=\"1792\">\n<p data-start=\"1718\" data-end=\"1792\"><strong data-start=\"1718\" data-end=\"1743\"><span dir=\"auto\">Markedsf\u00f8ringspreferanser<\/span><\/strong><span dir=\"auto\">\u00a0: samtykke til nyhetsbrev og kampanjer.<\/span><\/p>\n<\/li>\n<li data-start=\"1793\" data-end=\"1856\">\n<p data-start=\"1795\" data-end=\"1856\"><strong data-start=\"1795\" data-end=\"1818\"><span dir=\"auto\">Ettersalgsservice<\/span><\/strong><span dir=\"auto\">\u00a0: foresp\u00f8rsler, garantier, installasjoner.<\/span><\/p>\n<\/li>\n<\/ul>\n<h2 data-start=\"1858\" data-end=\"1896\"><strong data-start=\"1861\" data-end=\"1894\"><span dir=\"auto\">4. Form\u00e5l og rettslig grunnlag<\/span><\/strong><\/h2>\n<p data-start=\"1897\" data-end=\"1932\"><span dir=\"auto\">Vi bruker dataene dine til \u00e5:<\/span><\/p>\n<ul data-start=\"1933\" data-end=\"2411\">\n<li data-start=\"1933\" data-end=\"1991\">\n<p data-start=\"1935\" data-end=\"1991\"><strong data-start=\"1935\" data-end=\"1961\"><span dir=\"auto\">For \u00e5 utf\u00f8re dine bestillinger<\/span><\/strong><span dir=\"auto\">\u00a0(kontraktsmessig forpliktelse).<\/span><\/p>\n<\/li>\n<li data-start=\"1992\" data-end=\"2070\">\n<p data-start=\"1994\" data-end=\"2070\"><strong data-start=\"1994\" data-end=\"2017\"><span dir=\"auto\">Levere produkter<\/span><\/strong><span dir=\"auto\">\u00a0, administrere betalinger og yte kundeservice.<\/span><\/p>\n<\/li>\n<li data-start=\"2071\" data-end=\"2167\">\n<p data-start=\"2073\" data-end=\"2167\"><strong data-start=\"2073\" data-end=\"2110\"><span dir=\"auto\">Overholde v\u00e5re juridiske forpliktelser<\/span><\/strong><span dir=\"auto\">\u00a0(regnskap, fakturering, kommersielle forpliktelser).<\/span><\/p>\n<\/li>\n<li data-start=\"2168\" data-end=\"2239\">\n<p data-start=\"2170\" data-end=\"2239\"><strong data-start=\"2170\" data-end=\"2191\"><span dir=\"auto\">Forbedre nettstedet<\/span><\/strong><span dir=\"auto\">\u00a0, analyser bruken av det (berettiget interesse).<\/span><\/p>\n<\/li>\n<li data-start=\"2240\" data-end=\"2339\">\n<p data-start=\"2242\" data-end=\"2339\"><strong data-start=\"2242\" data-end=\"2282\"><span dir=\"auto\">Sende markedsf\u00f8ringskommunikasjon<\/span><\/strong><span dir=\"auto\">\u00a0, kun hvis du har gitt ditt\u00a0<\/span><strong data-start=\"2320\" data-end=\"2336\"><span dir=\"auto\">samtykke<\/span><\/strong><span dir=\"auto\">\u00a0.<\/span><\/p>\n<\/li>\n<li data-start=\"2340\" data-end=\"2411\">\n<p data-start=\"2342\" data-end=\"2411\"><strong data-start=\"2342\" data-end=\"2369\"><span dir=\"auto\">Sikring av plattformen<\/span><\/strong><span dir=\"auto\">\u00a0(svindelforebygging, nettstedsikkerhet).<\/span><\/p>\n<\/li>\n<\/ul>\n<h2 data-start=\"2413\" data-end=\"2457\"><strong data-start=\"2416\" data-end=\"2455\"><span dir=\"auto\">5. Informasjonskapsler og sporingsteknologier<\/span><\/strong><\/h2>\n<p data-start=\"2458\" data-end=\"2476\"><span dir=\"auto\">Vi bruker:<\/span><\/p>\n<ul data-start=\"2477\" data-end=\"2684\">\n<li data-start=\"2477\" data-end=\"2548\">\n<p data-start=\"2479\" data-end=\"2548\"><strong data-start=\"2483\" data-end=\"2505\"><span dir=\"auto\">essensielle informasjonskapsler<\/span><\/strong><span dir=\"auto\">\u00a0,\u00a0n\u00f8dvendige for driften av nettstedet;<\/span><\/p>\n<\/li>\n<li data-start=\"2549\" data-end=\"2684\">\n<p data-start=\"2551\" data-end=\"2684\"><strong data-start=\"2563\" data-end=\"2591\"><span dir=\"auto\">analytiske og markedsf\u00f8ringsmessige<\/span><\/strong><span dir=\"auto\">\u00a0informasjonskapsler\u00a0, kun etter ditt\u00a0<\/span><strong data-start=\"2616\" data-end=\"2642\"><span dir=\"auto\">uttrykkelige samtykke , i henhold til\u00a0<\/span><\/strong><em data-start=\"2667\" data-end=\"2681\"><span dir=\"auto\">Datatilsynets<\/span><\/em><span dir=\"auto\">\u00a0krav\u00a0.<\/span><\/p>\n<\/li>\n<\/ul>\n<p data-start=\"2686\" data-end=\"2742\"><span dir=\"auto\">Du kan endre innstillingene for informasjonskapsler n\u00e5r som helst.<\/span><\/p>\n<h2 data-start=\"2744\" data-end=\"2772\"><strong data-start=\"2747\" data-end=\"2770\"><span dir=\"auto\">6. Direkte markedsf\u00f8ring<\/span><\/strong><\/h2>\n<p data-start=\"2773\" data-end=\"2848\"><span dir=\"auto\">Vi sender kun kampanjer, nyhetsbrev eller anbefalinger:<\/span><\/p>\n<ul data-start=\"2849\" data-end=\"2991\">\n<li data-start=\"2849\" data-end=\"2881\">\n<p data-start=\"2851\" data-end=\"2881\"><span dir=\"auto\">med\u00a0<\/span><strong data-start=\"2856\" data-end=\"2878\"><span dir=\"auto\">ditt samtykke<\/span><\/strong><span dir=\"auto\">\u00a0,<\/span><\/p>\n<\/li>\n<li data-start=\"2882\" data-end=\"2991\">\n<p data-start=\"2884\" data-end=\"2991\"><span dir=\"auto\">eller i samsvar med unntakene i\u00a0<\/span><strong data-start=\"2930\" data-end=\"2953\"><span dir=\"auto\">Markedsf\u00f8ringsloven<\/span><\/strong><span dir=\"auto\">\u00a0.<\/span><\/p>\n<\/li>\n<\/ul>\n<p data-start=\"2993\" data-end=\"3050\"><strong data-start=\"3032\" data-end=\"3049\"><span dir=\"auto\">Du kan n\u00e5r som helst<\/span><\/strong><span dir=\"auto\">\u00a0trekke tilbake samtykket ditt\u00a0.<\/span><\/p>\n<h2 data-start=\"3052\" data-end=\"3083\"><strong data-start=\"3055\" data-end=\"3081\"><span dir=\"auto\">7. Datadeling<\/span><\/strong><\/h2>\n<p data-start=\"3084\" data-end=\"3126\"><span dir=\"auto\">Vi deler visse elementer med:<\/span><\/p>\n<ul data-start=\"3127\" data-end=\"3315\">\n<li data-start=\"3127\" data-end=\"3157\">\n<p data-start=\"3129\" data-end=\"3157\"><span dir=\"auto\">betalingsleverand\u00f8rer;<\/span><\/p>\n<\/li>\n<li data-start=\"3158\" data-end=\"3201\">\n<p data-start=\"3160\" data-end=\"3201\"><span dir=\"auto\">logistikk- og transporttjenester;<\/span><\/p>\n<\/li>\n<li data-start=\"3202\" data-end=\"3260\">\n<p data-start=\"3204\" data-end=\"3260\"><span dir=\"auto\">leverand\u00f8rer av tekniske tjenester (hosting, sikkerhet, CRM);<\/span><\/p>\n<\/li>\n<li data-start=\"3261\" data-end=\"3315\">\n<p data-start=\"3263\" data-end=\"3315\"><span dir=\"auto\">Norske myndigheter i tilfelle rettslig forpliktelse.<\/span><\/p>\n<\/li>\n<\/ul>\n<p data-start=\"3317\" data-end=\"3433\"><span dir=\"auto\">Alle v\u00e5re underleverand\u00f8rer overholder GDPR og er kontraktsmessig forpliktet til \u00e5 sikre datakonfidensialitet.<\/span><\/p>\n<p data-start=\"3435\" data-end=\"3588\"><span dir=\"auto\">Overf\u00f8ringer utenfor E\u00d8S gjennomf\u00f8res kun dersom tilstrekkelige garantier er p\u00e5 plass (standard kontraktsklausuler, tilstrekkelighetsvedtak osv.).<\/span><\/p>\n<h2 data-start=\"3590\" data-end=\"3623\"><strong data-start=\"3593\" data-end=\"3621\"><span dir=\"auto\">8. Holdbarhet<\/span><\/strong><\/h2>\n<p data-start=\"3624\" data-end=\"3686\"><span dir=\"auto\">Vi oppbevarer kun dataene dine s\u00e5 lenge det er n\u00f8dvendig:<\/span><\/p>\n<ul data-start=\"3687\" data-end=\"3846\">\n<li data-start=\"3687\" data-end=\"3716\">\n<p data-start=\"3689\" data-end=\"3716\"><span dir=\"auto\">for de angitte form\u00e5lene;<\/span><\/p>\n<\/li>\n<li data-start=\"3717\" data-end=\"3795\">\n<p data-start=\"3719\" data-end=\"3795\"><span dir=\"auto\">til norske juridiske forpliktelser (regnskap, garanti, beskatning);<\/span><\/p>\n<\/li>\n<li data-start=\"3796\" data-end=\"3846\">\n<p data-start=\"3798\" data-end=\"3846\"><span dir=\"auto\">eller innenfor rammene av v\u00e5re legitime interesser.<\/span><\/p>\n<\/li>\n<\/ul>\n<p data-start=\"3848\" data-end=\"3925\"><span dir=\"auto\">Markedsf\u00f8ringsdataene dine oppbevares inntil du trekker tilbake samtykket ditt.<\/span><\/p>\n<h2 data-start=\"3927\" data-end=\"3959\"><strong data-start=\"3930\" data-end=\"3957\"><span dir=\"auto\">9. Datasikkerhet<\/span><\/strong><\/h2>\n<p data-start=\"3960\" data-end=\"4050\"><span dir=\"auto\">Vi implementerer tekniske og organisatoriske tiltak for \u00e5 beskytte dataene dine:<\/span><\/p>\n<ul data-start=\"4051\" data-end=\"4231\">\n<li data-start=\"4051\" data-end=\"4074\">\n<p data-start=\"4053\" data-end=\"4074\"><span dir=\"auto\">sikker oppbevaring;<\/span><\/p>\n<\/li>\n<li data-start=\"4075\" data-end=\"4105\">\n<p data-start=\"4077\" data-end=\"4105\"><span dir=\"auto\">begrenset tilgang til data;<\/span><\/p>\n<\/li>\n<li data-start=\"4106\" data-end=\"4179\">\n<p data-start=\"4108\" data-end=\"4179\"><span dir=\"auto\">behandling som kun er betrodd tjenesteleverand\u00f8rer som er i samsvar med GDPR;<\/span><\/p>\n<\/li>\n<li data-start=\"4180\" data-end=\"4231\">\n<p data-start=\"4182\" data-end=\"4231\"><span dir=\"auto\">Sikker betaling via sertifiserte plattformer.<\/span><\/p>\n<\/li>\n<\/ul>\n<h2 data-start=\"4233\" data-end=\"4256\"><strong data-start=\"4236\" data-end=\"4254\"><span dir=\"auto\">10. Dine rettigheter<\/span><\/strong><\/h2>\n<p data-start=\"4257\" data-end=\"4300\"><span dir=\"auto\">Du kan ut\u00f8ve f\u00f8lgende rettigheter:<\/span><\/p>\n<ul data-start=\"4301\" data-end=\"4547\">\n<li data-start=\"4301\" data-end=\"4320\">\n<p data-start=\"4303\" data-end=\"4320\"><span dir=\"auto\">rett til innsyn;<\/span><\/p>\n<\/li>\n<li data-start=\"4321\" data-end=\"4349\">\n<p data-start=\"4323\" data-end=\"4349\"><span dir=\"auto\">rett til retting;<\/span><\/p>\n<\/li>\n<li data-start=\"4350\" data-end=\"4398\">\n<p data-start=\"4352\" data-end=\"4398\"><span dir=\"auto\">rett til sletting (\u00abretten til \u00e5 bli glemt\u00bb);<\/span><\/p>\n<\/li>\n<li data-start=\"4399\" data-end=\"4423\">\n<p data-start=\"4401\" data-end=\"4423\"><span dir=\"auto\">rett til \u00e5 protestere;<\/span><\/p>\n<\/li>\n<li data-start=\"4424\" data-end=\"4465\">\n<p data-start=\"4426\" data-end=\"4465\"><span dir=\"auto\">rett til begrensning av behandling;<\/span><\/p>\n<\/li>\n<li data-start=\"4466\" data-end=\"4494\">\n<p data-start=\"4468\" data-end=\"4494\"><span dir=\"auto\">rett til dataportabilitet;<\/span><\/p>\n<\/li>\n<li data-start=\"4495\" data-end=\"4547\">\n<p data-start=\"4497\" data-end=\"4547\"><span dir=\"auto\">Du har rett til \u00e5 trekke tilbake samtykket ditt n\u00e5r som helst.<\/span><\/p>\n<\/li>\n<\/ul>\n<p data-start=\"4549\" data-end=\"4645\">Pour exercer vos droits :<br data-start=\"4574\" data-end=\"4577\" \/>\ud83d\udce7\u00a0<strong data-start=\"4580\" data-end=\"4610\"><a class=\"decorated-link cursor-pointer\" rel=\"noopener\" data-start=\"4582\" data-end=\"4608\">kontakt@vedtilventeren.com<\/a><\/strong><br data-start=\"4610\" data-end=\"4613\" \/>\ud83d\udccd \u00d8vre Slottsgate 27, 0157 Oslo<\/p>\n<p data-start=\"4647\" data-end=\"4765\"><span dir=\"auto\">Du kan ogs\u00e5 sende inn en klage til\u00a0<\/span><strong data-start=\"4699\" data-end=\"4715\"><span dir=\"auto\">Datatilsynet<\/span><\/strong><span dir=\"auto\">\u00a0.<\/span><\/p>\n<h2 data-start=\"4767\" data-end=\"4798\"><strong data-start=\"4770\" data-end=\"4796\"><span dir=\"auto\">11. Barn og mindre\u00e5rige<\/span><\/strong><\/h2>\n<p data-start=\"4799\" data-end=\"5019\"><span dir=\"auto\">Vi samler ikke bevisst inn data om barn uten foreldrenes samtykke i samsvar med norsk lov.<\/span><br data-start=\"4923\" data-end=\"4926\" \/><span dir=\"auto\">Hvis du mener at vi har samlet inn data fra en mindre\u00e5rig, vennligst kontakt oss umiddelbart.<\/span><\/p>\n<h2 data-start=\"5021\" data-end=\"5056\"><strong data-start=\"5024\" data-end=\"5054\"><span dir=\"auto\">12. Automatiserte avgj\u00f8relser<\/span><\/strong><\/h2>\n<p data-start=\"5057\" data-end=\"5170\"><span dir=\"auto\">Ingen automatiserte avgj\u00f8relser som har vesentlige rettsvirkninger treffes uten menneskelig inngripen.<\/span><\/p>\n<h2 data-start=\"5172\" data-end=\"5223\"><strong data-start=\"5175\" data-end=\"5221\"><span dir=\"auto\">13. Endringer i denne policyen<\/span><\/strong><\/h2>\n<p data-start=\"5224\" data-end=\"5448\"><span dir=\"auto\">Vi kan oppdatere disse retningslinjene. Datoen for oppdateringen vil bli angitt \u00f8verst p\u00e5 siden.<\/span><br data-start=\"5327\" data-end=\"5330\" \/><span dir=\"auto\">Ved vesentlige endringer vil vi varsle brukerne via e-post eller via et varsel p\u00e5 nettstedet.<\/span><\/p>\n<h2 data-start=\"5450\" data-end=\"5470\"><strong data-start=\"5453\" data-end=\"5468\"><span dir=\"auto\">14. Kontakt<\/span><\/strong><\/h2>\n<p data-start=\"5471\" data-end=\"5622\"><span dir=\"auto\">For eventuelle sp\u00f8rsm\u00e5l ang\u00e5ende konfidensialitet:<\/span><br data-start=\"5522\" data-end=\"5525\" \/><span dir=\"auto\">\ud83d\udce7\u00a0<\/span><strong data-start=\"5528\" data-end=\"5558\"><a class=\"decorated-link cursor-pointer\" rel=\"noopener\" data-start=\"5530\" data-end=\"5556\"><span dir=\"auto\">kontakt@vedtilventeren.com<\/span><\/a><\/strong><br data-start=\"5558\" data-end=\"5561\" \/><span dir=\"auto\">\u260e\ufe0f\u00a0<\/span><strong data-start=\"5564\" data-end=\"5583\"><span dir=\"auto\">+47 22 04 03 10<\/span><\/strong><br data-start=\"5583\" data-end=\"5586\" \/><span dir=\"auto\">\ud83d\udccd\u00a0<\/span><strong data-start=\"5589\" data-end=\"5622\"><span dir=\"auto\">\u00d8vre Slottsgate 27, 0157 Oslo<\/span><\/strong><\/p>\t\t\t\t\t\t\t\t<\/div>\n\t\t\t\t\t<\/div>\n\t\t\t\t<\/div>\n\t\t\t\t<\/div>","protected":false},"excerpt":{"rendered":"<p>Personvernerkl\u00e6ring \u2014 Vedtilventeren Sist oppdatert:\u00a0november 2025 1. Innledning Vedtilventeren (\u00abvi\u00bb), et datterselskap av\u00a0Norprodukter\u00a0(organisasjonsnummer\u00a0972 361 437 ), driver nettstedet Vedtilventeren.com for<\/p>","protected":false},"author":1,"featured_media":0,"parent":0,"menu_order":0,"comment_status":"closed","ping_status":"closed","template":"","meta":{"footnotes":""},"class_list":["post-3","page","type-page","status-publish","hentry"],"_hostinger_reach_plugin_has_subscription_block":false,"_hostinger_reach_plugin_is_elementor":false,"jetpack_sharing_enabled":true,"_links":{"self":[{"href":"https:\/\/vedtilventeren.com\/fr\/wp-json\/wp\/v2\/pages\/3","targetHints":{"allow":["GET"]}}],"collection":[{"href":"https:\/\/vedtilventeren.com\/fr\/wp-json\/wp\/v2\/pages"}],"about":[{"href":"https:\/\/vedtilventeren.com\/fr\/wp-json\/wp\/v2\/types\/page"}],"author":[{"embeddable":true,"href":"https:\/\/vedtilventeren.com\/fr\/wp-json\/wp\/v2\/users\/1"}],"replies":[{"embeddable":true,"href":"https:\/\/vedtilventeren.com\/fr\/wp-json\/wp\/v2\/comments?post=3"}],"version-history":[{"count":15,"href":"https:\/\/vedtilventeren.com\/fr\/wp-json\/wp\/v2\/pages\/3\/revisions"}],"predecessor-version":[{"id":2240,"href":"https:\/\/vedtilventeren.com\/fr\/wp-json\/wp\/v2\/pages\/3\/revisions\/2240"}],"wp:attachment":[{"href":"https:\/\/vedtilventeren.com\/fr\/wp-json\/wp\/v2\/media?parent=3"}],"curies":[{"name":"wp","href":"https:\/\/api.w.org\/{rel}","templated":true}]}}