{"id":1489,"date":"2025-11-29T18:53:06","date_gmt":"2025-11-29T17:53:06","guid":{"rendered":"https:\/\/meca-remorque.com\/?post_type=product&#038;p=1489"},"modified":"2025-12-03T15:36:53","modified_gmt":"2025-12-03T14:36:53","slug":"3-pakk-storsekk-bjorkeved-inkludert-frakt","status":"publish","type":"product","link":"https:\/\/vedtilventeren.com\/fr\/produit\/3-pakk-storsekk-bjorkeved-inkludert-frakt\/","title":{"rendered":"3-pakk storsekk bj\u00f8rkeved, inkludert frakt*"},"content":{"rendered":"<p>Pakke med 3 storsekker &#8220;rauset&#8221;, fin bj\u00f8rk. Tilsammen ca. 5 000 liter leveringsklar ved (hver sekk inneholder ca. 1 650 liter).<br \/>\nInkludert hjemlevering innenfor v\u00e5rt leveringsomr\u00e5de, og mot et tillegg i omkringliggende omr\u00e5der.<br \/>\nTopp kvalitet p\u00e5 b\u00e5de ved og p\u00e5 leveranse!<\/p>","protected":false},"excerpt":{"rendered":"<p>Pakke med 3 storsekker &#8220;rauset&#8221;, fin bj\u00f8rk. Hver sekk inneholder ca. 1 650 liter ved.<br \/>\nLeveringsklar for hjemlevering fra juli. Leveres gratis i Siljan, og i Grenland og omegn mot et tillegg.<br \/>\nTopp kvalitet p\u00e5 b\u00e5de ved og p\u00e5 leveranse!<\/p>","protected":false},"featured_media":1515,"comment_status":"open","ping_status":"closed","template":"","meta":[],"product_brand":[],"product_cat":[71],"product_tag":[],"class_list":{"0":"post-1489","1":"product","2":"type-product","3":"status-publish","4":"has-post-thumbnail","6":"product_cat-ved","8":"first","9":"instock","10":"sale","11":"shipping-taxable","12":"purchasable","13":"product-type-simple"},"jetpack_sharing_enabled":true,"_links":{"self":[{"href":"https:\/\/vedtilventeren.com\/fr\/wp-json\/wp\/v2\/product\/1489","targetHints":{"allow":["GET"]}}],"collection":[{"href":"https:\/\/vedtilventeren.com\/fr\/wp-json\/wp\/v2\/product"}],"about":[{"href":"https:\/\/vedtilventeren.com\/fr\/wp-json\/wp\/v2\/types\/product"}],"replies":[{"embeddable":true,"href":"https:\/\/vedtilventeren.com\/fr\/wp-json\/wp\/v2\/comments?post=1489"}],"version-history":[{"count":1,"href":"https:\/\/vedtilventeren.com\/fr\/wp-json\/wp\/v2\/product\/1489\/revisions"}],"predecessor-version":[{"id":1516,"href":"https:\/\/vedtilventeren.com\/fr\/wp-json\/wp\/v2\/product\/1489\/revisions\/1516"}],"wp:featuredmedia":[{"embeddable":true,"href":"https:\/\/vedtilventeren.com\/fr\/wp-json\/wp\/v2\/media\/1515"}],"wp:attachment":[{"href":"https:\/\/vedtilventeren.com\/fr\/wp-json\/wp\/v2\/media?parent=1489"}],"wp:term":[{"taxonomy":"product_brand","embeddable":true,"href":"https:\/\/vedtilventeren.com\/fr\/wp-json\/wp\/v2\/product_brand?post=1489"},{"taxonomy":"product_cat","embeddable":true,"href":"https:\/\/vedtilventeren.com\/fr\/wp-json\/wp\/v2\/product_cat?post=1489"},{"taxonomy":"product_tag","embeddable":true,"href":"https:\/\/vedtilventeren.com\/fr\/wp-json\/wp\/v2\/product_tag?post=1489"}],"curies":[{"name":"wp","href":"https:\/\/api.w.org\/{rel}","templated":true}]}}