{"id":1495,"date":"2025-11-29T18:53:07","date_gmt":"2025-11-29T17:53:07","guid":{"rendered":"https:\/\/meca-remorque.com\/?post_type=product&#038;p=1495"},"modified":"2025-12-03T15:36:36","modified_gmt":"2025-12-03T14:36:36","slug":"2-pakning-storsekk-bjorkeved-inkludert-frakt","status":"publish","type":"product","link":"https:\/\/vedtilventeren.com\/fr\/produit\/2-pakning-storsekk-bjorkeved-inkludert-frakt\/","title":{"rendered":"2-pakning storsekk bj\u00f8rkeved, inkludert frakt*"},"content":{"rendered":"<p>2 storsekker &#8220;rauset&#8221; fin bj\u00f8rk. Tilsammen ca. 3 300 liter leveringsklar ved (hver sekk inneholder ca. 1 650 liter).<br \/>\nInkludert hjemlevering innenfor v\u00e5rt leveringsomr\u00e5de, og mot et tillegg i omkringliggende omr\u00e5der.<br \/>\nTopp kvalitet p\u00e5 b\u00e5de ved og p\u00e5 leveranse!<\/p>","protected":false},"excerpt":{"rendered":"<p>2 storsekker &#8220;rauset&#8221; fin bj\u00f8rk. Tilsammen ca. 3 300 liter leveringsklar ved (hver sekk inneholder ca. 1 650 liter).<br \/>\nLeveringsklar for hjemlevering fra juli. Leveres gratis i Siljan, og i Grenland og omegn mot et tillegg.<br \/>\nTopp kvalitet p\u00e5 b\u00e5de ved og p\u00e5 leveranse!<\/p>","protected":false},"featured_media":1525,"comment_status":"open","ping_status":"closed","template":"","meta":[],"product_brand":[],"product_cat":[71],"product_tag":[],"class_list":{"0":"post-1495","1":"product","2":"type-product","3":"status-publish","4":"has-post-thumbnail","6":"product_cat-ved","8":"first","9":"instock","10":"shipping-taxable","11":"purchasable","12":"product-type-simple"},"jetpack_sharing_enabled":true,"_links":{"self":[{"href":"https:\/\/vedtilventeren.com\/fr\/wp-json\/wp\/v2\/product\/1495","targetHints":{"allow":["GET"]}}],"collection":[{"href":"https:\/\/vedtilventeren.com\/fr\/wp-json\/wp\/v2\/product"}],"about":[{"href":"https:\/\/vedtilventeren.com\/fr\/wp-json\/wp\/v2\/types\/product"}],"replies":[{"embeddable":true,"href":"https:\/\/vedtilventeren.com\/fr\/wp-json\/wp\/v2\/comments?post=1495"}],"version-history":[{"count":1,"href":"https:\/\/vedtilventeren.com\/fr\/wp-json\/wp\/v2\/product\/1495\/revisions"}],"predecessor-version":[{"id":1526,"href":"https:\/\/vedtilventeren.com\/fr\/wp-json\/wp\/v2\/product\/1495\/revisions\/1526"}],"wp:featuredmedia":[{"embeddable":true,"href":"https:\/\/vedtilventeren.com\/fr\/wp-json\/wp\/v2\/media\/1525"}],"wp:attachment":[{"href":"https:\/\/vedtilventeren.com\/fr\/wp-json\/wp\/v2\/media?parent=1495"}],"wp:term":[{"taxonomy":"product_brand","embeddable":true,"href":"https:\/\/vedtilventeren.com\/fr\/wp-json\/wp\/v2\/product_brand?post=1495"},{"taxonomy":"product_cat","embeddable":true,"href":"https:\/\/vedtilventeren.com\/fr\/wp-json\/wp\/v2\/product_cat?post=1495"},{"taxonomy":"product_tag","embeddable":true,"href":"https:\/\/vedtilventeren.com\/fr\/wp-json\/wp\/v2\/product_tag?post=1495"}],"curies":[{"name":"wp","href":"https:\/\/api.w.org\/{rel}","templated":true}]}}