{"id":1598,"date":"2025-11-29T21:35:03","date_gmt":"2025-11-29T20:35:03","guid":{"rendered":"https:\/\/meca-remorque.com\/?post_type=product&#038;p=1598"},"modified":"2025-12-05T15:11:18","modified_gmt":"2025-12-05T14:11:18","slug":"jotul-f-163","status":"publish","type":"product","link":"https:\/\/vedtilventeren.com\/fr\/produit\/jotul-f-163\/","title":{"rendered":"J\u00d8TUL F 163"},"content":{"rendered":"<p>En liten vedovn i solid st\u00f8pejern med brukervennlige funksjoner. Vedovnen har luftspyling og spesialglass med coating p\u00e5 sidene, som bidrar til at de holder seg renere, og gir godt innsyn til flammene fra flere sider i rommet. En praktisk ventil gj\u00f8r det lettere \u00e5 tenne opp og holde fyr i vedovnen. Bak peisd\u00f8ren finner du en praktisk askel\u00f8sning, som er enkel \u00e5 t\u00f8mme. Som tilleggsutstyr f\u00e5s en dekorativ og varmelagrende topp i lekker kleberstein, som slipper varme sakte ut i rommet, etter at siste ilegg av ved er brent ut.<\/p>","protected":false},"excerpt":{"rendered":"<p>Interi\u00f8rarkitektens favorittvedovn<\/p>","protected":false},"featured_media":1628,"comment_status":"open","ping_status":"closed","template":"","meta":[],"product_brand":[],"product_cat":[283],"product_tag":[],"class_list":{"0":"post-1598","1":"product","2":"type-product","3":"status-publish","4":"has-post-thumbnail","6":"product_cat-vedovn","8":"first","9":"instock","10":"shipping-taxable","11":"purchasable","12":"product-type-variable","13":"has-default-attributes"},"jetpack_sharing_enabled":true,"_links":{"self":[{"href":"https:\/\/vedtilventeren.com\/fr\/wp-json\/wp\/v2\/product\/1598","targetHints":{"allow":["GET"]}}],"collection":[{"href":"https:\/\/vedtilventeren.com\/fr\/wp-json\/wp\/v2\/product"}],"about":[{"href":"https:\/\/vedtilventeren.com\/fr\/wp-json\/wp\/v2\/types\/product"}],"replies":[{"embeddable":true,"href":"https:\/\/vedtilventeren.com\/fr\/wp-json\/wp\/v2\/comments?post=1598"}],"version-history":[{"count":1,"href":"https:\/\/vedtilventeren.com\/fr\/wp-json\/wp\/v2\/product\/1598\/revisions"}],"predecessor-version":[{"id":1629,"href":"https:\/\/vedtilventeren.com\/fr\/wp-json\/wp\/v2\/product\/1598\/revisions\/1629"}],"wp:featuredmedia":[{"embeddable":true,"href":"https:\/\/vedtilventeren.com\/fr\/wp-json\/wp\/v2\/media\/1628"}],"wp:attachment":[{"href":"https:\/\/vedtilventeren.com\/fr\/wp-json\/wp\/v2\/media?parent=1598"}],"wp:term":[{"taxonomy":"product_brand","embeddable":true,"href":"https:\/\/vedtilventeren.com\/fr\/wp-json\/wp\/v2\/product_brand?post=1598"},{"taxonomy":"product_cat","embeddable":true,"href":"https:\/\/vedtilventeren.com\/fr\/wp-json\/wp\/v2\/product_cat?post=1598"},{"taxonomy":"product_tag","embeddable":true,"href":"https:\/\/vedtilventeren.com\/fr\/wp-json\/wp\/v2\/product_tag?post=1598"}],"curies":[{"name":"wp","href":"https:\/\/api.w.org\/{rel}","templated":true}]}}