{"id":1642,"date":"2025-11-29T21:55:31","date_gmt":"2025-11-29T20:55:31","guid":{"rendered":"https:\/\/meca-remorque.com\/?post_type=product&#038;p=1642"},"modified":"2025-12-05T15:11:16","modified_gmt":"2025-12-05T14:11:16","slug":"jotul-f-167","status":"publish","type":"product","link":"https:\/\/vedtilventeren.com\/fr\/produit\/jotul-f-167\/","title":{"rendered":"J\u00d8TUL F 167"},"content":{"rendered":"<p>Bestselgende, praktisk og moderne vedovn i solid st\u00f8pejern med tre glass, godt egnet for lavenergihus. Med glass p\u00e5 sidene og elegant plassering p\u00e5 en klassisk s\u00f8ylefot, er denne modellen en av v\u00e5re signaturdesign. Bak peisd\u00f8ren finner du en praktisk og brukervennlig askel\u00f8sning som gj\u00f8r det enkelt \u00e5 t\u00f8mme asken. For optimal oppvarming av lavenergihus er det i tillegg tilrettelagt for friskluftstilkobling. Du har ogs\u00e5 mulighet til \u00e5 legge til en topplate p\u00e5 vedovnen i varmelagrende kleberstein, som holder ekstra p\u00e5 varmen over lengre tid. For \u00e5 enklere opprettholde renere glass er vedovnen utstyrt med luftspyling som spyler luft ned langs innsiden av glasset.<\/p>","protected":false},"excerpt":{"rendered":"<p>Elegant og bestselgende vedovn<\/p>","protected":false},"featured_media":1677,"comment_status":"open","ping_status":"closed","template":"","meta":[],"product_brand":[],"product_cat":[283],"product_tag":[],"class_list":{"0":"post-1642","1":"product","2":"type-product","3":"status-publish","4":"has-post-thumbnail","6":"product_cat-vedovn","8":"first","9":"instock","10":"shipping-taxable","11":"purchasable","12":"product-type-variable","13":"has-default-attributes"},"jetpack_sharing_enabled":true,"_links":{"self":[{"href":"https:\/\/vedtilventeren.com\/fr\/wp-json\/wp\/v2\/product\/1642","targetHints":{"allow":["GET"]}}],"collection":[{"href":"https:\/\/vedtilventeren.com\/fr\/wp-json\/wp\/v2\/product"}],"about":[{"href":"https:\/\/vedtilventeren.com\/fr\/wp-json\/wp\/v2\/types\/product"}],"replies":[{"embeddable":true,"href":"https:\/\/vedtilventeren.com\/fr\/wp-json\/wp\/v2\/comments?post=1642"}],"version-history":[{"count":1,"href":"https:\/\/vedtilventeren.com\/fr\/wp-json\/wp\/v2\/product\/1642\/revisions"}],"predecessor-version":[{"id":1678,"href":"https:\/\/vedtilventeren.com\/fr\/wp-json\/wp\/v2\/product\/1642\/revisions\/1678"}],"wp:featuredmedia":[{"embeddable":true,"href":"https:\/\/vedtilventeren.com\/fr\/wp-json\/wp\/v2\/media\/1677"}],"wp:attachment":[{"href":"https:\/\/vedtilventeren.com\/fr\/wp-json\/wp\/v2\/media?parent=1642"}],"wp:term":[{"taxonomy":"product_brand","embeddable":true,"href":"https:\/\/vedtilventeren.com\/fr\/wp-json\/wp\/v2\/product_brand?post=1642"},{"taxonomy":"product_cat","embeddable":true,"href":"https:\/\/vedtilventeren.com\/fr\/wp-json\/wp\/v2\/product_cat?post=1642"},{"taxonomy":"product_tag","embeddable":true,"href":"https:\/\/vedtilventeren.com\/fr\/wp-json\/wp\/v2\/product_tag?post=1642"}],"curies":[{"name":"wp","href":"https:\/\/api.w.org\/{rel}","templated":true}]}}