{"id":1644,"date":"2025-11-29T21:55:31","date_gmt":"2025-11-29T20:55:31","guid":{"rendered":"https:\/\/meca-remorque.com\/?post_type=product&#038;p=1644"},"modified":"2025-12-05T15:11:15","modified_gmt":"2025-12-05T14:11:15","slug":"jotul-f-134","status":"publish","type":"product","link":"https:\/\/vedtilventeren.com\/fr\/produit\/jotul-f-134\/","title":{"rendered":"J\u00d8TUL F 134"},"content":{"rendered":"<p>Vedovn i solid st\u00f8pejern designet av Hareide Design. Dette er en av v\u00e5re mest rentbrennende vedovner. Vedovnen har et lavt vedforbruk som gir god fyrings\u00f8konomi, samt mulighet for friskluftstilkobling for optimal varme i lavenergihus. Perfekt for moderne boliger med lavere behov for energi til oppvarming. Denne vedovnen har integrert konveksjon, som gj\u00f8r at den trygt kan installeres i n\u00e6rheten av brennbart materiale, og er dermed ogs\u00e5 godt egnet for hj\u00f8rneplassering. I tillegg er den utstyrt med luftspyling som sikrer renere glass.<\/p>","protected":false},"excerpt":{"rendered":"<p>Plasseringsvennlig og moderne vedovn<\/p>","protected":false},"featured_media":1683,"comment_status":"open","ping_status":"closed","template":"","meta":[],"product_brand":[],"product_cat":[283],"product_tag":[],"class_list":{"0":"post-1644","1":"product","2":"type-product","3":"status-publish","4":"has-post-thumbnail","6":"product_cat-vedovn","8":"first","9":"instock","10":"shipping-taxable","11":"purchasable","12":"product-type-variable","13":"has-default-attributes"},"jetpack_sharing_enabled":true,"_links":{"self":[{"href":"https:\/\/vedtilventeren.com\/fr\/wp-json\/wp\/v2\/product\/1644","targetHints":{"allow":["GET"]}}],"collection":[{"href":"https:\/\/vedtilventeren.com\/fr\/wp-json\/wp\/v2\/product"}],"about":[{"href":"https:\/\/vedtilventeren.com\/fr\/wp-json\/wp\/v2\/types\/product"}],"replies":[{"embeddable":true,"href":"https:\/\/vedtilventeren.com\/fr\/wp-json\/wp\/v2\/comments?post=1644"}],"version-history":[{"count":1,"href":"https:\/\/vedtilventeren.com\/fr\/wp-json\/wp\/v2\/product\/1644\/revisions"}],"predecessor-version":[{"id":1684,"href":"https:\/\/vedtilventeren.com\/fr\/wp-json\/wp\/v2\/product\/1644\/revisions\/1684"}],"wp:featuredmedia":[{"embeddable":true,"href":"https:\/\/vedtilventeren.com\/fr\/wp-json\/wp\/v2\/media\/1683"}],"wp:attachment":[{"href":"https:\/\/vedtilventeren.com\/fr\/wp-json\/wp\/v2\/media?parent=1644"}],"wp:term":[{"taxonomy":"product_brand","embeddable":true,"href":"https:\/\/vedtilventeren.com\/fr\/wp-json\/wp\/v2\/product_brand?post=1644"},{"taxonomy":"product_cat","embeddable":true,"href":"https:\/\/vedtilventeren.com\/fr\/wp-json\/wp\/v2\/product_cat?post=1644"},{"taxonomy":"product_tag","embeddable":true,"href":"https:\/\/vedtilventeren.com\/fr\/wp-json\/wp\/v2\/product_tag?post=1644"}],"curies":[{"name":"wp","href":"https:\/\/api.w.org\/{rel}","templated":true}]}}