{"id":1646,"date":"2025-11-29T21:55:31","date_gmt":"2025-11-29T20:55:31","guid":{"rendered":"https:\/\/meca-remorque.com\/?post_type=product&#038;p=1646"},"modified":"2025-12-05T15:11:14","modified_gmt":"2025-12-05T14:11:14","slug":"jotul-f-135","status":"publish","type":"product","link":"https:\/\/vedtilventeren.com\/fr\/produit\/jotul-f-135\/","title":{"rendered":"J\u00d8TUL F 135"},"content":{"rendered":"<p>En av v\u00e5re mest rentbrennende vedovner laget i solid st\u00f8pejern. Vedovnen har glass p\u00e5 tre sider, som gj\u00f8r flammene synlige fra flere vinkler. Den er spesielt godt egnet for lavenergihus, med mulighet for friskluftstilkobling for optimal oppvarming. Et rentbrennende moderne forbrenningssystem sikrer lavt vedforbruk, og god fyrings\u00f8konomi. Vedovnen har en praktisk askeskuff som gj\u00f8r det enkelt \u00e5 t\u00f8mme aske, i tillegg til \u00e5 v\u00e6re utstyrt med luftspyling som sikrer renere glass. Designerne bak denne modellen, er det prisvinnende designbyr\u00e5et Hareide Design.<\/p>","protected":false},"excerpt":{"rendered":"<p>Elegant og stilren vedovn<\/p>","protected":false},"featured_media":1691,"comment_status":"open","ping_status":"closed","template":"","meta":[],"product_brand":[],"product_cat":[283],"product_tag":[],"class_list":{"0":"post-1646","1":"product","2":"type-product","3":"status-publish","4":"has-post-thumbnail","6":"product_cat-vedovn","8":"first","9":"instock","10":"shipping-taxable","11":"purchasable","12":"product-type-variable","13":"has-default-attributes"},"jetpack_sharing_enabled":true,"_links":{"self":[{"href":"https:\/\/vedtilventeren.com\/fr\/wp-json\/wp\/v2\/product\/1646","targetHints":{"allow":["GET"]}}],"collection":[{"href":"https:\/\/vedtilventeren.com\/fr\/wp-json\/wp\/v2\/product"}],"about":[{"href":"https:\/\/vedtilventeren.com\/fr\/wp-json\/wp\/v2\/types\/product"}],"replies":[{"embeddable":true,"href":"https:\/\/vedtilventeren.com\/fr\/wp-json\/wp\/v2\/comments?post=1646"}],"version-history":[{"count":1,"href":"https:\/\/vedtilventeren.com\/fr\/wp-json\/wp\/v2\/product\/1646\/revisions"}],"predecessor-version":[{"id":1692,"href":"https:\/\/vedtilventeren.com\/fr\/wp-json\/wp\/v2\/product\/1646\/revisions\/1692"}],"wp:featuredmedia":[{"embeddable":true,"href":"https:\/\/vedtilventeren.com\/fr\/wp-json\/wp\/v2\/media\/1691"}],"wp:attachment":[{"href":"https:\/\/vedtilventeren.com\/fr\/wp-json\/wp\/v2\/media?parent=1646"}],"wp:term":[{"taxonomy":"product_brand","embeddable":true,"href":"https:\/\/vedtilventeren.com\/fr\/wp-json\/wp\/v2\/product_brand?post=1646"},{"taxonomy":"product_cat","embeddable":true,"href":"https:\/\/vedtilventeren.com\/fr\/wp-json\/wp\/v2\/product_cat?post=1646"},{"taxonomy":"product_tag","embeddable":true,"href":"https:\/\/vedtilventeren.com\/fr\/wp-json\/wp\/v2\/product_tag?post=1646"}],"curies":[{"name":"wp","href":"https:\/\/api.w.org\/{rel}","templated":true}]}}