{"id":1650,"date":"2025-11-29T21:55:31","date_gmt":"2025-11-29T20:55:31","guid":{"rendered":"https:\/\/meca-remorque.com\/?post_type=product&#038;p=1650"},"modified":"2025-12-05T15:11:13","modified_gmt":"2025-12-05T14:11:13","slug":"jotul-f-105-ll","status":"publish","type":"product","link":"https:\/\/vedtilventeren.com\/fr\/produit\/jotul-f-105-ll\/","title":{"rendered":"J\u00d8TUL F 105 LL"},"content":{"rendered":"<p>Liten og effektiv vedovn, som tar liten plass i rommet og blir raskt varm. Denne vedovnen er spesielt godt egnet for lavenergihus, med mulighet for friskluftstilkobling. Kombinasjon av str\u00e5lings- og konveksjonsvarme s\u00f8rger for et behagelig inneklima. Et moderne design med en s\u00e6regen horisontal glassd\u00f8r gir et godt innsyn til flammene. I tillegg er den utstyrt med luftspyling som sikrer renere glass. Vedovnen har brukervennlige l\u00f8sninger som intuitiv luftregulering som gj\u00f8r fyringen enklere. Vedovnen kan tilpasses ved \u00e5 legge til tilleggsutstyr som askeleppe, som reduserer askes\u00f8l, og\/eller varmelagrende klebersteinstopp.<\/p>","protected":false},"excerpt":{"rendered":"<p>Liten men sv\u00e6rt effektiv vedovn<\/p>","protected":false},"featured_media":1699,"comment_status":"open","ping_status":"closed","template":"","meta":[],"product_brand":[],"product_cat":[283],"product_tag":[],"class_list":{"0":"post-1650","1":"product","2":"type-product","3":"status-publish","4":"has-post-thumbnail","6":"product_cat-vedovn","8":"first","9":"instock","10":"shipping-taxable","11":"purchasable","12":"product-type-variable","13":"has-default-attributes"},"jetpack_sharing_enabled":true,"_links":{"self":[{"href":"https:\/\/vedtilventeren.com\/fr\/wp-json\/wp\/v2\/product\/1650","targetHints":{"allow":["GET"]}}],"collection":[{"href":"https:\/\/vedtilventeren.com\/fr\/wp-json\/wp\/v2\/product"}],"about":[{"href":"https:\/\/vedtilventeren.com\/fr\/wp-json\/wp\/v2\/types\/product"}],"replies":[{"embeddable":true,"href":"https:\/\/vedtilventeren.com\/fr\/wp-json\/wp\/v2\/comments?post=1650"}],"version-history":[{"count":1,"href":"https:\/\/vedtilventeren.com\/fr\/wp-json\/wp\/v2\/product\/1650\/revisions"}],"predecessor-version":[{"id":1700,"href":"https:\/\/vedtilventeren.com\/fr\/wp-json\/wp\/v2\/product\/1650\/revisions\/1700"}],"wp:featuredmedia":[{"embeddable":true,"href":"https:\/\/vedtilventeren.com\/fr\/wp-json\/wp\/v2\/media\/1699"}],"wp:attachment":[{"href":"https:\/\/vedtilventeren.com\/fr\/wp-json\/wp\/v2\/media?parent=1650"}],"wp:term":[{"taxonomy":"product_brand","embeddable":true,"href":"https:\/\/vedtilventeren.com\/fr\/wp-json\/wp\/v2\/product_brand?post=1650"},{"taxonomy":"product_cat","embeddable":true,"href":"https:\/\/vedtilventeren.com\/fr\/wp-json\/wp\/v2\/product_cat?post=1650"},{"taxonomy":"product_tag","embeddable":true,"href":"https:\/\/vedtilventeren.com\/fr\/wp-json\/wp\/v2\/product_tag?post=1650"}],"curies":[{"name":"wp","href":"https:\/\/api.w.org\/{rel}","templated":true}]}}