{"id":1722,"date":"2025-11-29T22:12:05","date_gmt":"2025-11-29T21:12:05","guid":{"rendered":"https:\/\/meca-remorque.com\/?post_type=product&#038;p=1722"},"modified":"2025-12-05T15:11:11","modified_gmt":"2025-12-05T14:11:11","slug":"jotul-i-520-f","status":"publish","type":"product","link":"https:\/\/vedtilventeren.com\/fr\/produit\/jotul-i-520-f\/","title":{"rendered":"J\u00d8TUL I 520 F"},"content":{"rendered":"<p>Stor og tidl\u00f8s peisinnsats med ett glass. Peisinnsatsen er laget i solid st\u00f8pejern, med lyse emaljerte brennplater p\u00e5 innsiden som gir et luftig innsyn til peisb\u00e5let. Det store glasset har coating og luftspyling som bidrar til renere glass. Den rentbrennende peisinnsatsen har smekkl\u00e5s i d\u00f8ren, og en kubbestopper i brennkammeret som gj\u00f8r fyringen enkel og trygg. Som tilleggsutstyr er det mulighet for \u00e5 endre d\u00f8ren til \u00e5 bli h\u00f8yrehengslet. Friskluftstilkobling er tilrettelagt, for optimal oppvarming i lavenergihus.<\/p>","protected":false},"excerpt":{"rendered":"<p>Tidl\u00f8s peisinnsats i st\u00f8pejern<\/p>","protected":false},"featured_media":1732,"comment_status":"open","ping_status":"closed","template":"","meta":[],"product_brand":[],"product_cat":[279],"product_tag":[],"class_list":{"0":"post-1722","1":"product","2":"type-product","3":"status-publish","4":"has-post-thumbnail","6":"product_cat-peisinnsatser","8":"first","9":"instock","10":"shipping-taxable","11":"purchasable","12":"product-type-variable","13":"has-default-attributes"},"jetpack_sharing_enabled":true,"_links":{"self":[{"href":"https:\/\/vedtilventeren.com\/fr\/wp-json\/wp\/v2\/product\/1722","targetHints":{"allow":["GET"]}}],"collection":[{"href":"https:\/\/vedtilventeren.com\/fr\/wp-json\/wp\/v2\/product"}],"about":[{"href":"https:\/\/vedtilventeren.com\/fr\/wp-json\/wp\/v2\/types\/product"}],"replies":[{"embeddable":true,"href":"https:\/\/vedtilventeren.com\/fr\/wp-json\/wp\/v2\/comments?post=1722"}],"version-history":[{"count":1,"href":"https:\/\/vedtilventeren.com\/fr\/wp-json\/wp\/v2\/product\/1722\/revisions"}],"predecessor-version":[{"id":1733,"href":"https:\/\/vedtilventeren.com\/fr\/wp-json\/wp\/v2\/product\/1722\/revisions\/1733"}],"wp:featuredmedia":[{"embeddable":true,"href":"https:\/\/vedtilventeren.com\/fr\/wp-json\/wp\/v2\/media\/1732"}],"wp:attachment":[{"href":"https:\/\/vedtilventeren.com\/fr\/wp-json\/wp\/v2\/media?parent=1722"}],"wp:term":[{"taxonomy":"product_brand","embeddable":true,"href":"https:\/\/vedtilventeren.com\/fr\/wp-json\/wp\/v2\/product_brand?post=1722"},{"taxonomy":"product_cat","embeddable":true,"href":"https:\/\/vedtilventeren.com\/fr\/wp-json\/wp\/v2\/product_cat?post=1722"},{"taxonomy":"product_tag","embeddable":true,"href":"https:\/\/vedtilventeren.com\/fr\/wp-json\/wp\/v2\/product_tag?post=1722"}],"curies":[{"name":"wp","href":"https:\/\/api.w.org\/{rel}","templated":true}]}}