{"id":1728,"date":"2025-11-29T22:12:05","date_gmt":"2025-11-29T21:12:05","guid":{"rendered":"https:\/\/meca-remorque.com\/?post_type=product&#038;p=1728"},"modified":"2025-12-05T15:11:09","modified_gmt":"2025-12-05T14:11:09","slug":"jotul-i-520-frl","status":"publish","type":"product","link":"https:\/\/vedtilventeren.com\/fr\/produit\/jotul-i-520-frl\/","title":{"rendered":"J\u00d8TUL I 520 FRL"},"content":{"rendered":"<p>Tidl\u00f8s peisinnsats i solid st\u00f8pejern, med et lyst og luftig brennkammer. Denne rentbrennende peisinnsatsen er utformet med tre glass, som gir godt innsyn til flammene fra flere vinkler i rommet. Luftspyling og coating p\u00e5 glassene gj\u00f8r det enklere \u00e5 opprettholde renere glass. Brukervennlig luftregulering, smekkl\u00e5s i d\u00f8ren og kubbestopper i brennkammeret, s\u00f8rger for enkel og trygg fyring. Med tilpasning til friskluftstilkobling, kan peisinnsatsen i tillegg gi optimal varme i lavenergihus. D\u00f8ren kan endres til \u00e5 bli h\u00f8yrehengslet med tilleggsutstyr hvis \u00f8nskelig.<\/p>","protected":false},"excerpt":{"rendered":"<p>Peisinnsats med panoramautsikt til flammene<\/p>","protected":false},"featured_media":1755,"comment_status":"open","ping_status":"closed","template":"","meta":[],"product_brand":[],"product_cat":[279],"product_tag":[],"class_list":{"0":"post-1728","1":"product","2":"type-product","3":"status-publish","4":"has-post-thumbnail","6":"product_cat-peisinnsatser","8":"first","9":"instock","10":"shipping-taxable","11":"purchasable","12":"product-type-variable","13":"has-default-attributes"},"jetpack_sharing_enabled":true,"_links":{"self":[{"href":"https:\/\/vedtilventeren.com\/fr\/wp-json\/wp\/v2\/product\/1728","targetHints":{"allow":["GET"]}}],"collection":[{"href":"https:\/\/vedtilventeren.com\/fr\/wp-json\/wp\/v2\/product"}],"about":[{"href":"https:\/\/vedtilventeren.com\/fr\/wp-json\/wp\/v2\/types\/product"}],"replies":[{"embeddable":true,"href":"https:\/\/vedtilventeren.com\/fr\/wp-json\/wp\/v2\/comments?post=1728"}],"version-history":[{"count":1,"href":"https:\/\/vedtilventeren.com\/fr\/wp-json\/wp\/v2\/product\/1728\/revisions"}],"predecessor-version":[{"id":1756,"href":"https:\/\/vedtilventeren.com\/fr\/wp-json\/wp\/v2\/product\/1728\/revisions\/1756"}],"wp:featuredmedia":[{"embeddable":true,"href":"https:\/\/vedtilventeren.com\/fr\/wp-json\/wp\/v2\/media\/1755"}],"wp:attachment":[{"href":"https:\/\/vedtilventeren.com\/fr\/wp-json\/wp\/v2\/media?parent=1728"}],"wp:term":[{"taxonomy":"product_brand","embeddable":true,"href":"https:\/\/vedtilventeren.com\/fr\/wp-json\/wp\/v2\/product_brand?post=1728"},{"taxonomy":"product_cat","embeddable":true,"href":"https:\/\/vedtilventeren.com\/fr\/wp-json\/wp\/v2\/product_cat?post=1728"},{"taxonomy":"product_tag","embeddable":true,"href":"https:\/\/vedtilventeren.com\/fr\/wp-json\/wp\/v2\/product_tag?post=1728"}],"curies":[{"name":"wp","href":"https:\/\/api.w.org\/{rel}","templated":true}]}}