{"id":1730,"date":"2025-11-29T22:12:05","date_gmt":"2025-11-29T21:12:05","guid":{"rendered":"https:\/\/meca-remorque.com\/?post_type=product&#038;p=1730"},"modified":"2025-12-05T15:11:08","modified_gmt":"2025-12-05T14:11:08","slug":"jotul-i-620-fl","status":"publish","type":"product","link":"https:\/\/vedtilventeren.com\/fr\/produit\/jotul-i-620-fl\/","title":{"rendered":"J\u00d8TUL I 620 FL"},"content":{"rendered":"<p>Stor og rentbrennende peisinnsats med to glass. Med luftspyling og coating p\u00e5 glassene er det enklere \u00e5 opprettholde renere glass. Peisinnsatsen er laget i solid st\u00f8pejern, med lyse brennplater i hvit vermikulitt og slitesterkt hvitemaljert st\u00f8pejern. Brukervennlige lufteventiler, kubbestopper i brennkammeret og praktisk askel\u00f8sning, gj\u00f8r det enkelt og trygt \u00e5 fyre. D\u00f8ren er utformet med smekkl\u00e5s, og som tilleggsutstyr kan den endres til h\u00f8yrehengslet hvis \u00f8nskelig. Friskluftstilkobling er tilrettelagt, for optimal oppvarming i lavenergihus.<\/p>","protected":false},"excerpt":{"rendered":"<p>Peisinnsats med store glass for god utsikt til flammene<\/p>","protected":false},"featured_media":1759,"comment_status":"open","ping_status":"closed","template":"","meta":[],"product_brand":[],"product_cat":[279],"product_tag":[],"class_list":{"0":"post-1730","1":"product","2":"type-product","3":"status-publish","4":"has-post-thumbnail","6":"product_cat-peisinnsatser","8":"first","9":"instock","10":"shipping-taxable","11":"purchasable","12":"product-type-variable","13":"has-default-attributes"},"jetpack_sharing_enabled":true,"_links":{"self":[{"href":"https:\/\/vedtilventeren.com\/fr\/wp-json\/wp\/v2\/product\/1730","targetHints":{"allow":["GET"]}}],"collection":[{"href":"https:\/\/vedtilventeren.com\/fr\/wp-json\/wp\/v2\/product"}],"about":[{"href":"https:\/\/vedtilventeren.com\/fr\/wp-json\/wp\/v2\/types\/product"}],"replies":[{"embeddable":true,"href":"https:\/\/vedtilventeren.com\/fr\/wp-json\/wp\/v2\/comments?post=1730"}],"version-history":[{"count":1,"href":"https:\/\/vedtilventeren.com\/fr\/wp-json\/wp\/v2\/product\/1730\/revisions"}],"predecessor-version":[{"id":1760,"href":"https:\/\/vedtilventeren.com\/fr\/wp-json\/wp\/v2\/product\/1730\/revisions\/1760"}],"wp:featuredmedia":[{"embeddable":true,"href":"https:\/\/vedtilventeren.com\/fr\/wp-json\/wp\/v2\/media\/1759"}],"wp:attachment":[{"href":"https:\/\/vedtilventeren.com\/fr\/wp-json\/wp\/v2\/media?parent=1730"}],"wp:term":[{"taxonomy":"product_brand","embeddable":true,"href":"https:\/\/vedtilventeren.com\/fr\/wp-json\/wp\/v2\/product_brand?post=1730"},{"taxonomy":"product_cat","embeddable":true,"href":"https:\/\/vedtilventeren.com\/fr\/wp-json\/wp\/v2\/product_cat?post=1730"},{"taxonomy":"product_tag","embeddable":true,"href":"https:\/\/vedtilventeren.com\/fr\/wp-json\/wp\/v2\/product_tag?post=1730"}],"curies":[{"name":"wp","href":"https:\/\/api.w.org\/{rel}","templated":true}]}}