{"id":1751,"date":"2025-11-29T22:12:29","date_gmt":"2025-11-29T21:12:29","guid":{"rendered":"https:\/\/meca-remorque.com\/?post_type=product&#038;p=1751"},"modified":"2025-12-05T15:11:07","modified_gmt":"2025-12-05T14:11:07","slug":"jotul-i-620-frl","status":"publish","type":"product","link":"https:\/\/vedtilventeren.com\/fr\/produit\/jotul-i-620-frl\/","title":{"rendered":"J\u00d8TUL I 620 FRL"},"content":{"rendered":"<p>Rentbrennende peisinnsats laget i solid st\u00f8pejern med stort brennkammer, og god plass til ved. Peisinnsatsen er utformet med tre glass, som gir  panoramainnsyn til flammene fra flere vinkler. For \u00e5 enklere opprettholde renere glass er vedovnen utstyrt med luftspyling som spyler luft ned langs innsiden av glasset, i tillegg til at glassene har coating. Med lyse brennplater i hvit vermikulitt og slitesterkt hvitemaljert st\u00f8pejern, f\u00e5r du et lyst brennkammer som gir et vakkert flammebilde. Selvom peisinnsatsen er stor i st\u00f8rrelsen er den designet for \u00e5 kunne brenne optimalt selv ved lav effekt. Med egenskaper som smekkl\u00e5s i d\u00f8ren, kubbestopper i brennkammeret, og intuitiv luftregulering f\u00e5r du en peisinnsats som gj\u00f8r fyring trygt og enkelt. Friskluftstilkobling er tilrettelagt, for optimal oppvarming i lavenergihus. Med tilleggsutstyr er det mulig \u00e5 endre d\u00f8ren til h\u00f8yrehengslet.<\/p>","protected":false},"excerpt":{"rendered":"<p>Stor peisinnsats med panoramainnsyn til flammene<\/p>","protected":false},"featured_media":1769,"comment_status":"open","ping_status":"closed","template":"","meta":[],"product_brand":[],"product_cat":[279],"product_tag":[],"class_list":{"0":"post-1751","1":"product","2":"type-product","3":"status-publish","4":"has-post-thumbnail","6":"product_cat-peisinnsatser","8":"first","9":"instock","10":"shipping-taxable","11":"purchasable","12":"product-type-variable","13":"has-default-attributes"},"jetpack_sharing_enabled":true,"_links":{"self":[{"href":"https:\/\/vedtilventeren.com\/fr\/wp-json\/wp\/v2\/product\/1751","targetHints":{"allow":["GET"]}}],"collection":[{"href":"https:\/\/vedtilventeren.com\/fr\/wp-json\/wp\/v2\/product"}],"about":[{"href":"https:\/\/vedtilventeren.com\/fr\/wp-json\/wp\/v2\/types\/product"}],"replies":[{"embeddable":true,"href":"https:\/\/vedtilventeren.com\/fr\/wp-json\/wp\/v2\/comments?post=1751"}],"version-history":[{"count":1,"href":"https:\/\/vedtilventeren.com\/fr\/wp-json\/wp\/v2\/product\/1751\/revisions"}],"predecessor-version":[{"id":1770,"href":"https:\/\/vedtilventeren.com\/fr\/wp-json\/wp\/v2\/product\/1751\/revisions\/1770"}],"wp:featuredmedia":[{"embeddable":true,"href":"https:\/\/vedtilventeren.com\/fr\/wp-json\/wp\/v2\/media\/1769"}],"wp:attachment":[{"href":"https:\/\/vedtilventeren.com\/fr\/wp-json\/wp\/v2\/media?parent=1751"}],"wp:term":[{"taxonomy":"product_brand","embeddable":true,"href":"https:\/\/vedtilventeren.com\/fr\/wp-json\/wp\/v2\/product_brand?post=1751"},{"taxonomy":"product_cat","embeddable":true,"href":"https:\/\/vedtilventeren.com\/fr\/wp-json\/wp\/v2\/product_cat?post=1751"},{"taxonomy":"product_tag","embeddable":true,"href":"https:\/\/vedtilventeren.com\/fr\/wp-json\/wp\/v2\/product_tag?post=1751"}],"curies":[{"name":"wp","href":"https:\/\/api.w.org\/{rel}","templated":true}]}}