{"id":1753,"date":"2025-11-29T22:12:29","date_gmt":"2025-11-29T21:12:29","guid":{"rendered":"https:\/\/meca-remorque.com\/?post_type=product&#038;p=1753"},"modified":"2025-12-05T15:11:06","modified_gmt":"2025-12-05T14:11:06","slug":"jotul-i-620-f","status":"publish","type":"product","link":"https:\/\/vedtilventeren.com\/fr\/produit\/jotul-i-620-f\/","title":{"rendered":"J\u00d8TUL I 620 F"},"content":{"rendered":"<p>Stor og bred peisinnsats i st\u00f8pejern med godt innsyn til flammene. Den rentbrennende peisinnsatsen har ett stort glass med luftspyling og coating som sikrer renere glass ved optimalt bruk. Emaljerte brennplater i brennkammeret gir et lyst og luftig innsyn til peisb\u00e5let. Den har mulighet for friskluftstilkobling, noe som gj\u00f8r den spesielt godt egnet til lavenergihus. Brukervennlige egenskaper som kubbestopper i brennkammeret og smekkl\u00e5s i d\u00f8ren gj\u00f8r peisinnsatsen enkel og sikker \u00e5 bruke. Symbolene p\u00e5 luftventilene gj\u00f8r det enkelt \u00e5 fyre riktig, og som tilleggsutstyr kan d\u00f8ren endres til h\u00f8yre side etter \u00f8nske.<\/p>","protected":false},"excerpt":{"rendered":"<p>Stor peisinnsats i st\u00f8pejern som gir mye varme<\/p>","protected":false},"featured_media":1780,"comment_status":"open","ping_status":"closed","template":"","meta":[],"product_brand":[],"product_cat":[279],"product_tag":[],"class_list":{"0":"post-1753","1":"product","2":"type-product","3":"status-publish","4":"has-post-thumbnail","6":"product_cat-peisinnsatser","8":"first","9":"instock","10":"shipping-taxable","11":"purchasable","12":"product-type-variable","13":"has-default-attributes"},"jetpack_sharing_enabled":true,"_links":{"self":[{"href":"https:\/\/vedtilventeren.com\/fr\/wp-json\/wp\/v2\/product\/1753","targetHints":{"allow":["GET"]}}],"collection":[{"href":"https:\/\/vedtilventeren.com\/fr\/wp-json\/wp\/v2\/product"}],"about":[{"href":"https:\/\/vedtilventeren.com\/fr\/wp-json\/wp\/v2\/types\/product"}],"replies":[{"embeddable":true,"href":"https:\/\/vedtilventeren.com\/fr\/wp-json\/wp\/v2\/comments?post=1753"}],"version-history":[{"count":1,"href":"https:\/\/vedtilventeren.com\/fr\/wp-json\/wp\/v2\/product\/1753\/revisions"}],"predecessor-version":[{"id":1781,"href":"https:\/\/vedtilventeren.com\/fr\/wp-json\/wp\/v2\/product\/1753\/revisions\/1781"}],"wp:featuredmedia":[{"embeddable":true,"href":"https:\/\/vedtilventeren.com\/fr\/wp-json\/wp\/v2\/media\/1780"}],"wp:attachment":[{"href":"https:\/\/vedtilventeren.com\/fr\/wp-json\/wp\/v2\/media?parent=1753"}],"wp:term":[{"taxonomy":"product_brand","embeddable":true,"href":"https:\/\/vedtilventeren.com\/fr\/wp-json\/wp\/v2\/product_brand?post=1753"},{"taxonomy":"product_cat","embeddable":true,"href":"https:\/\/vedtilventeren.com\/fr\/wp-json\/wp\/v2\/product_cat?post=1753"},{"taxonomy":"product_tag","embeddable":true,"href":"https:\/\/vedtilventeren.com\/fr\/wp-json\/wp\/v2\/product_tag?post=1753"}],"curies":[{"name":"wp","href":"https:\/\/api.w.org\/{rel}","templated":true}]}}