{"id":1772,"date":"2025-11-29T22:12:50","date_gmt":"2025-11-29T21:12:50","guid":{"rendered":"https:\/\/meca-remorque.com\/?post_type=product&#038;p=1772"},"modified":"2025-12-05T15:11:05","modified_gmt":"2025-12-05T14:11:05","slug":"jotul-terrazza","status":"publish","type":"product","link":"https:\/\/vedtilventeren.com\/fr\/produit\/jotul-terrazza\/","title":{"rendered":"J\u00f8tul Terrazza"},"content":{"rendered":"<p>Vedlikeholdsfri utepeis med grillmuligheter, som kan st\u00e5 ute \u00e5ret rundt. Utepeisen er utformet av norske Hareide Design i slitesterkt cortenst\u00e5l. Etter kort tid f\u00e5r overflaten et beskyttende lag av rust, som b\u00e5de ser lekkert ut, og gj\u00f8r den vedlikeholdsfri. Utepeisen kan derfor fungere som et samlingspunkt i hagen hele \u00e5ret. Den har en stor \u00e5pning til peisb\u00e5let som gir god utsikt til flammene fra flere sider. Som tilleggsutstyr f\u00e5s gnistfanger, underlagsplate og grillrist. Gnistfangeren er designet slik at du kan ha en side \u00e5pen om du \u00f8nsker. Utepeisen m\u00e5 plasseres p\u00e5 et ikke-brennbart materiale.<\/p>","protected":false},"excerpt":{"rendered":"<p>Vedlikeholdsfri utepeis som gir god atmosf\u00e6re<\/p>","protected":false},"featured_media":1787,"comment_status":"open","ping_status":"closed","template":"","meta":[],"product_brand":[],"product_cat":[91],"product_tag":[],"class_list":{"0":"post-1772","1":"product","2":"type-product","3":"status-publish","4":"has-post-thumbnail","6":"product_cat-utepeiser","8":"first","9":"instock","10":"shipping-taxable","11":"purchasable","12":"product-type-variable","13":"has-default-attributes"},"jetpack_sharing_enabled":true,"_links":{"self":[{"href":"https:\/\/vedtilventeren.com\/fr\/wp-json\/wp\/v2\/product\/1772","targetHints":{"allow":["GET"]}}],"collection":[{"href":"https:\/\/vedtilventeren.com\/fr\/wp-json\/wp\/v2\/product"}],"about":[{"href":"https:\/\/vedtilventeren.com\/fr\/wp-json\/wp\/v2\/types\/product"}],"replies":[{"embeddable":true,"href":"https:\/\/vedtilventeren.com\/fr\/wp-json\/wp\/v2\/comments?post=1772"}],"version-history":[{"count":1,"href":"https:\/\/vedtilventeren.com\/fr\/wp-json\/wp\/v2\/product\/1772\/revisions"}],"predecessor-version":[{"id":1788,"href":"https:\/\/vedtilventeren.com\/fr\/wp-json\/wp\/v2\/product\/1772\/revisions\/1788"}],"wp:featuredmedia":[{"embeddable":true,"href":"https:\/\/vedtilventeren.com\/fr\/wp-json\/wp\/v2\/media\/1787"}],"wp:attachment":[{"href":"https:\/\/vedtilventeren.com\/fr\/wp-json\/wp\/v2\/media?parent=1772"}],"wp:term":[{"taxonomy":"product_brand","embeddable":true,"href":"https:\/\/vedtilventeren.com\/fr\/wp-json\/wp\/v2\/product_brand?post=1772"},{"taxonomy":"product_cat","embeddable":true,"href":"https:\/\/vedtilventeren.com\/fr\/wp-json\/wp\/v2\/product_cat?post=1772"},{"taxonomy":"product_tag","embeddable":true,"href":"https:\/\/vedtilventeren.com\/fr\/wp-json\/wp\/v2\/product_tag?post=1772"}],"curies":[{"name":"wp","href":"https:\/\/api.w.org\/{rel}","templated":true}]}}