{"id":1774,"date":"2025-11-29T22:12:50","date_gmt":"2025-11-29T21:12:50","guid":{"rendered":"https:\/\/meca-remorque.com\/?post_type=product&#038;p=1774"},"modified":"2025-12-05T15:11:04","modified_gmt":"2025-12-05T14:11:04","slug":"jotul-terrazza-xl","status":"publish","type":"product","link":"https:\/\/vedtilventeren.com\/fr\/produit\/jotul-terrazza-xl\/","title":{"rendered":"J\u00f8tul Terrazza XL"},"content":{"rendered":"<p>Stor og vedlikeholdsfri utepeis med grillmuligheter, laget i cortenst\u00e5l. Etter kort tid f\u00e5r materialet en rustikk, r\u00f8ff og rusten overflate. I tillegg til \u00e5 gi utepeisen en lekker patina, fungerer det ogs\u00e5 som beskyttelse for st\u00e5let, og gj\u00f8r at utepeisen t\u00e5ler \u00e5 st\u00e5 ute hele \u00e5ret. Et stort, \u00e5pent og opph\u00f8yd brennkammer, gir godt innsyn til flammene fra flere vinkler. Et flott tilskudd til uteplassen som vil bli et naturlig samlingspunkt til langt p\u00e5 kveld. Grillrist, gnistfanger og underlagsplate f\u00e5s som tilleggsutstyr. Utepeisen m\u00e5 plasseres p\u00e5 et ikke-brennbart materiale.<\/p>","protected":false},"excerpt":{"rendered":"<p>Stor og vedlikeholdsfri utepeis som forlenger kveldskosen<\/p>","protected":false},"featured_media":1797,"comment_status":"open","ping_status":"closed","template":"","meta":[],"product_brand":[],"product_cat":[91],"product_tag":[],"class_list":{"0":"post-1774","1":"product","2":"type-product","3":"status-publish","4":"has-post-thumbnail","6":"product_cat-utepeiser","8":"first","9":"instock","10":"shipping-taxable","11":"purchasable","12":"product-type-variable","13":"has-default-attributes"},"jetpack_sharing_enabled":true,"_links":{"self":[{"href":"https:\/\/vedtilventeren.com\/fr\/wp-json\/wp\/v2\/product\/1774","targetHints":{"allow":["GET"]}}],"collection":[{"href":"https:\/\/vedtilventeren.com\/fr\/wp-json\/wp\/v2\/product"}],"about":[{"href":"https:\/\/vedtilventeren.com\/fr\/wp-json\/wp\/v2\/types\/product"}],"replies":[{"embeddable":true,"href":"https:\/\/vedtilventeren.com\/fr\/wp-json\/wp\/v2\/comments?post=1774"}],"version-history":[{"count":1,"href":"https:\/\/vedtilventeren.com\/fr\/wp-json\/wp\/v2\/product\/1774\/revisions"}],"predecessor-version":[{"id":1798,"href":"https:\/\/vedtilventeren.com\/fr\/wp-json\/wp\/v2\/product\/1774\/revisions\/1798"}],"wp:featuredmedia":[{"embeddable":true,"href":"https:\/\/vedtilventeren.com\/fr\/wp-json\/wp\/v2\/media\/1797"}],"wp:attachment":[{"href":"https:\/\/vedtilventeren.com\/fr\/wp-json\/wp\/v2\/media?parent=1774"}],"wp:term":[{"taxonomy":"product_brand","embeddable":true,"href":"https:\/\/vedtilventeren.com\/fr\/wp-json\/wp\/v2\/product_brand?post=1774"},{"taxonomy":"product_cat","embeddable":true,"href":"https:\/\/vedtilventeren.com\/fr\/wp-json\/wp\/v2\/product_cat?post=1774"},{"taxonomy":"product_tag","embeddable":true,"href":"https:\/\/vedtilventeren.com\/fr\/wp-json\/wp\/v2\/product_tag?post=1774"}],"curies":[{"name":"wp","href":"https:\/\/api.w.org\/{rel}","templated":true}]}}