{"id":1776,"date":"2025-11-29T22:12:50","date_gmt":"2025-11-29T21:12:50","guid":{"rendered":"https:\/\/meca-remorque.com\/?post_type=product&#038;p=1776"},"modified":"2025-12-05T15:11:03","modified_gmt":"2025-12-05T14:11:03","slug":"jotul-loke","status":"publish","type":"product","link":"https:\/\/vedtilventeren.com\/fr\/produit\/jotul-loke\/","title":{"rendered":"J\u00f8tul Loke"},"content":{"rendered":"<p>Utepeis i cortenst\u00e5l som kan brukes ute \u00e5ret rundt. Den er utformet i vedlikeholdsfritt cortenst\u00e5l, som gir en rustet og r\u00f8ff overflate. Utepeisen varmer godt, og skaper en stemningsfull og koselig atmosf\u00e6re til langt ut p\u00e5 kvelden. Brennkammeret er opph\u00f8yd, slik at du f\u00e5r god utsikt til flammene. Sokkelen har et praktisk rom for oppbevaring av ved og opptenningsutstyr. En praktisk grillrist f\u00e5s som tilleggsutstyr, som gj\u00f8r det mulig \u00e5 bruke utepeisen som grill. Gnistfanger og underlagsplate f\u00e5s ogs\u00e5 som tilleggsutstyr. Utepeisen m\u00e5 plasseres p\u00e5 et ikke-brennbart materiale.<\/p>","protected":false},"excerpt":{"rendered":"<p>Vedlikeholdsfri utepeis som er godt egnet for grilling<\/p>","protected":false},"featured_media":1806,"comment_status":"open","ping_status":"closed","template":"","meta":[],"product_brand":[],"product_cat":[91],"product_tag":[],"class_list":{"0":"post-1776","1":"product","2":"type-product","3":"status-publish","4":"has-post-thumbnail","6":"product_cat-utepeiser","8":"first","9":"instock","10":"shipping-taxable","11":"purchasable","12":"product-type-variable","13":"has-default-attributes"},"jetpack_sharing_enabled":true,"_links":{"self":[{"href":"https:\/\/vedtilventeren.com\/fr\/wp-json\/wp\/v2\/product\/1776","targetHints":{"allow":["GET"]}}],"collection":[{"href":"https:\/\/vedtilventeren.com\/fr\/wp-json\/wp\/v2\/product"}],"about":[{"href":"https:\/\/vedtilventeren.com\/fr\/wp-json\/wp\/v2\/types\/product"}],"replies":[{"embeddable":true,"href":"https:\/\/vedtilventeren.com\/fr\/wp-json\/wp\/v2\/comments?post=1776"}],"version-history":[{"count":1,"href":"https:\/\/vedtilventeren.com\/fr\/wp-json\/wp\/v2\/product\/1776\/revisions"}],"predecessor-version":[{"id":1807,"href":"https:\/\/vedtilventeren.com\/fr\/wp-json\/wp\/v2\/product\/1776\/revisions\/1807"}],"wp:featuredmedia":[{"embeddable":true,"href":"https:\/\/vedtilventeren.com\/fr\/wp-json\/wp\/v2\/media\/1806"}],"wp:attachment":[{"href":"https:\/\/vedtilventeren.com\/fr\/wp-json\/wp\/v2\/media?parent=1776"}],"wp:term":[{"taxonomy":"product_brand","embeddable":true,"href":"https:\/\/vedtilventeren.com\/fr\/wp-json\/wp\/v2\/product_brand?post=1776"},{"taxonomy":"product_cat","embeddable":true,"href":"https:\/\/vedtilventeren.com\/fr\/wp-json\/wp\/v2\/product_cat?post=1776"},{"taxonomy":"product_tag","embeddable":true,"href":"https:\/\/vedtilventeren.com\/fr\/wp-json\/wp\/v2\/product_tag?post=1776"}],"curies":[{"name":"wp","href":"https:\/\/api.w.org\/{rel}","templated":true}]}}