{"id":1778,"date":"2025-11-29T22:12:51","date_gmt":"2025-11-29T21:12:51","guid":{"rendered":"https:\/\/meca-remorque.com\/?post_type=product&#038;p=1778"},"modified":"2025-12-05T15:11:02","modified_gmt":"2025-12-05T14:11:02","slug":"jotul-froya","status":"publish","type":"product","link":"https:\/\/vedtilventeren.com\/fr\/produit\/jotul-froya\/","title":{"rendered":"J\u00f8tul Fr\u00f8ya"},"content":{"rendered":"<p>Vedlikeholdsfri utepeis i cortenst\u00e5l som kan st\u00e5 ute hele \u00e5ret. Utepeisen er rund i formen, og det \u00e5pne brennkammeret gir godt innsyn til de levende flammene. Den varmer og gj\u00f8r uteomr\u00e5det til et naturlig samlingspunkt p\u00e5 sene sommerkvelder, og kalde vinterdager. Utepeisen er laget i cortenst\u00e5l, et materiale som ruster naturlig og gir en lekker overflate. Den trenger derfor ikke \u00e5 dekkes til n\u00e5r den ikke er i bruk, og krever heller ikke vedlikehold. Gnistfanger og underlagsplate f\u00e5s som tilleggsutstyr. Utepeisen m\u00e5 plasseres p\u00e5 et ikke-brennbart materiale.<\/p>","protected":false},"excerpt":{"rendered":"<p>En utepeis som vil bli et naturlig samlingspunkt i hagen<\/p>","protected":false},"featured_media":1821,"comment_status":"open","ping_status":"closed","template":"","meta":[],"product_brand":[],"product_cat":[91],"product_tag":[],"class_list":{"0":"post-1778","1":"product","2":"type-product","3":"status-publish","4":"has-post-thumbnail","6":"product_cat-utepeiser","8":"first","9":"instock","10":"shipping-taxable","11":"purchasable","12":"product-type-variable","13":"has-default-attributes"},"jetpack_sharing_enabled":true,"_links":{"self":[{"href":"https:\/\/vedtilventeren.com\/fr\/wp-json\/wp\/v2\/product\/1778","targetHints":{"allow":["GET"]}}],"collection":[{"href":"https:\/\/vedtilventeren.com\/fr\/wp-json\/wp\/v2\/product"}],"about":[{"href":"https:\/\/vedtilventeren.com\/fr\/wp-json\/wp\/v2\/types\/product"}],"replies":[{"embeddable":true,"href":"https:\/\/vedtilventeren.com\/fr\/wp-json\/wp\/v2\/comments?post=1778"}],"version-history":[{"count":1,"href":"https:\/\/vedtilventeren.com\/fr\/wp-json\/wp\/v2\/product\/1778\/revisions"}],"predecessor-version":[{"id":1822,"href":"https:\/\/vedtilventeren.com\/fr\/wp-json\/wp\/v2\/product\/1778\/revisions\/1822"}],"wp:featuredmedia":[{"embeddable":true,"href":"https:\/\/vedtilventeren.com\/fr\/wp-json\/wp\/v2\/media\/1821"}],"wp:attachment":[{"href":"https:\/\/vedtilventeren.com\/fr\/wp-json\/wp\/v2\/media?parent=1778"}],"wp:term":[{"taxonomy":"product_brand","embeddable":true,"href":"https:\/\/vedtilventeren.com\/fr\/wp-json\/wp\/v2\/product_brand?post=1778"},{"taxonomy":"product_cat","embeddable":true,"href":"https:\/\/vedtilventeren.com\/fr\/wp-json\/wp\/v2\/product_cat?post=1778"},{"taxonomy":"product_tag","embeddable":true,"href":"https:\/\/vedtilventeren.com\/fr\/wp-json\/wp\/v2\/product_tag?post=1778"}],"curies":[{"name":"wp","href":"https:\/\/api.w.org\/{rel}","templated":true}]}}