{"id":1793,"date":"2025-11-29T22:13:13","date_gmt":"2025-11-29T21:13:13","guid":{"rendered":"https:\/\/meca-remorque.com\/?post_type=product&#038;p=1793"},"modified":"2025-12-05T15:11:01","modified_gmt":"2025-12-05T14:11:01","slug":"jotul-f-305-ll","status":"publish","type":"product","link":"https:\/\/vedtilventeren.com\/fr\/produit\/jotul-f-305-ll\/","title":{"rendered":"J\u00d8TUL F 305 LL"},"content":{"rendered":"<p>Vedovn i prisvinnende design utformet av norske Anderssen &amp; Voll. Det horisontale brennkammeret rommer store vedkubber, og gir et godt innsyn til flammene under fyring. Det er enkelt \u00e5 regulere trekken med brukervennlig luftregulering, og bak d\u00f8ren skjuler det seg en praktisk askel\u00f8sning som gj\u00f8r t\u00f8mming av aske enkelt. Dette er en av v\u00e5re mest rentbrennende vedovner, hvor vi har lagt vekt p\u00e5 brukervennlig funksjonalitet og gode varmeegenskaper. Vedovnen er ogs\u00e5 utstyrt med luftspyling som sikrer renere glass.<\/p>","protected":false},"excerpt":{"rendered":"<p>Stilren og tidl\u00f8s vedovn<\/p>","protected":false},"featured_media":1828,"comment_status":"open","ping_status":"closed","template":"","meta":[],"product_brand":[],"product_cat":[283],"product_tag":[],"class_list":{"0":"post-1793","1":"product","2":"type-product","3":"status-publish","4":"has-post-thumbnail","6":"product_cat-vedovn","8":"first","9":"instock","10":"shipping-taxable","11":"purchasable","12":"product-type-variable","13":"has-default-attributes"},"jetpack_sharing_enabled":true,"_links":{"self":[{"href":"https:\/\/vedtilventeren.com\/fr\/wp-json\/wp\/v2\/product\/1793","targetHints":{"allow":["GET"]}}],"collection":[{"href":"https:\/\/vedtilventeren.com\/fr\/wp-json\/wp\/v2\/product"}],"about":[{"href":"https:\/\/vedtilventeren.com\/fr\/wp-json\/wp\/v2\/types\/product"}],"replies":[{"embeddable":true,"href":"https:\/\/vedtilventeren.com\/fr\/wp-json\/wp\/v2\/comments?post=1793"}],"version-history":[{"count":1,"href":"https:\/\/vedtilventeren.com\/fr\/wp-json\/wp\/v2\/product\/1793\/revisions"}],"predecessor-version":[{"id":1829,"href":"https:\/\/vedtilventeren.com\/fr\/wp-json\/wp\/v2\/product\/1793\/revisions\/1829"}],"wp:featuredmedia":[{"embeddable":true,"href":"https:\/\/vedtilventeren.com\/fr\/wp-json\/wp\/v2\/media\/1828"}],"wp:attachment":[{"href":"https:\/\/vedtilventeren.com\/fr\/wp-json\/wp\/v2\/media?parent=1793"}],"wp:term":[{"taxonomy":"product_brand","embeddable":true,"href":"https:\/\/vedtilventeren.com\/fr\/wp-json\/wp\/v2\/product_brand?post=1793"},{"taxonomy":"product_cat","embeddable":true,"href":"https:\/\/vedtilventeren.com\/fr\/wp-json\/wp\/v2\/product_cat?post=1793"},{"taxonomy":"product_tag","embeddable":true,"href":"https:\/\/vedtilventeren.com\/fr\/wp-json\/wp\/v2\/product_tag?post=1793"}],"curies":[{"name":"wp","href":"https:\/\/api.w.org\/{rel}","templated":true}]}}