{"id":1819,"date":"2025-11-29T22:13:42","date_gmt":"2025-11-29T21:13:42","guid":{"rendered":"https:\/\/meca-remorque.com\/?post_type=product&#038;p=1819"},"modified":"2025-12-05T15:10:59","modified_gmt":"2025-12-05T14:10:59","slug":"jotul-f-400-eco-se","status":"publish","type":"product","link":"https:\/\/vedtilventeren.com\/fr\/produit\/jotul-f-400-eco-se\/","title":{"rendered":"J\u00d8TUL F 400 ECO SE"},"content":{"rendered":"<p>Stor og klassisk vedovn med god plass i brennkammeret. Vedovnen er laget i solid st\u00f8pejern, og sidene er preget med et m\u00f8nster inspirert av norskekysten. Den store glassd\u00f8ren uten sprosser gir godt innsyn til flammene under fyring. Luftspyling s\u00f8rger for at glasset enklere holder seg rent. Denne vedovnen er ikke bare en av de st\u00f8rste p\u00e5 markedet, men ogs\u00e5 en av v\u00e5re mest rentbrennende. Lufteventilen gj\u00f8r det enkelt \u00e5 fyre opp i, og ikke minst holde fyr i vedovnen over tid.<\/p>","protected":false},"excerpt":{"rendered":"<p>Stor og robust vedovn i st\u00f8pejern<\/p>","protected":false},"featured_media":1854,"comment_status":"open","ping_status":"closed","template":"","meta":[],"product_brand":[],"product_cat":[283],"product_tag":[],"class_list":{"0":"post-1819","1":"product","2":"type-product","3":"status-publish","4":"has-post-thumbnail","6":"product_cat-vedovn","8":"first","9":"instock","10":"shipping-taxable","11":"purchasable","12":"product-type-variable","13":"has-default-attributes"},"jetpack_sharing_enabled":true,"_links":{"self":[{"href":"https:\/\/vedtilventeren.com\/fr\/wp-json\/wp\/v2\/product\/1819","targetHints":{"allow":["GET"]}}],"collection":[{"href":"https:\/\/vedtilventeren.com\/fr\/wp-json\/wp\/v2\/product"}],"about":[{"href":"https:\/\/vedtilventeren.com\/fr\/wp-json\/wp\/v2\/types\/product"}],"replies":[{"embeddable":true,"href":"https:\/\/vedtilventeren.com\/fr\/wp-json\/wp\/v2\/comments?post=1819"}],"version-history":[{"count":1,"href":"https:\/\/vedtilventeren.com\/fr\/wp-json\/wp\/v2\/product\/1819\/revisions"}],"predecessor-version":[{"id":1855,"href":"https:\/\/vedtilventeren.com\/fr\/wp-json\/wp\/v2\/product\/1819\/revisions\/1855"}],"wp:featuredmedia":[{"embeddable":true,"href":"https:\/\/vedtilventeren.com\/fr\/wp-json\/wp\/v2\/media\/1854"}],"wp:attachment":[{"href":"https:\/\/vedtilventeren.com\/fr\/wp-json\/wp\/v2\/media?parent=1819"}],"wp:term":[{"taxonomy":"product_brand","embeddable":true,"href":"https:\/\/vedtilventeren.com\/fr\/wp-json\/wp\/v2\/product_brand?post=1819"},{"taxonomy":"product_cat","embeddable":true,"href":"https:\/\/vedtilventeren.com\/fr\/wp-json\/wp\/v2\/product_cat?post=1819"},{"taxonomy":"product_tag","embeddable":true,"href":"https:\/\/vedtilventeren.com\/fr\/wp-json\/wp\/v2\/product_tag?post=1819"}],"curies":[{"name":"wp","href":"https:\/\/api.w.org\/{rel}","templated":true}]}}