{"id":1836,"date":"2025-11-29T22:14:34","date_gmt":"2025-11-29T21:14:34","guid":{"rendered":"https:\/\/meca-remorque.com\/?post_type=product&#038;p=1836"},"modified":"2025-12-05T15:10:58","modified_gmt":"2025-12-05T14:10:58","slug":"jotul-f-100-eco-2-ll","status":"publish","type":"product","link":"https:\/\/vedtilventeren.com\/fr\/produit\/jotul-f-100-eco-2-ll\/","title":{"rendered":"J\u00d8TUL F 100 ECO.2 LL"},"content":{"rendered":"<p>Liten og klassisk vedovn i st\u00f8pejern med fyringsteknologi fra \u00f8verste hylle, og god varmeeffekt. Vedovnen hviler p\u00e5 fire ben og er preget med norsk tradisjonelt h\u00e5ndverksm\u00f8nster. Bak det tradisjonsrike designet er vedovnen utstyrt med toppmoderne rentbrennende fyringsteknologi, bygget for fremtidens milj\u00f8krav. En horisontal d\u00f8r med sprosser i glasset gir godt innsyn til flammene, og en smart innvendig askel\u00f8sning gj\u00f8r vedovnen enkel \u00e5 t\u00f8mme. I tillegg er vedovnen utstyrt med luftspyling, som bidrar til renere peisglass.<\/p>","protected":false},"excerpt":{"rendered":"<p>Klassisk vedovn med moderne fyringsteknologi<\/p>","protected":false},"featured_media":1860,"comment_status":"open","ping_status":"closed","template":"","meta":[],"product_brand":[],"product_cat":[283],"product_tag":[],"class_list":{"0":"post-1836","1":"product","2":"type-product","3":"status-publish","4":"has-post-thumbnail","6":"product_cat-vedovn","8":"first","9":"instock","10":"shipping-taxable","11":"purchasable","12":"product-type-variable","13":"has-default-attributes"},"jetpack_sharing_enabled":true,"_links":{"self":[{"href":"https:\/\/vedtilventeren.com\/fr\/wp-json\/wp\/v2\/product\/1836","targetHints":{"allow":["GET"]}}],"collection":[{"href":"https:\/\/vedtilventeren.com\/fr\/wp-json\/wp\/v2\/product"}],"about":[{"href":"https:\/\/vedtilventeren.com\/fr\/wp-json\/wp\/v2\/types\/product"}],"replies":[{"embeddable":true,"href":"https:\/\/vedtilventeren.com\/fr\/wp-json\/wp\/v2\/comments?post=1836"}],"version-history":[{"count":1,"href":"https:\/\/vedtilventeren.com\/fr\/wp-json\/wp\/v2\/product\/1836\/revisions"}],"predecessor-version":[{"id":1861,"href":"https:\/\/vedtilventeren.com\/fr\/wp-json\/wp\/v2\/product\/1836\/revisions\/1861"}],"wp:featuredmedia":[{"embeddable":true,"href":"https:\/\/vedtilventeren.com\/fr\/wp-json\/wp\/v2\/media\/1860"}],"wp:attachment":[{"href":"https:\/\/vedtilventeren.com\/fr\/wp-json\/wp\/v2\/media?parent=1836"}],"wp:term":[{"taxonomy":"product_brand","embeddable":true,"href":"https:\/\/vedtilventeren.com\/fr\/wp-json\/wp\/v2\/product_brand?post=1836"},{"taxonomy":"product_cat","embeddable":true,"href":"https:\/\/vedtilventeren.com\/fr\/wp-json\/wp\/v2\/product_cat?post=1836"},{"taxonomy":"product_tag","embeddable":true,"href":"https:\/\/vedtilventeren.com\/fr\/wp-json\/wp\/v2\/product_tag?post=1836"}],"curies":[{"name":"wp","href":"https:\/\/api.w.org\/{rel}","templated":true}]}}