{"id":1838,"date":"2025-11-29T22:14:34","date_gmt":"2025-11-29T21:14:34","guid":{"rendered":"https:\/\/meca-remorque.com\/?post_type=product&#038;p=1838"},"modified":"2025-12-05T15:10:57","modified_gmt":"2025-12-05T14:10:57","slug":"jotul-f-100-eco-2-ll-se","status":"publish","type":"product","link":"https:\/\/vedtilventeren.com\/fr\/produit\/jotul-f-100-eco-2-ll-se\/","title":{"rendered":"J\u00d8TUL F 100 ECO.2 LL SE"},"content":{"rendered":"<p>Liten vedovn i et klassisk design med norsk tradisjonelt h\u00e5ndverksm\u00f8nster. Vedovnen er rentbrennende med toppmoderne fyringsteknologi i verdensklasse &#8211; bygget for fremtidens milj\u00f8krav. Plassert p\u00e5 fire elegante ben, og med en horisontal glassd\u00f8r, f\u00e5r du godt innsyn til flammene. Vedovnen er ogs\u00e5 utstyrt med luftspyling som gj\u00f8r at glasset holder seg renere. Den smarte og brukervennlige innvendige askel\u00f8sningen gj\u00f8r det enkelt \u00e5 t\u00f8mme vedovnen for aske.<\/p>","protected":false},"excerpt":{"rendered":"<p>Vedovn i klassisk design og toppmoderne fyringsteknologi<\/p>","protected":false},"featured_media":1863,"comment_status":"open","ping_status":"closed","template":"","meta":[],"product_brand":[],"product_cat":[283],"product_tag":[],"class_list":{"0":"post-1838","1":"product","2":"type-product","3":"status-publish","4":"has-post-thumbnail","6":"product_cat-vedovn","8":"first","9":"instock","10":"shipping-taxable","11":"purchasable","12":"product-type-variable","13":"has-default-attributes"},"jetpack_sharing_enabled":true,"_links":{"self":[{"href":"https:\/\/vedtilventeren.com\/fr\/wp-json\/wp\/v2\/product\/1838","targetHints":{"allow":["GET"]}}],"collection":[{"href":"https:\/\/vedtilventeren.com\/fr\/wp-json\/wp\/v2\/product"}],"about":[{"href":"https:\/\/vedtilventeren.com\/fr\/wp-json\/wp\/v2\/types\/product"}],"replies":[{"embeddable":true,"href":"https:\/\/vedtilventeren.com\/fr\/wp-json\/wp\/v2\/comments?post=1838"}],"version-history":[{"count":1,"href":"https:\/\/vedtilventeren.com\/fr\/wp-json\/wp\/v2\/product\/1838\/revisions"}],"predecessor-version":[{"id":1864,"href":"https:\/\/vedtilventeren.com\/fr\/wp-json\/wp\/v2\/product\/1838\/revisions\/1864"}],"wp:featuredmedia":[{"embeddable":true,"href":"https:\/\/vedtilventeren.com\/fr\/wp-json\/wp\/v2\/media\/1863"}],"wp:attachment":[{"href":"https:\/\/vedtilventeren.com\/fr\/wp-json\/wp\/v2\/media?parent=1838"}],"wp:term":[{"taxonomy":"product_brand","embeddable":true,"href":"https:\/\/vedtilventeren.com\/fr\/wp-json\/wp\/v2\/product_brand?post=1838"},{"taxonomy":"product_cat","embeddable":true,"href":"https:\/\/vedtilventeren.com\/fr\/wp-json\/wp\/v2\/product_cat?post=1838"},{"taxonomy":"product_tag","embeddable":true,"href":"https:\/\/vedtilventeren.com\/fr\/wp-json\/wp\/v2\/product_tag?post=1838"}],"curies":[{"name":"wp","href":"https:\/\/api.w.org\/{rel}","templated":true}]}}