{"id":1868,"date":"2025-11-29T22:16:40","date_gmt":"2025-11-29T21:16:40","guid":{"rendered":"https:\/\/meca-remorque.com\/?post_type=product&#038;p=1868"},"modified":"2025-12-05T15:10:57","modified_gmt":"2025-12-05T14:10:57","slug":"jotul-f-371-advance","status":"publish","type":"product","link":"https:\/\/vedtilventeren.com\/fr\/produit\/jotul-f-371-advance\/","title":{"rendered":"J\u00d8TUL F 371 ADVANCE"},"content":{"rendered":"<p>En moderne og tidl\u00f8s vedovn designet for \u00e5 gj\u00f8re det enkelt \u00e5 \u00e5pne og lukke d\u00f8ren n\u00e5r du skal legge i ved. D\u00f8ren holder seg \u00e5pen slik at du kan fokusere p\u00e5 \u00e5 legge inn ved uten at den smeller igjen. Ved \u00e5 gi h\u00e5ndtaket et lite \u2018puff\u2019 trekkes d\u00f8ren inn, og lukkes ved hjelp av magneter.<br \/>\nMed sideglass som har coating og integrert luftspyling, er det mye enklere \u00e5 opprettholde renere glass. Luftreguleringen er gjort enkel med \u00e9n betjeningshendel for regulering av luft. \u00d8nsker du \u00e5 se flammene fra flere sider i rommet, kan et dreiesett f\u00e5s som tilleggsutstyr.<\/p>","protected":false},"excerpt":{"rendered":"<p>Moderne og brukervennlig vedovn<\/p>","protected":false},"featured_media":1877,"comment_status":"open","ping_status":"closed","template":"","meta":[],"product_brand":[],"product_cat":[283],"product_tag":[],"class_list":{"0":"post-1868","1":"product","2":"type-product","3":"status-publish","4":"has-post-thumbnail","6":"product_cat-vedovn","8":"first","9":"instock","10":"shipping-taxable","11":"purchasable","12":"product-type-variable","13":"has-default-attributes"},"jetpack_sharing_enabled":true,"_links":{"self":[{"href":"https:\/\/vedtilventeren.com\/fr\/wp-json\/wp\/v2\/product\/1868","targetHints":{"allow":["GET"]}}],"collection":[{"href":"https:\/\/vedtilventeren.com\/fr\/wp-json\/wp\/v2\/product"}],"about":[{"href":"https:\/\/vedtilventeren.com\/fr\/wp-json\/wp\/v2\/types\/product"}],"replies":[{"embeddable":true,"href":"https:\/\/vedtilventeren.com\/fr\/wp-json\/wp\/v2\/comments?post=1868"}],"version-history":[{"count":1,"href":"https:\/\/vedtilventeren.com\/fr\/wp-json\/wp\/v2\/product\/1868\/revisions"}],"predecessor-version":[{"id":1878,"href":"https:\/\/vedtilventeren.com\/fr\/wp-json\/wp\/v2\/product\/1868\/revisions\/1878"}],"wp:featuredmedia":[{"embeddable":true,"href":"https:\/\/vedtilventeren.com\/fr\/wp-json\/wp\/v2\/media\/1877"}],"wp:attachment":[{"href":"https:\/\/vedtilventeren.com\/fr\/wp-json\/wp\/v2\/media?parent=1868"}],"wp:term":[{"taxonomy":"product_brand","embeddable":true,"href":"https:\/\/vedtilventeren.com\/fr\/wp-json\/wp\/v2\/product_brand?post=1868"},{"taxonomy":"product_cat","embeddable":true,"href":"https:\/\/vedtilventeren.com\/fr\/wp-json\/wp\/v2\/product_cat?post=1868"},{"taxonomy":"product_tag","embeddable":true,"href":"https:\/\/vedtilventeren.com\/fr\/wp-json\/wp\/v2\/product_tag?post=1868"}],"curies":[{"name":"wp","href":"https:\/\/api.w.org\/{rel}","templated":true}]}}