{"id":1870,"date":"2025-11-29T22:16:40","date_gmt":"2025-11-29T21:16:40","guid":{"rendered":"https:\/\/meca-remorque.com\/?post_type=product&#038;p=1870"},"modified":"2025-12-05T15:10:56","modified_gmt":"2025-12-05T14:10:56","slug":"jotul-f-371-advance-high-top","status":"publish","type":"product","link":"https:\/\/vedtilventeren.com\/fr\/produit\/jotul-f-371-advance-high-top\/","title":{"rendered":"J\u00d8TUL F 371 ADVANCE HIGH TOP"},"content":{"rendered":"<p>En moderne og h\u00f8y vedovn med prisvinnende design, og glass p\u00e5 tre sider. Denne h\u00f8yreiste og tidl\u00f8se modellen gj\u00f8r det mulig \u00e5 integrere varmelagrende stein i toppen, og har i tillegg mulighet for praktisk oppbevaring av ved eller opptenningsutstyr, i sokkelen. Vedovnen er utstyrt med coatede sideglass og luftspyling, som ved normalt bruk sikrer renere glass. I J\u00f8tul \u00f8nsker vi \u00e5 skape produkter som er enkle \u00e5 bruke. Med integrert &#8216;Stay&#8217;-funksjon holdes d\u00f8ren \u00e5pen n\u00e5r du skal legge i ved, og en magnetisk d\u00f8rlukkemekanisme lukker den sk\u00e5nsomt n\u00e5r du er ferdig. Med \u00e9n hendel for luftregulering, blir det i tillegg enkelt \u00e5 styre luften riktig. Et dreiesett kan f\u00e5s som tilleggsutstyr hvis du \u00f8nsker utsikt til de beroligende flammene fra flere steder i rommet.<\/p>","protected":false},"excerpt":{"rendered":"<p>H\u00f8yreist vedovn som lagrer varme<\/p>","protected":false},"featured_media":1883,"comment_status":"open","ping_status":"closed","template":"","meta":[],"product_brand":[],"product_cat":[283],"product_tag":[],"class_list":{"0":"post-1870","1":"product","2":"type-product","3":"status-publish","4":"has-post-thumbnail","6":"product_cat-vedovn","8":"first","9":"instock","10":"shipping-taxable","11":"purchasable","12":"product-type-variable","13":"has-default-attributes"},"jetpack_sharing_enabled":true,"_links":{"self":[{"href":"https:\/\/vedtilventeren.com\/fr\/wp-json\/wp\/v2\/product\/1870","targetHints":{"allow":["GET"]}}],"collection":[{"href":"https:\/\/vedtilventeren.com\/fr\/wp-json\/wp\/v2\/product"}],"about":[{"href":"https:\/\/vedtilventeren.com\/fr\/wp-json\/wp\/v2\/types\/product"}],"replies":[{"embeddable":true,"href":"https:\/\/vedtilventeren.com\/fr\/wp-json\/wp\/v2\/comments?post=1870"}],"version-history":[{"count":1,"href":"https:\/\/vedtilventeren.com\/fr\/wp-json\/wp\/v2\/product\/1870\/revisions"}],"predecessor-version":[{"id":1884,"href":"https:\/\/vedtilventeren.com\/fr\/wp-json\/wp\/v2\/product\/1870\/revisions\/1884"}],"wp:featuredmedia":[{"embeddable":true,"href":"https:\/\/vedtilventeren.com\/fr\/wp-json\/wp\/v2\/media\/1883"}],"wp:attachment":[{"href":"https:\/\/vedtilventeren.com\/fr\/wp-json\/wp\/v2\/media?parent=1870"}],"wp:term":[{"taxonomy":"product_brand","embeddable":true,"href":"https:\/\/vedtilventeren.com\/fr\/wp-json\/wp\/v2\/product_brand?post=1870"},{"taxonomy":"product_cat","embeddable":true,"href":"https:\/\/vedtilventeren.com\/fr\/wp-json\/wp\/v2\/product_cat?post=1870"},{"taxonomy":"product_tag","embeddable":true,"href":"https:\/\/vedtilventeren.com\/fr\/wp-json\/wp\/v2\/product_tag?post=1870"}],"curies":[{"name":"wp","href":"https:\/\/api.w.org\/{rel}","templated":true}]}}