{"id":3207,"date":"2025-12-02T19:47:37","date_gmt":"2025-12-02T18:47:37","guid":{"rendered":"https:\/\/meca-remorque.com\/?post_type=product&#038;p=3207"},"modified":"2025-12-02T19:47:41","modified_gmt":"2025-12-02T18:47:41","slug":"romotop-heat-r-lift-81-51-40-lyst-brennkammer-hr3lf","status":"publish","type":"product","link":"https:\/\/vedtilventeren.com\/fr\/produit\/romotop-heat-r-lift-81-51-40-lyst-brennkammer-hr3lf\/","title":{"rendered":"Romotop Heat R, lift, 81.51.40 Lyst brennkammer (HR3LF)"},"content":{"rendered":"<p>Eksklusiv hj\u00f8rneinnsats med soft close heved\u00f8r og to-delt glassHEAT er Romotops nyutviklede store peisinnsatser. Med Romotop`s posisjon, som en av Europas store peis og ildsted produsenter, ligger de helt i tet b\u00e5de i effektivitet, kvalitet, og innovasjon.HEAT R\/L 3g L 81.51.40 er en eksklusiv hj\u00f8rneinnsats med to-delt glass.Egenskaper for HEAT C 2g R\/L 81.51.40Design to-delt glass omrammet av en trykt svart kant-Beregnet for peiskasse med konveksjon-Spesielt Romotop DOUBLE SPIN r\u00f8ykgassystem-Heved\u00f8r med Soft Close , nyutviklet presist rullesystem &#8211; D\u00f8ren beveger seg usedvanlig stille og mykt-Konveksjonsplater For og begrense varmestr\u00e5ling. Peisene som selges i Norge har dette som standard-Forbrenningskammeret er kledd med st\u00f8pt Chamottestein. Leveres med 3 \u00e5rs garanti mot bruddskader-Regulering av prim\u00e6r og sekund\u00e6r luftinntak med en enkel hendel i framkant av glasset, nede-terti\u00e6r luftinntak-CAI (eksternt luftinntak) for tilpassing til moderne boliger-Peisinnsatsen oppfyller f\u00f8lgende standarder: EN 13 229, DIN , NS 3058\/3059 , 15a B-VG fra 2015-Vi tilbyr HEAT R\/L 2g i 2 bredder 65 og 80 cm. (glass)-Som tilbeh\u00f8r kan det leveres en rekke rammer , varmelagrende stein etc.<\/p>","protected":false},"excerpt":{"rendered":"<p>Eksklusiv hj\u00f8rneinnsats med soft close heved\u00f8r og to-delt glass &#8230;les mer<\/p>","protected":false},"featured_media":3237,"comment_status":"open","ping_status":"closed","template":"","meta":[],"product_brand":[],"product_cat":[277,278,279],"product_tag":[],"class_list":{"0":"post-3207","1":"product","2":"type-product","3":"status-publish","4":"has-post-thumbnail","6":"product_cat-innsats-med-glass-pa-2-side","7":"product_cat-peis","8":"product_cat-peisinnsatser","10":"first","11":"instock","12":"shipping-taxable","13":"purchasable","14":"product-type-simple"},"jetpack_sharing_enabled":true,"_links":{"self":[{"href":"https:\/\/vedtilventeren.com\/fr\/wp-json\/wp\/v2\/product\/3207","targetHints":{"allow":["GET"]}}],"collection":[{"href":"https:\/\/vedtilventeren.com\/fr\/wp-json\/wp\/v2\/product"}],"about":[{"href":"https:\/\/vedtilventeren.com\/fr\/wp-json\/wp\/v2\/types\/product"}],"replies":[{"embeddable":true,"href":"https:\/\/vedtilventeren.com\/fr\/wp-json\/wp\/v2\/comments?post=3207"}],"version-history":[{"count":1,"href":"https:\/\/vedtilventeren.com\/fr\/wp-json\/wp\/v2\/product\/3207\/revisions"}],"predecessor-version":[{"id":3238,"href":"https:\/\/vedtilventeren.com\/fr\/wp-json\/wp\/v2\/product\/3207\/revisions\/3238"}],"wp:featuredmedia":[{"embeddable":true,"href":"https:\/\/vedtilventeren.com\/fr\/wp-json\/wp\/v2\/media\/3237"}],"wp:attachment":[{"href":"https:\/\/vedtilventeren.com\/fr\/wp-json\/wp\/v2\/media?parent=3207"}],"wp:term":[{"taxonomy":"product_brand","embeddable":true,"href":"https:\/\/vedtilventeren.com\/fr\/wp-json\/wp\/v2\/product_brand?post=3207"},{"taxonomy":"product_cat","embeddable":true,"href":"https:\/\/vedtilventeren.com\/fr\/wp-json\/wp\/v2\/product_cat?post=3207"},{"taxonomy":"product_tag","embeddable":true,"href":"https:\/\/vedtilventeren.com\/fr\/wp-json\/wp\/v2\/product_tag?post=3207"}],"curies":[{"name":"wp","href":"https:\/\/api.w.org\/{rel}","templated":true}]}}