{"id":3208,"date":"2025-12-02T19:47:37","date_gmt":"2025-12-02T18:47:37","guid":{"rendered":"https:\/\/meca-remorque.com\/?post_type=product&#038;p=3208"},"modified":"2025-12-02T19:47:43","modified_gmt":"2025-12-02T18:47:43","slug":"romotop-heat-r-side-65-51-40-lyst-brennkammer-hr4sg","status":"publish","type":"product","link":"https:\/\/vedtilventeren.com\/fr\/produit\/romotop-heat-r-side-65-51-40-lyst-brennkammer-hr4sg\/","title":{"rendered":"Romotop Heat R, side, 65.51.40 Lyst brennkammer (HR4SG)"},"content":{"rendered":"<p>Eksklusiv hj\u00f8rnepeis. BXH: 65x50cm HEAT er Romotops nyutviklede store peisinnsatser. Med Romotop`s posisjon, som en av Europas store peis og ildsted produsenter, ligger de helt i tet b\u00e5de i effektivitet, kvalitet, og innovasjon.HEAT R\/L S 65.51.40 er en enklere utgave av hj\u00f8rnepeiser fra Romotop uten heved\u00f8r. Her f\u00e5r du Romotop sitt ekslusive brennkammer til en meget hyggelig pris.<br \/>\nEgenskaper for HEAT R\/L S 65.51.40:<br \/>\nPeisen har sidehengslet d\u00f8r (h\u00f8yre\/venstre avh. av versjon)<br \/>\nBeregnet for peiskasse med konveksjon<br \/>\nBrennkammer med mulighet for rist og askepann i bunn.<br \/>\nForbrenningskammeret er kledd med st\u00f8pt Chamottestein.<br \/>\nRegulering av prim\u00e6r og sekund\u00e6r luftinntak med en enkel hendel i framkant av glasset, nede- terti\u00e6r luftinntak<br \/>\nCAI (eksternt luftinntak) for tilpassing til moderne boliger<br \/>\nRamme m\u00e5 bestilles i tillegg dersom en \u00f8nsker dette.<\/p>","protected":false},"excerpt":{"rendered":"<p>Eksklusiv hj\u00f8rnepeis. BXH: 65x50cm &#8230;les mer<\/p>","protected":false},"featured_media":3239,"comment_status":"open","ping_status":"closed","template":"","meta":[],"product_brand":[],"product_cat":[277,278,279],"product_tag":[],"class_list":{"0":"post-3208","1":"product","2":"type-product","3":"status-publish","4":"has-post-thumbnail","6":"product_cat-innsats-med-glass-pa-2-side","7":"product_cat-peis","8":"product_cat-peisinnsatser","10":"first","11":"instock","12":"shipping-taxable","13":"purchasable","14":"product-type-simple"},"jetpack_sharing_enabled":true,"_links":{"self":[{"href":"https:\/\/vedtilventeren.com\/fr\/wp-json\/wp\/v2\/product\/3208","targetHints":{"allow":["GET"]}}],"collection":[{"href":"https:\/\/vedtilventeren.com\/fr\/wp-json\/wp\/v2\/product"}],"about":[{"href":"https:\/\/vedtilventeren.com\/fr\/wp-json\/wp\/v2\/types\/product"}],"replies":[{"embeddable":true,"href":"https:\/\/vedtilventeren.com\/fr\/wp-json\/wp\/v2\/comments?post=3208"}],"version-history":[{"count":1,"href":"https:\/\/vedtilventeren.com\/fr\/wp-json\/wp\/v2\/product\/3208\/revisions"}],"predecessor-version":[{"id":3240,"href":"https:\/\/vedtilventeren.com\/fr\/wp-json\/wp\/v2\/product\/3208\/revisions\/3240"}],"wp:featuredmedia":[{"embeddable":true,"href":"https:\/\/vedtilventeren.com\/fr\/wp-json\/wp\/v2\/media\/3239"}],"wp:attachment":[{"href":"https:\/\/vedtilventeren.com\/fr\/wp-json\/wp\/v2\/media?parent=3208"}],"wp:term":[{"taxonomy":"product_brand","embeddable":true,"href":"https:\/\/vedtilventeren.com\/fr\/wp-json\/wp\/v2\/product_brand?post=3208"},{"taxonomy":"product_cat","embeddable":true,"href":"https:\/\/vedtilventeren.com\/fr\/wp-json\/wp\/v2\/product_cat?post=3208"},{"taxonomy":"product_tag","embeddable":true,"href":"https:\/\/vedtilventeren.com\/fr\/wp-json\/wp\/v2\/product_tag?post=3208"}],"curies":[{"name":"wp","href":"https:\/\/api.w.org\/{rel}","templated":true}]}}