{"id":3209,"date":"2025-12-02T19:47:37","date_gmt":"2025-12-02T18:47:37","guid":{"rendered":"https:\/\/meca-remorque.com\/?post_type=product&#038;p=3209"},"modified":"2025-12-02T19:47:44","modified_gmt":"2025-12-02T18:47:44","slug":"romotop-heat-t-3g-70-50-01-tunnel-ht3z-01","status":"publish","type":"product","link":"https:\/\/vedtilventeren.com\/fr\/produit\/romotop-heat-t-3g-70-50-01-tunnel-ht3z-01\/","title":{"rendered":"Romotop Heat T 3G 70.50.01 tunnel (HT3Z 01)"},"content":{"rendered":"<p>HEAT er Romotops nyutviklede store peisinnsatser. Med Romotop`s posisjon som en av Europas store peis og ildsted produsenter, ligger de helt i tet b\u00e5de i effektivitet, kvalitet og innovasjon.HEAT T 3g 70.50.01 er en eksklusiv tunnelpeis med gjennomsyn. Peisen kan b\u00e5de v\u00e6re et flott m\u00f8bel og brukes til romdeler. https:\/\/www.romotop.com\/userfiles\/video\/en\/HEAT_T_2G_70.50.01_Romotop_fireplace_insert.mp4<\/p>","protected":false},"excerpt":{"rendered":"<p>HEAT er Romotops nyutviklede store peisinnsatser. Med Romotop`s posisjon som en av Europas store peis og ildsted produsenter, ligger de helt i tet b\u00e5de i effektivitet, kvalitet og innovasjon. &#8230;les mer<\/p>","protected":false},"featured_media":3241,"comment_status":"open","ping_status":"closed","template":"","meta":[],"product_brand":[],"product_cat":[277,278,279],"product_tag":[],"class_list":{"0":"post-3209","1":"product","2":"type-product","3":"status-publish","4":"has-post-thumbnail","6":"product_cat-innsats-med-glass-pa-2-side","7":"product_cat-peis","8":"product_cat-peisinnsatser","10":"first","11":"instock","12":"shipping-taxable","13":"purchasable","14":"product-type-simple"},"jetpack_sharing_enabled":true,"_links":{"self":[{"href":"https:\/\/vedtilventeren.com\/fr\/wp-json\/wp\/v2\/product\/3209","targetHints":{"allow":["GET"]}}],"collection":[{"href":"https:\/\/vedtilventeren.com\/fr\/wp-json\/wp\/v2\/product"}],"about":[{"href":"https:\/\/vedtilventeren.com\/fr\/wp-json\/wp\/v2\/types\/product"}],"replies":[{"embeddable":true,"href":"https:\/\/vedtilventeren.com\/fr\/wp-json\/wp\/v2\/comments?post=3209"}],"version-history":[{"count":1,"href":"https:\/\/vedtilventeren.com\/fr\/wp-json\/wp\/v2\/product\/3209\/revisions"}],"predecessor-version":[{"id":3242,"href":"https:\/\/vedtilventeren.com\/fr\/wp-json\/wp\/v2\/product\/3209\/revisions\/3242"}],"wp:featuredmedia":[{"embeddable":true,"href":"https:\/\/vedtilventeren.com\/fr\/wp-json\/wp\/v2\/media\/3241"}],"wp:attachment":[{"href":"https:\/\/vedtilventeren.com\/fr\/wp-json\/wp\/v2\/media?parent=3209"}],"wp:term":[{"taxonomy":"product_brand","embeddable":true,"href":"https:\/\/vedtilventeren.com\/fr\/wp-json\/wp\/v2\/product_brand?post=3209"},{"taxonomy":"product_cat","embeddable":true,"href":"https:\/\/vedtilventeren.com\/fr\/wp-json\/wp\/v2\/product_cat?post=3209"},{"taxonomy":"product_tag","embeddable":true,"href":"https:\/\/vedtilventeren.com\/fr\/wp-json\/wp\/v2\/product_tag?post=3209"}],"curies":[{"name":"wp","href":"https:\/\/api.w.org\/{rel}","templated":true}]}}