{"id":3214,"date":"2025-12-02T19:47:38","date_gmt":"2025-12-02T18:47:38","guid":{"rendered":"https:\/\/meca-remorque.com\/?post_type=product&#038;p=3214"},"modified":"2025-12-03T13:29:37","modified_gmt":"2025-12-03T12:29:37","slug":"mbs-vedkomfyr-magnum-sort-uttak-venstre","status":"publish","type":"product","link":"https:\/\/vedtilventeren.com\/fr\/produit\/mbs-vedkomfyr-magnum-sort-uttak-venstre\/","title":{"rendered":"MBS Vedkomfyr Magnum sort, uttak venstre"},"content":{"rendered":"<p>Stilig kj\u00f8kkenkomfyrMagnum C kj\u00f8kkenkomfyr er en nostalgisk vedkomfyr med moderne fyringsegenskaper. Komfyren har ringer i topplaten, brennkammer av st\u00f8pejern, varmeskap under stekeovn, askeskuff og vedskuff i bunnen.Ovnen kan leveres i 3 farger, sort, r\u00f8d eller krem<\/p>","protected":false},"excerpt":{"rendered":"<p>Stilig kj\u00f8kkenkomfyr &#8230;les mer<\/p>","protected":false},"featured_media":3252,"comment_status":"open","ping_status":"closed","template":"","meta":[],"product_brand":[],"product_cat":[281,282,283],"product_tag":[],"class_list":{"0":"post-3214","1":"product","2":"type-product","3":"status-publish","4":"has-post-thumbnail","6":"product_cat-ovn","7":"product_cat-peisovner-og-vedovner","8":"product_cat-vedovn","10":"first","11":"instock","12":"shipping-taxable","13":"purchasable","14":"product-type-simple"},"jetpack_sharing_enabled":true,"_links":{"self":[{"href":"https:\/\/vedtilventeren.com\/fr\/wp-json\/wp\/v2\/product\/3214","targetHints":{"allow":["GET"]}}],"collection":[{"href":"https:\/\/vedtilventeren.com\/fr\/wp-json\/wp\/v2\/product"}],"about":[{"href":"https:\/\/vedtilventeren.com\/fr\/wp-json\/wp\/v2\/types\/product"}],"replies":[{"embeddable":true,"href":"https:\/\/vedtilventeren.com\/fr\/wp-json\/wp\/v2\/comments?post=3214"}],"version-history":[{"count":1,"href":"https:\/\/vedtilventeren.com\/fr\/wp-json\/wp\/v2\/product\/3214\/revisions"}],"predecessor-version":[{"id":3253,"href":"https:\/\/vedtilventeren.com\/fr\/wp-json\/wp\/v2\/product\/3214\/revisions\/3253"}],"wp:featuredmedia":[{"embeddable":true,"href":"https:\/\/vedtilventeren.com\/fr\/wp-json\/wp\/v2\/media\/3252"}],"wp:attachment":[{"href":"https:\/\/vedtilventeren.com\/fr\/wp-json\/wp\/v2\/media?parent=3214"}],"wp:term":[{"taxonomy":"product_brand","embeddable":true,"href":"https:\/\/vedtilventeren.com\/fr\/wp-json\/wp\/v2\/product_brand?post=3214"},{"taxonomy":"product_cat","embeddable":true,"href":"https:\/\/vedtilventeren.com\/fr\/wp-json\/wp\/v2\/product_cat?post=3214"},{"taxonomy":"product_tag","embeddable":true,"href":"https:\/\/vedtilventeren.com\/fr\/wp-json\/wp\/v2\/product_tag?post=3214"}],"curies":[{"name":"wp","href":"https:\/\/api.w.org\/{rel}","templated":true}]}}