{"id":3215,"date":"2025-12-02T19:47:38","date_gmt":"2025-12-02T18:47:38","guid":{"rendered":"https:\/\/meca-remorque.com\/?post_type=product&#038;p=3215"},"modified":"2025-12-02T19:47:47","modified_gmt":"2025-12-02T18:47:47","slug":"aduro-5-1","status":"publish","type":"product","link":"https:\/\/vedtilventeren.com\/fr\/produit\/aduro-5-1\/","title":{"rendered":"Aduro 5.1"},"content":{"rendered":"<p>Aduro 5.1.Stilren peisinnsats med flat front og stor glassluke som gir et flott innblikk til flammene. H\u00e5ndtakene er fullt intergrerte slik at innsatsen fremst\u00e5r som en samlet flate. Isoleringsplatene i brennkammeret er laget av formst\u00f8pt vermiculite og fremhever ovnens stilrene design. Egnet til innbygging i b\u00e5de eksisterende og nyoppf\u00f8rte peiser.<\/p>","protected":false},"excerpt":{"rendered":"<p>Aduro 5.1. &#8230;les mer<\/p>","protected":false},"featured_media":3254,"comment_status":"open","ping_status":"closed","template":"","meta":[],"product_brand":[],"product_cat":[284,278,279],"product_tag":[],"class_list":{"0":"post-3215","1":"product","2":"type-product","3":"status-publish","4":"has-post-thumbnail","6":"product_cat-innsats-med-glass-pa-1-side","7":"product_cat-peis","8":"product_cat-peisinnsatser","10":"first","11":"instock","12":"shipping-taxable","13":"purchasable","14":"product-type-simple"},"jetpack_sharing_enabled":true,"_links":{"self":[{"href":"https:\/\/vedtilventeren.com\/fr\/wp-json\/wp\/v2\/product\/3215","targetHints":{"allow":["GET"]}}],"collection":[{"href":"https:\/\/vedtilventeren.com\/fr\/wp-json\/wp\/v2\/product"}],"about":[{"href":"https:\/\/vedtilventeren.com\/fr\/wp-json\/wp\/v2\/types\/product"}],"replies":[{"embeddable":true,"href":"https:\/\/vedtilventeren.com\/fr\/wp-json\/wp\/v2\/comments?post=3215"}],"version-history":[{"count":1,"href":"https:\/\/vedtilventeren.com\/fr\/wp-json\/wp\/v2\/product\/3215\/revisions"}],"predecessor-version":[{"id":3255,"href":"https:\/\/vedtilventeren.com\/fr\/wp-json\/wp\/v2\/product\/3215\/revisions\/3255"}],"wp:featuredmedia":[{"embeddable":true,"href":"https:\/\/vedtilventeren.com\/fr\/wp-json\/wp\/v2\/media\/3254"}],"wp:attachment":[{"href":"https:\/\/vedtilventeren.com\/fr\/wp-json\/wp\/v2\/media?parent=3215"}],"wp:term":[{"taxonomy":"product_brand","embeddable":true,"href":"https:\/\/vedtilventeren.com\/fr\/wp-json\/wp\/v2\/product_brand?post=3215"},{"taxonomy":"product_cat","embeddable":true,"href":"https:\/\/vedtilventeren.com\/fr\/wp-json\/wp\/v2\/product_cat?post=3215"},{"taxonomy":"product_tag","embeddable":true,"href":"https:\/\/vedtilventeren.com\/fr\/wp-json\/wp\/v2\/product_tag?post=3215"}],"curies":[{"name":"wp","href":"https:\/\/api.w.org\/{rel}","templated":true}]}}