{"id":3216,"date":"2025-12-02T19:47:38","date_gmt":"2025-12-02T18:47:38","guid":{"rendered":"https:\/\/meca-remorque.com\/?post_type=product&#038;p=3216"},"modified":"2025-12-02T19:47:48","modified_gmt":"2025-12-02T18:47:48","slug":"aduro-9","status":"publish","type":"product","link":"https:\/\/vedtilventeren.com\/fr\/produit\/aduro-9\/","title":{"rendered":"Aduro 9"},"content":{"rendered":"<p>Aduro 9. Et tidl\u00f8st og elegant m\u00f8bel til det moderne hjemmet.Ved \u00e5 legge til sideruter og f\u00e5 sprossen mellom glasset i luken og glasset i siden s\u00e5 liten som mulig, har glassarealet til Aduro 9 blitt utrolig stort. Innsyn til den levende ilden har hele veien v\u00e6rt et avgj\u00f8rende parameter &#8211; derfor s\u00f8rger en effektiv ruteskyllefunksjon for at soten ikke setter seg p\u00e5 front- eller sideglass.<\/p>","protected":false},"excerpt":{"rendered":"<p>Aduro 9. &#8230;les mer<\/p>","protected":false},"featured_media":3256,"comment_status":"open","ping_status":"closed","template":"","meta":[],"product_brand":[],"product_cat":[281,282],"product_tag":[],"class_list":{"0":"post-3216","1":"product","2":"type-product","3":"status-publish","4":"has-post-thumbnail","6":"product_cat-ovn","7":"product_cat-peisovner-og-vedovner","9":"first","10":"instock","11":"shipping-taxable","12":"purchasable","13":"product-type-simple"},"jetpack_sharing_enabled":true,"_links":{"self":[{"href":"https:\/\/vedtilventeren.com\/fr\/wp-json\/wp\/v2\/product\/3216","targetHints":{"allow":["GET"]}}],"collection":[{"href":"https:\/\/vedtilventeren.com\/fr\/wp-json\/wp\/v2\/product"}],"about":[{"href":"https:\/\/vedtilventeren.com\/fr\/wp-json\/wp\/v2\/types\/product"}],"replies":[{"embeddable":true,"href":"https:\/\/vedtilventeren.com\/fr\/wp-json\/wp\/v2\/comments?post=3216"}],"version-history":[{"count":1,"href":"https:\/\/vedtilventeren.com\/fr\/wp-json\/wp\/v2\/product\/3216\/revisions"}],"predecessor-version":[{"id":3257,"href":"https:\/\/vedtilventeren.com\/fr\/wp-json\/wp\/v2\/product\/3216\/revisions\/3257"}],"wp:featuredmedia":[{"embeddable":true,"href":"https:\/\/vedtilventeren.com\/fr\/wp-json\/wp\/v2\/media\/3256"}],"wp:attachment":[{"href":"https:\/\/vedtilventeren.com\/fr\/wp-json\/wp\/v2\/media?parent=3216"}],"wp:term":[{"taxonomy":"product_brand","embeddable":true,"href":"https:\/\/vedtilventeren.com\/fr\/wp-json\/wp\/v2\/product_brand?post=3216"},{"taxonomy":"product_cat","embeddable":true,"href":"https:\/\/vedtilventeren.com\/fr\/wp-json\/wp\/v2\/product_cat?post=3216"},{"taxonomy":"product_tag","embeddable":true,"href":"https:\/\/vedtilventeren.com\/fr\/wp-json\/wp\/v2\/product_tag?post=3216"}],"curies":[{"name":"wp","href":"https:\/\/api.w.org\/{rel}","templated":true}]}}