{"id":3219,"date":"2025-12-02T19:47:38","date_gmt":"2025-12-02T18:47:38","guid":{"rendered":"https:\/\/meca-remorque.com\/?post_type=product&#038;p=3219"},"modified":"2025-12-02T19:47:49","modified_gmt":"2025-12-02T18:47:49","slug":"aduro-9-1","status":"publish","type":"product","link":"https:\/\/vedtilventeren.com\/fr\/produit\/aduro-9-1\/","title":{"rendered":"Aduro 9.1"},"content":{"rendered":"<p>Aduro 9.1Det buede glasset og de myke, organiske linjene fanger blikket og leder det inn mot flammene. Isoleringsplatene er formet med relief som understreker de vertikale linjene i peisen og f\u00e5r brennkammeret til \u00e5 virke h\u00f8yere.Aduro 9.1 kan b\u00e5de installeres langs en vegg og i et hj\u00f8rne.<\/p>","protected":false},"excerpt":{"rendered":"<p>Aduro 9.1 &#8230;les mer<\/p>","protected":false},"featured_media":3262,"comment_status":"open","ping_status":"closed","template":"","meta":[],"product_brand":[],"product_cat":[281,282],"product_tag":[],"class_list":{"0":"post-3219","1":"product","2":"type-product","3":"status-publish","4":"has-post-thumbnail","6":"product_cat-ovn","7":"product_cat-peisovner-og-vedovner","9":"first","10":"instock","11":"shipping-taxable","12":"purchasable","13":"product-type-simple"},"jetpack_sharing_enabled":true,"_links":{"self":[{"href":"https:\/\/vedtilventeren.com\/fr\/wp-json\/wp\/v2\/product\/3219","targetHints":{"allow":["GET"]}}],"collection":[{"href":"https:\/\/vedtilventeren.com\/fr\/wp-json\/wp\/v2\/product"}],"about":[{"href":"https:\/\/vedtilventeren.com\/fr\/wp-json\/wp\/v2\/types\/product"}],"replies":[{"embeddable":true,"href":"https:\/\/vedtilventeren.com\/fr\/wp-json\/wp\/v2\/comments?post=3219"}],"version-history":[{"count":1,"href":"https:\/\/vedtilventeren.com\/fr\/wp-json\/wp\/v2\/product\/3219\/revisions"}],"predecessor-version":[{"id":3263,"href":"https:\/\/vedtilventeren.com\/fr\/wp-json\/wp\/v2\/product\/3219\/revisions\/3263"}],"wp:featuredmedia":[{"embeddable":true,"href":"https:\/\/vedtilventeren.com\/fr\/wp-json\/wp\/v2\/media\/3262"}],"wp:attachment":[{"href":"https:\/\/vedtilventeren.com\/fr\/wp-json\/wp\/v2\/media?parent=3219"}],"wp:term":[{"taxonomy":"product_brand","embeddable":true,"href":"https:\/\/vedtilventeren.com\/fr\/wp-json\/wp\/v2\/product_brand?post=3219"},{"taxonomy":"product_cat","embeddable":true,"href":"https:\/\/vedtilventeren.com\/fr\/wp-json\/wp\/v2\/product_cat?post=3219"},{"taxonomy":"product_tag","embeddable":true,"href":"https:\/\/vedtilventeren.com\/fr\/wp-json\/wp\/v2\/product_tag?post=3219"}],"curies":[{"name":"wp","href":"https:\/\/api.w.org\/{rel}","templated":true}]}}