{"id":3223,"date":"2025-12-02T19:47:38","date_gmt":"2025-12-02T18:47:38","guid":{"rendered":"https:\/\/meca-remorque.com\/?post_type=product&#038;p=3223"},"modified":"2025-12-02T19:47:50","modified_gmt":"2025-12-02T18:47:50","slug":"aduro-9-5-lux","status":"publish","type":"product","link":"https:\/\/vedtilventeren.com\/fr\/produit\/aduro-9-5-lux\/","title":{"rendered":"Aduro 9.5 Lux"},"content":{"rendered":"<p>Det moderne og elegante ytret kombinert med h\u00f8yden p\u00e5 120 cm gj\u00f8r denne ovnen spesiell.Aduro 9.5 Lux er velegnet til store rom med h\u00f8yt under taket.Blant ovnens unike egenskaper er en ekstravagant svart glassd\u00f8r, enkle h\u00e5ndtak, en eksklusiv lukkemekanisme og et stort oppbevaringsrom med d\u00f8r.<\/p>","protected":false},"excerpt":{"rendered":"<p>Det moderne og elegante ytret kombinert med h\u00f8yden p\u00e5 120 cm gj\u00f8r denne ovnen spesiell. &#8230;les mer<\/p>","protected":false},"featured_media":3270,"comment_status":"open","ping_status":"closed","template":"","meta":[],"product_brand":[],"product_cat":[281,282],"product_tag":[],"class_list":{"0":"post-3223","1":"product","2":"type-product","3":"status-publish","4":"has-post-thumbnail","6":"product_cat-ovn","7":"product_cat-peisovner-og-vedovner","9":"first","10":"instock","11":"sale","12":"shipping-taxable","13":"purchasable","14":"product-type-simple"},"jetpack_sharing_enabled":true,"_links":{"self":[{"href":"https:\/\/vedtilventeren.com\/fr\/wp-json\/wp\/v2\/product\/3223","targetHints":{"allow":["GET"]}}],"collection":[{"href":"https:\/\/vedtilventeren.com\/fr\/wp-json\/wp\/v2\/product"}],"about":[{"href":"https:\/\/vedtilventeren.com\/fr\/wp-json\/wp\/v2\/types\/product"}],"replies":[{"embeddable":true,"href":"https:\/\/vedtilventeren.com\/fr\/wp-json\/wp\/v2\/comments?post=3223"}],"version-history":[{"count":1,"href":"https:\/\/vedtilventeren.com\/fr\/wp-json\/wp\/v2\/product\/3223\/revisions"}],"predecessor-version":[{"id":3271,"href":"https:\/\/vedtilventeren.com\/fr\/wp-json\/wp\/v2\/product\/3223\/revisions\/3271"}],"wp:featuredmedia":[{"embeddable":true,"href":"https:\/\/vedtilventeren.com\/fr\/wp-json\/wp\/v2\/media\/3270"}],"wp:attachment":[{"href":"https:\/\/vedtilventeren.com\/fr\/wp-json\/wp\/v2\/media?parent=3223"}],"wp:term":[{"taxonomy":"product_brand","embeddable":true,"href":"https:\/\/vedtilventeren.com\/fr\/wp-json\/wp\/v2\/product_brand?post=3223"},{"taxonomy":"product_cat","embeddable":true,"href":"https:\/\/vedtilventeren.com\/fr\/wp-json\/wp\/v2\/product_cat?post=3223"},{"taxonomy":"product_tag","embeddable":true,"href":"https:\/\/vedtilventeren.com\/fr\/wp-json\/wp\/v2\/product_tag?post=3223"}],"curies":[{"name":"wp","href":"https:\/\/api.w.org\/{rel}","templated":true}]}}