{"id":3229,"date":"2025-12-02T19:47:39","date_gmt":"2025-12-02T18:47:39","guid":{"rendered":"https:\/\/meca-remorque.com\/?post_type=product&#038;p=3229"},"modified":"2025-12-02T19:47:54","modified_gmt":"2025-12-02T18:47:54","slug":"hoxter-haka-78-57t-side-dor-hengslet-venstre-side-dor-hengslet-hoyre-cupola-o180-enkelt-glass-priser-fra","status":"publish","type":"product","link":"https:\/\/vedtilventeren.com\/fr\/produit\/hoxter-haka-78-57t-side-dor-hengslet-venstre-side-dor-hengslet-hoyre-cupola-o180-enkelt-glass-priser-fra\/","title":{"rendered":"Hoxter HAKA 78\/57T side d\u00f8r hengslet venstre \/ side d\u00f8r hengslet h\u00f8yre cupola \u00d8180 enkelt glass &#8211; Priser fra"},"content":{"rendered":"<p>Venstrehengslet d\u00f8r1 \/ d\u00f8r 2 venstrehengslet, St\u00f8pejern adaptor , enkelt glass Innsats med gjennomsyn.Konveksjonsovner og varmeakkumulerende ovner er mest brukt til oppvarming. Med Hoxter innsatser kan du kombinere disse egenskapene. Hoxter leverer moderne innsatser med samme egenskaper som en tradisjonell kakkelovn, men med renere forbrenning og mer stilrent design. Takket v\u00e6re Hoxters selvrensende glass og brukervennlighet, blir peiskosen en st\u00f8rre glede.<\/p>","protected":false},"excerpt":{"rendered":"<p>Venstrehengslet d\u00f8r1 \/ d\u00f8r 2 venstrehengslet, St\u00f8pejern adaptor , enkelt glass &#8230;les mer<\/p>","protected":false},"featured_media":3282,"comment_status":"open","ping_status":"closed","template":"","meta":[],"product_brand":[],"product_cat":[277,278,279],"product_tag":[],"class_list":{"0":"post-3229","1":"product","2":"type-product","3":"status-publish","4":"has-post-thumbnail","6":"product_cat-innsats-med-glass-pa-2-side","7":"product_cat-peis","8":"product_cat-peisinnsatser","10":"first","11":"instock","12":"shipping-taxable","13":"purchasable","14":"product-type-simple"},"jetpack_sharing_enabled":true,"_links":{"self":[{"href":"https:\/\/vedtilventeren.com\/fr\/wp-json\/wp\/v2\/product\/3229","targetHints":{"allow":["GET"]}}],"collection":[{"href":"https:\/\/vedtilventeren.com\/fr\/wp-json\/wp\/v2\/product"}],"about":[{"href":"https:\/\/vedtilventeren.com\/fr\/wp-json\/wp\/v2\/types\/product"}],"replies":[{"embeddable":true,"href":"https:\/\/vedtilventeren.com\/fr\/wp-json\/wp\/v2\/comments?post=3229"}],"version-history":[{"count":1,"href":"https:\/\/vedtilventeren.com\/fr\/wp-json\/wp\/v2\/product\/3229\/revisions"}],"predecessor-version":[{"id":3283,"href":"https:\/\/vedtilventeren.com\/fr\/wp-json\/wp\/v2\/product\/3229\/revisions\/3283"}],"wp:featuredmedia":[{"embeddable":true,"href":"https:\/\/vedtilventeren.com\/fr\/wp-json\/wp\/v2\/media\/3282"}],"wp:attachment":[{"href":"https:\/\/vedtilventeren.com\/fr\/wp-json\/wp\/v2\/media?parent=3229"}],"wp:term":[{"taxonomy":"product_brand","embeddable":true,"href":"https:\/\/vedtilventeren.com\/fr\/wp-json\/wp\/v2\/product_brand?post=3229"},{"taxonomy":"product_cat","embeddable":true,"href":"https:\/\/vedtilventeren.com\/fr\/wp-json\/wp\/v2\/product_cat?post=3229"},{"taxonomy":"product_tag","embeddable":true,"href":"https:\/\/vedtilventeren.com\/fr\/wp-json\/wp\/v2\/product_tag?post=3229"}],"curies":[{"name":"wp","href":"https:\/\/api.w.org\/{rel}","templated":true}]}}