{"id":3232,"date":"2025-12-02T19:47:39","date_gmt":"2025-12-02T18:47:39","guid":{"rendered":"https:\/\/meca-remorque.com\/?post_type=product&#038;p=3232"},"modified":"2025-12-02T19:47:55","modified_gmt":"2025-12-02T18:47:55","slug":"lotus-maestro-152-soapstone-black","status":"publish","type":"product","link":"https:\/\/vedtilventeren.com\/fr\/produit\/lotus-maestro-152-soapstone-black\/","title":{"rendered":"Lotus Maestro 152 Soapstone Black"},"content":{"rendered":"<p>Litt mindre. Samme unike egenskaper. Lotus Maestro 152 er et godt valg hvis du \u00f8nsker alle Maestro-seriens fordeler, men i en mindre plasskrevende utgave. Maestro 152 er, som de \u00f8vrige ovnene i Maestro-serien, en lagringsovn, som gir mulighet for \u00e5 forlenge varmen i helt opptil 14 timer. Det skylles blant annet steinkledningen og det enest\u00e5ende brennkammeret med Clean Burn Technology, som sikrer en sv\u00e6rt h\u00f8y og milj\u00f8vennlig forbrenning. Det er snakk om en stilsikker og elegant oven med stor glassd\u00f8r og et automatisk lukkesystem med to magneter, som trekker d\u00f8ren p\u00e5 plass n\u00e5r den lukkes.<\/p>","protected":false},"excerpt":{"rendered":"<p>Litt mindre. Samme unike egenskaper &#8230;les mer<\/p>","protected":false},"featured_media":3288,"comment_status":"open","ping_status":"closed","template":"","meta":[],"product_brand":[],"product_cat":[281,282],"product_tag":[],"class_list":{"0":"post-3232","1":"product","2":"type-product","3":"status-publish","4":"has-post-thumbnail","6":"product_cat-ovn","7":"product_cat-peisovner-og-vedovner","9":"first","10":"instock","11":"shipping-taxable","12":"purchasable","13":"product-type-simple"},"jetpack_sharing_enabled":true,"_links":{"self":[{"href":"https:\/\/vedtilventeren.com\/fr\/wp-json\/wp\/v2\/product\/3232","targetHints":{"allow":["GET"]}}],"collection":[{"href":"https:\/\/vedtilventeren.com\/fr\/wp-json\/wp\/v2\/product"}],"about":[{"href":"https:\/\/vedtilventeren.com\/fr\/wp-json\/wp\/v2\/types\/product"}],"replies":[{"embeddable":true,"href":"https:\/\/vedtilventeren.com\/fr\/wp-json\/wp\/v2\/comments?post=3232"}],"version-history":[{"count":1,"href":"https:\/\/vedtilventeren.com\/fr\/wp-json\/wp\/v2\/product\/3232\/revisions"}],"predecessor-version":[{"id":3289,"href":"https:\/\/vedtilventeren.com\/fr\/wp-json\/wp\/v2\/product\/3232\/revisions\/3289"}],"wp:featuredmedia":[{"embeddable":true,"href":"https:\/\/vedtilventeren.com\/fr\/wp-json\/wp\/v2\/media\/3288"}],"wp:attachment":[{"href":"https:\/\/vedtilventeren.com\/fr\/wp-json\/wp\/v2\/media?parent=3232"}],"wp:term":[{"taxonomy":"product_brand","embeddable":true,"href":"https:\/\/vedtilventeren.com\/fr\/wp-json\/wp\/v2\/product_brand?post=3232"},{"taxonomy":"product_cat","embeddable":true,"href":"https:\/\/vedtilventeren.com\/fr\/wp-json\/wp\/v2\/product_cat?post=3232"},{"taxonomy":"product_tag","embeddable":true,"href":"https:\/\/vedtilventeren.com\/fr\/wp-json\/wp\/v2\/product_tag?post=3232"}],"curies":[{"name":"wp","href":"https:\/\/api.w.org\/{rel}","templated":true}]}}