{"id":3235,"date":"2025-12-02T19:47:39","date_gmt":"2025-12-02T18:47:39","guid":{"rendered":"https:\/\/meca-remorque.com\/?post_type=product&#038;p=3235"},"modified":"2025-12-02T19:47:57","modified_gmt":"2025-12-02T18:47:57","slug":"hoxter-ecka-67-45-51lh-venstre-hev-senk-cupola-o180-enkelt-helt-glass-priser-fra","status":"publish","type":"product","link":"https:\/\/vedtilventeren.com\/fr\/produit\/hoxter-ecka-67-45-51lh-venstre-hev-senk-cupola-o180-enkelt-helt-glass-priser-fra\/","title":{"rendered":"Hoxter ECKA 67\/45\/51Lh venstre hev\/senk cupola \u00d8180 enkelt helt glass &#8211; Priser fra"},"content":{"rendered":"<p>Justerbar st\u00f8pejerns kuppel \u00f8180, lite glass venstre side , heve\/senke d\u00f8r, enkelt glass. Konveksjonsovner og varmeakkumulerende ovner er mest brukt til oppvarming. Med Hoxter innsatser kan du kombinere disse egenskapene. Hoxter leverer moderne innsatser med samme egenskaper som en tradisjonell kakkelovn, men med renere forbrenning og mer stilrent design. Takket v\u00e6re Hoxters selvrensende glass og brukervennlighet, blir peiskosen en st\u00f8rre glede.<\/p>","protected":false},"excerpt":{"rendered":"<p>Justerbar st\u00f8pejerns kuppel \u00f8180, lite glass venstre side , heve\/senke d\u00f8r, enkelt glass &#8230;les mer<\/p>","protected":false},"featured_media":3294,"comment_status":"open","ping_status":"closed","template":"","meta":[],"product_brand":[],"product_cat":[277,278,279],"product_tag":[],"class_list":{"0":"post-3235","1":"product","2":"type-product","3":"status-publish","4":"has-post-thumbnail","6":"product_cat-innsats-med-glass-pa-2-side","7":"product_cat-peis","8":"product_cat-peisinnsatser","10":"first","11":"instock","12":"shipping-taxable","13":"purchasable","14":"product-type-simple"},"jetpack_sharing_enabled":true,"_links":{"self":[{"href":"https:\/\/vedtilventeren.com\/fr\/wp-json\/wp\/v2\/product\/3235","targetHints":{"allow":["GET"]}}],"collection":[{"href":"https:\/\/vedtilventeren.com\/fr\/wp-json\/wp\/v2\/product"}],"about":[{"href":"https:\/\/vedtilventeren.com\/fr\/wp-json\/wp\/v2\/types\/product"}],"replies":[{"embeddable":true,"href":"https:\/\/vedtilventeren.com\/fr\/wp-json\/wp\/v2\/comments?post=3235"}],"version-history":[{"count":1,"href":"https:\/\/vedtilventeren.com\/fr\/wp-json\/wp\/v2\/product\/3235\/revisions"}],"predecessor-version":[{"id":3295,"href":"https:\/\/vedtilventeren.com\/fr\/wp-json\/wp\/v2\/product\/3235\/revisions\/3295"}],"wp:featuredmedia":[{"embeddable":true,"href":"https:\/\/vedtilventeren.com\/fr\/wp-json\/wp\/v2\/media\/3294"}],"wp:attachment":[{"href":"https:\/\/vedtilventeren.com\/fr\/wp-json\/wp\/v2\/media?parent=3235"}],"wp:term":[{"taxonomy":"product_brand","embeddable":true,"href":"https:\/\/vedtilventeren.com\/fr\/wp-json\/wp\/v2\/product_brand?post=3235"},{"taxonomy":"product_cat","embeddable":true,"href":"https:\/\/vedtilventeren.com\/fr\/wp-json\/wp\/v2\/product_cat?post=3235"},{"taxonomy":"product_tag","embeddable":true,"href":"https:\/\/vedtilventeren.com\/fr\/wp-json\/wp\/v2\/product_tag?post=3235"}],"curies":[{"name":"wp","href":"https:\/\/api.w.org\/{rel}","templated":true}]}}