{"id":3299,"date":"2025-12-02T19:48:02","date_gmt":"2025-12-02T18:48:02","guid":{"rendered":"https:\/\/meca-remorque.com\/?post_type=product&#038;p=3299"},"modified":"2025-12-02T19:48:05","modified_gmt":"2025-12-02T18:48:05","slug":"lotus-mondo-30-soapstone","status":"publish","type":"product","link":"https:\/\/vedtilventeren.com\/fr\/produit\/lotus-mondo-30-soapstone\/","title":{"rendered":"Lotus Mondo 30 Soapstone"},"content":{"rendered":"<p>Kvalitet til fornuftig pris. Mondo 30 er det nyeste tilskuddet til den popul\u00e6re ovnserien med imponerende varmekapasitet. D\u00f8ren til Mondo 30 er i st\u00f8pejern, og det samme er d\u00f8ren til vedkammeret, som f\u00e5s som ekstrautstyr. De tunge kvalitetsmaterialene gir en vekt p\u00e5 112-210 kg, som bidrar til \u00e5 sikre ovnens effektivitet. Mondo 30 f\u00e5s i variantene st\u00e5l, kleberstein eller Indian Night. F\u00e5s med d\u00f8r til vedkammer og topplate i st\u00f8pejern, kleberstein eller Indian Night. Alle modellene er som standard utstyrt med Lotus&#8217; nye Soft Close-system og med tre alternativer for h\u00e5ndtak. Ovnene f\u00e5s med en rekke forskjellige bekledninger.<\/p>","protected":false},"excerpt":{"rendered":"<p>Kvalitet til fornuftig pris &#8230;les mer<\/p>","protected":false},"featured_media":3330,"comment_status":"open","ping_status":"closed","template":"","meta":[],"product_brand":[],"product_cat":[281,282],"product_tag":[],"class_list":{"0":"post-3299","1":"product","2":"type-product","3":"status-publish","4":"has-post-thumbnail","6":"product_cat-ovn","7":"product_cat-peisovner-og-vedovner","9":"first","10":"instock","11":"shipping-taxable","12":"purchasable","13":"product-type-simple"},"jetpack_sharing_enabled":true,"_links":{"self":[{"href":"https:\/\/vedtilventeren.com\/fr\/wp-json\/wp\/v2\/product\/3299","targetHints":{"allow":["GET"]}}],"collection":[{"href":"https:\/\/vedtilventeren.com\/fr\/wp-json\/wp\/v2\/product"}],"about":[{"href":"https:\/\/vedtilventeren.com\/fr\/wp-json\/wp\/v2\/types\/product"}],"replies":[{"embeddable":true,"href":"https:\/\/vedtilventeren.com\/fr\/wp-json\/wp\/v2\/comments?post=3299"}],"version-history":[{"count":1,"href":"https:\/\/vedtilventeren.com\/fr\/wp-json\/wp\/v2\/product\/3299\/revisions"}],"predecessor-version":[{"id":3331,"href":"https:\/\/vedtilventeren.com\/fr\/wp-json\/wp\/v2\/product\/3299\/revisions\/3331"}],"wp:featuredmedia":[{"embeddable":true,"href":"https:\/\/vedtilventeren.com\/fr\/wp-json\/wp\/v2\/media\/3330"}],"wp:attachment":[{"href":"https:\/\/vedtilventeren.com\/fr\/wp-json\/wp\/v2\/media?parent=3299"}],"wp:term":[{"taxonomy":"product_brand","embeddable":true,"href":"https:\/\/vedtilventeren.com\/fr\/wp-json\/wp\/v2\/product_brand?post=3299"},{"taxonomy":"product_cat","embeddable":true,"href":"https:\/\/vedtilventeren.com\/fr\/wp-json\/wp\/v2\/product_cat?post=3299"},{"taxonomy":"product_tag","embeddable":true,"href":"https:\/\/vedtilventeren.com\/fr\/wp-json\/wp\/v2\/product_tag?post=3299"}],"curies":[{"name":"wp","href":"https:\/\/api.w.org\/{rel}","templated":true}]}}