{"id":3310,"date":"2025-12-02T19:48:03","date_gmt":"2025-12-02T18:48:03","guid":{"rendered":"https:\/\/meca-remorque.com\/?post_type=product&#038;p=3310"},"modified":"2025-12-03T15:25:01","modified_gmt":"2025-12-03T14:25:01","slug":"exodraft-royksuger-rs-16-4-1230","status":"publish","type":"product","link":"https:\/\/vedtilventeren.com\/fr\/produit\/exodraft-royksuger-rs-16-4-1230\/","title":{"rendered":"Exodraft R\u00f8yksuger RS 16-4 1&#215;230"},"content":{"rendered":"<p>RS er en avtrekksventilator konstruert for horisontalt utkastVelegnet for fast brenselR\u00f8yksugeren kan benyttes for alle typer brensel, men egner seg s\u00e6rlig godt for fyrkjeler for fast brensel, peiser og vedovner.Aksialvingen er utf\u00f8rt i rustfritt st\u00e5l, som gj\u00f8r at det er enkelt for feieren \u00e5 rengj\u00f8re den for sot og belegg. R\u00f8yksugeren plasseres p\u00e5 toppen av skorsteinen, slik at det dannes et undertrykk i r\u00f8ykr\u00f8r og skorstein.R\u00f8yksugeren inng\u00e5r i et exodraft-system og skal derfor kobles til en exodraft styringsenhet.Robust konstruksjonExodraft r\u00f8yksugere er konstruert for \u00e5 kunne t\u00e5le temperaturer opp til 250 \u00b0 C. R\u00f8yksugeren er utf\u00f8rt i st\u00f8pt aluminium og alle skruer og bolter er i rustfritt st\u00e5l.Motoren er en temperaturbestandig lukket asynkron motor med engangssmurte kulelagre som er beskyttet mot r\u00f8ykgassen.En spesiell kj\u00f8levinge og kj\u00f8lelufts\u00e5pninger sikrer kontinuerlig kj\u00f8ling av motoren. Kabelen er varmebestandig, belastningssikret og er utvendig beskyttet av en panserslange.Til sammen gir dette r\u00f8yksugeren h\u00f8y driftssikkerhet og lang levetid.R\u00f8yksugeren kan \u00e5pnes slik at det er enkelt for feieren \u00e5 feie skorsteinen. Det er montert et nett i rustfritt st\u00e5l i utkast\u00e5pningen som beskyttelse mot ber\u00f8ring og fugler.Forskjellige modeller for murte skorsteiner og skorsteiner av st\u00e5l.<\/p>","protected":false},"excerpt":{"rendered":"<p>RS er en avtrekksventilator konstruert for horisontalt utkast &#8230;les mer<\/p>","protected":false},"featured_media":3361,"comment_status":"open","ping_status":"closed","template":"","meta":[],"product_brand":[],"product_cat":[346],"product_tag":[],"class_list":{"0":"post-3310","1":"product","2":"type-product","3":"status-publish","4":"has-post-thumbnail","6":"product_cat-pipe","8":"first","9":"instock","10":"shipping-taxable","11":"purchasable","12":"product-type-simple"},"jetpack_sharing_enabled":true,"_links":{"self":[{"href":"https:\/\/vedtilventeren.com\/fr\/wp-json\/wp\/v2\/product\/3310","targetHints":{"allow":["GET"]}}],"collection":[{"href":"https:\/\/vedtilventeren.com\/fr\/wp-json\/wp\/v2\/product"}],"about":[{"href":"https:\/\/vedtilventeren.com\/fr\/wp-json\/wp\/v2\/types\/product"}],"replies":[{"embeddable":true,"href":"https:\/\/vedtilventeren.com\/fr\/wp-json\/wp\/v2\/comments?post=3310"}],"version-history":[{"count":1,"href":"https:\/\/vedtilventeren.com\/fr\/wp-json\/wp\/v2\/product\/3310\/revisions"}],"predecessor-version":[{"id":3362,"href":"https:\/\/vedtilventeren.com\/fr\/wp-json\/wp\/v2\/product\/3310\/revisions\/3362"}],"wp:featuredmedia":[{"embeddable":true,"href":"https:\/\/vedtilventeren.com\/fr\/wp-json\/wp\/v2\/media\/3361"}],"wp:attachment":[{"href":"https:\/\/vedtilventeren.com\/fr\/wp-json\/wp\/v2\/media?parent=3310"}],"wp:term":[{"taxonomy":"product_brand","embeddable":true,"href":"https:\/\/vedtilventeren.com\/fr\/wp-json\/wp\/v2\/product_brand?post=3310"},{"taxonomy":"product_cat","embeddable":true,"href":"https:\/\/vedtilventeren.com\/fr\/wp-json\/wp\/v2\/product_cat?post=3310"},{"taxonomy":"product_tag","embeddable":true,"href":"https:\/\/vedtilventeren.com\/fr\/wp-json\/wp\/v2\/product_tag?post=3310"}],"curies":[{"name":"wp","href":"https:\/\/api.w.org\/{rel}","templated":true}]}}