{"id":3314,"date":"2025-12-02T19:48:03","date_gmt":"2025-12-02T18:48:03","guid":{"rendered":"https:\/\/meca-remorque.com\/?post_type=product&#038;p=3314"},"modified":"2025-12-03T15:25:37","modified_gmt":"2025-12-03T14:25:37","slug":"exodraft-royksuger-rsv16-4-1230","status":"publish","type":"product","link":"https:\/\/vedtilventeren.com\/fr\/produit\/exodraft-royksuger-rsv16-4-1230\/","title":{"rendered":"Exodraft R\u00f8yksuger RSV16-4 1&#215;230"},"content":{"rendered":"<p>exodraft r\u00f8yksuger type RSV er en avtrekktrekksventilator konstruert med et kraftig vertikalt utkast. R\u00f8yksugeren plasseres p\u00e5 toppen av skorsteinen slik at det dannes et undertrykk i r\u00f8ykr\u00f8r og skorstein. R\u00f8yksugeren kan benyttes til alle typer brensel, men egner seg s\u00e6rlig godt til bruk sammen med fyrkjeler med fast brensel, peiser og vedovner.R\u00f8yksugeren inng\u00e5r i et exodraft-system og skal derfor kobles til en exodraft styringsenhet. Se kompatibelt tilbeh\u00f8r nedenfor.Konstruksjonexodraft RSV r\u00f8yksugere er konstruert for \u00e5 t\u00e5le temperaturer opp til 250 \u00b0 C kontinuerlig. R\u00f8yksugeren er utf\u00f8rt i st\u00f8pt aluminium, og alle skruer og bolter er i rustfritt st\u00e5l.R\u00f8yksuger type RSV009, RSV012, RSV014 og RSV016 er utstyrt med en aksialvinge i rustfritt st\u00e5l.R\u00f8yksuger type RSV250, 315 og 400 er utstyrt med sentrifugalhjul i st\u00f8pt aluminium og brukes typisk i st\u00f8rre anlegg hvor flere ildesteder er koblet til samme skorstein. Motoren er en temperaturbestandig lukket asynkron motor med engangssmurte kulelagre, og er plassert beskyttet mot r\u00f8ykgassen.En spesiell kj\u00f8levinge og kj\u00f8lelufts\u00e5pninger sikrer kontinuerlig kj\u00f8ling av motoren.Kabelen er varmebestandig, belastningssikret og er utvendig beskyttet av en panserslange. Til sammen gir dette r\u00f8yksugeren h\u00f8y driftssikkerhet og lang levetid.R\u00f8yksugeren er hengslet, noe som gir feieren enkel adgang til \u00e5 feie skorsteinen.Det er montert et nett i rustfritt st\u00e5l i utkast\u00e5pningen som beskyttelse mot ber\u00f8ring og fugler.<\/p>","protected":false},"excerpt":{"rendered":"<p>exodraft r\u00f8yksuger type RSV er en avtrekktrekksventilator konstruert med et kraftig vertikalt utkast. R\u00f8yksugeren plasseres p\u00e5 toppen av skorsteinen slik at det dannes et undertrykk i r\u00f8ykr\u00f8r og skorstein. R\u00f8yksugeren kan benyttes til alle typer brensel, men egner seg s\u00e6rlig godt til bruk sammen med fyrkjeler med fast brensel, peiser og vedovner. &#8230;les mer<\/p>","protected":false},"featured_media":3374,"comment_status":"open","ping_status":"closed","template":"","meta":[],"product_brand":[],"product_cat":[346],"product_tag":[],"class_list":{"0":"post-3314","1":"product","2":"type-product","3":"status-publish","4":"has-post-thumbnail","6":"product_cat-pipe","8":"first","9":"instock","10":"shipping-taxable","11":"purchasable","12":"product-type-simple"},"jetpack_sharing_enabled":true,"_links":{"self":[{"href":"https:\/\/vedtilventeren.com\/fr\/wp-json\/wp\/v2\/product\/3314","targetHints":{"allow":["GET"]}}],"collection":[{"href":"https:\/\/vedtilventeren.com\/fr\/wp-json\/wp\/v2\/product"}],"about":[{"href":"https:\/\/vedtilventeren.com\/fr\/wp-json\/wp\/v2\/types\/product"}],"replies":[{"embeddable":true,"href":"https:\/\/vedtilventeren.com\/fr\/wp-json\/wp\/v2\/comments?post=3314"}],"version-history":[{"count":1,"href":"https:\/\/vedtilventeren.com\/fr\/wp-json\/wp\/v2\/product\/3314\/revisions"}],"predecessor-version":[{"id":3375,"href":"https:\/\/vedtilventeren.com\/fr\/wp-json\/wp\/v2\/product\/3314\/revisions\/3375"}],"wp:featuredmedia":[{"embeddable":true,"href":"https:\/\/vedtilventeren.com\/fr\/wp-json\/wp\/v2\/media\/3374"}],"wp:attachment":[{"href":"https:\/\/vedtilventeren.com\/fr\/wp-json\/wp\/v2\/media?parent=3314"}],"wp:term":[{"taxonomy":"product_brand","embeddable":true,"href":"https:\/\/vedtilventeren.com\/fr\/wp-json\/wp\/v2\/product_brand?post=3314"},{"taxonomy":"product_cat","embeddable":true,"href":"https:\/\/vedtilventeren.com\/fr\/wp-json\/wp\/v2\/product_cat?post=3314"},{"taxonomy":"product_tag","embeddable":true,"href":"https:\/\/vedtilventeren.com\/fr\/wp-json\/wp\/v2\/product_tag?post=3314"}],"curies":[{"name":"wp","href":"https:\/\/api.w.org\/{rel}","templated":true}]}}