{"id":3315,"date":"2025-12-02T19:48:03","date_gmt":"2025-12-02T18:48:03","guid":{"rendered":"https:\/\/meca-remorque.com\/?post_type=product&#038;p=3315"},"modified":"2025-12-02T19:49:08","modified_gmt":"2025-12-02T18:49:08","slug":"westfire-uniq-46-sort","status":"publish","type":"product","link":"https:\/\/vedtilventeren.com\/fr\/produit\/westfire-uniq-46-sort\/","title":{"rendered":"Westfire Uniq 46 Sort"},"content":{"rendered":"<p>Stilren konveksjonsovn med store glass og god varmeeffekt, tilpasset for toppmontert st\u00e5lpipe med integrert frisklufttilkobling.Uniq 46 fra Westfire er en ovn med stor d\u00f8r og heldekkende glass som gir unikt innsyn til peisb\u00e5let. Uniq 46 har sokkelrom med d\u00f8r med plass til div utstyr.<\/p>","protected":false},"excerpt":{"rendered":"<p>Stilren konveksjonsovn med store glass og god varmeeffekt, tilpasset for toppmontert st\u00e5lpipe med integrert frisklufttilkobling. &#8230;les mer<\/p>","protected":false},"featured_media":3376,"comment_status":"open","ping_status":"closed","template":"","meta":[],"product_brand":[],"product_cat":[281,282],"product_tag":[],"class_list":{"0":"post-3315","1":"product","2":"type-product","3":"status-publish","4":"has-post-thumbnail","6":"product_cat-ovn","7":"product_cat-peisovner-og-vedovner","9":"first","10":"instock","11":"sale","12":"shipping-taxable","13":"purchasable","14":"product-type-simple"},"jetpack_sharing_enabled":true,"_links":{"self":[{"href":"https:\/\/vedtilventeren.com\/fr\/wp-json\/wp\/v2\/product\/3315","targetHints":{"allow":["GET"]}}],"collection":[{"href":"https:\/\/vedtilventeren.com\/fr\/wp-json\/wp\/v2\/product"}],"about":[{"href":"https:\/\/vedtilventeren.com\/fr\/wp-json\/wp\/v2\/types\/product"}],"replies":[{"embeddable":true,"href":"https:\/\/vedtilventeren.com\/fr\/wp-json\/wp\/v2\/comments?post=3315"}],"version-history":[{"count":1,"href":"https:\/\/vedtilventeren.com\/fr\/wp-json\/wp\/v2\/product\/3315\/revisions"}],"predecessor-version":[{"id":3377,"href":"https:\/\/vedtilventeren.com\/fr\/wp-json\/wp\/v2\/product\/3315\/revisions\/3377"}],"wp:featuredmedia":[{"embeddable":true,"href":"https:\/\/vedtilventeren.com\/fr\/wp-json\/wp\/v2\/media\/3376"}],"wp:attachment":[{"href":"https:\/\/vedtilventeren.com\/fr\/wp-json\/wp\/v2\/media?parent=3315"}],"wp:term":[{"taxonomy":"product_brand","embeddable":true,"href":"https:\/\/vedtilventeren.com\/fr\/wp-json\/wp\/v2\/product_brand?post=3315"},{"taxonomy":"product_cat","embeddable":true,"href":"https:\/\/vedtilventeren.com\/fr\/wp-json\/wp\/v2\/product_cat?post=3315"},{"taxonomy":"product_tag","embeddable":true,"href":"https:\/\/vedtilventeren.com\/fr\/wp-json\/wp\/v2\/product_tag?post=3315"}],"curies":[{"name":"wp","href":"https:\/\/api.w.org\/{rel}","templated":true}]}}