{"id":3323,"date":"2025-12-02T19:48:03","date_gmt":"2025-12-02T18:48:03","guid":{"rendered":"https:\/\/meca-remorque.com\/?post_type=product&#038;p=3323"},"modified":"2025-12-02T19:49:20","modified_gmt":"2025-12-02T18:49:20","slug":"varde-aura-3-stein-gra","status":"publish","type":"product","link":"https:\/\/vedtilventeren.com\/fr\/produit\/varde-aura-3-stein-gra\/","title":{"rendered":"VARDE AURA 3 stein gr\u00e5"},"content":{"rendered":"<p>Mange detaljer i flott design. P\u00e5 Varde I Aura-serien er b\u00e5de d\u00f8r, topplate, rist, bunn og r\u00f8ykuttak av st\u00f8pejern i h\u00f8y kvalitet. Ovnen har mange oppstillingsmuligheter, da r\u00f8ykr\u00f8ret kan monteres b\u00e5de p\u00e5 toppen eller i bakkant. H\u00e5ndtaket til d\u00f8ren er produsert p\u00e5 en m\u00e5te som gj\u00f8r at det ikke kjennes for varmt ved ber\u00f8ring. Brennkammeret er ergonomisk korrekt utformet s\u00e5 det er lett \u00e5 fyre og rengj\u00f8re. Luftreguleringen styres enkelt. Det sikrer optimal utnyttelse av veden. Varde Aura 3 med naturstein er et opplagt valg for deg som vil glede deg over varmen lengst mulig. Den gr\u00e5 natursteinkledningen &#8220;magasinerer&#8221; varmen og avgir varme i langt tid etter at du har sluttet \u00e5 fyre. Varde Aura 3 naturstein f\u00e5s kun med topputtak.<\/p>","protected":false},"excerpt":{"rendered":"<p>Mange detaljer i flott design &#8230;les mer<\/p>","protected":false},"featured_media":3402,"comment_status":"open","ping_status":"closed","template":"","meta":[],"product_brand":[],"product_cat":[281,282],"product_tag":[],"class_list":{"0":"post-3323","1":"product","2":"type-product","3":"status-publish","4":"has-post-thumbnail","6":"product_cat-ovn","7":"product_cat-peisovner-og-vedovner","9":"first","10":"instock","11":"shipping-taxable","12":"purchasable","13":"product-type-simple"},"jetpack_sharing_enabled":true,"_links":{"self":[{"href":"https:\/\/vedtilventeren.com\/fr\/wp-json\/wp\/v2\/product\/3323","targetHints":{"allow":["GET"]}}],"collection":[{"href":"https:\/\/vedtilventeren.com\/fr\/wp-json\/wp\/v2\/product"}],"about":[{"href":"https:\/\/vedtilventeren.com\/fr\/wp-json\/wp\/v2\/types\/product"}],"replies":[{"embeddable":true,"href":"https:\/\/vedtilventeren.com\/fr\/wp-json\/wp\/v2\/comments?post=3323"}],"version-history":[{"count":1,"href":"https:\/\/vedtilventeren.com\/fr\/wp-json\/wp\/v2\/product\/3323\/revisions"}],"predecessor-version":[{"id":3403,"href":"https:\/\/vedtilventeren.com\/fr\/wp-json\/wp\/v2\/product\/3323\/revisions\/3403"}],"wp:featuredmedia":[{"embeddable":true,"href":"https:\/\/vedtilventeren.com\/fr\/wp-json\/wp\/v2\/media\/3402"}],"wp:attachment":[{"href":"https:\/\/vedtilventeren.com\/fr\/wp-json\/wp\/v2\/media?parent=3323"}],"wp:term":[{"taxonomy":"product_brand","embeddable":true,"href":"https:\/\/vedtilventeren.com\/fr\/wp-json\/wp\/v2\/product_brand?post=3323"},{"taxonomy":"product_cat","embeddable":true,"href":"https:\/\/vedtilventeren.com\/fr\/wp-json\/wp\/v2\/product_cat?post=3323"},{"taxonomy":"product_tag","embeddable":true,"href":"https:\/\/vedtilventeren.com\/fr\/wp-json\/wp\/v2\/product_tag?post=3323"}],"curies":[{"name":"wp","href":"https:\/\/api.w.org\/{rel}","templated":true}]}}