{"id":3326,"date":"2025-12-02T19:48:04","date_gmt":"2025-12-02T18:48:04","guid":{"rendered":"https:\/\/meca-remorque.com\/?post_type=product&#038;p=3326"},"modified":"2025-12-02T19:49:23","modified_gmt":"2025-12-02T18:49:23","slug":"varde-shape-2-air-kleberstein-gra-med-apen-kleber-topp","status":"publish","type":"product","link":"https:\/\/vedtilventeren.com\/fr\/produit\/varde-shape-2-air-kleberstein-gra-med-apen-kleber-topp\/","title":{"rendered":"VARDE SHAPE 2 AIR kleberstein gr\u00e5 med \u00e5pen kleber topp"},"content":{"rendered":"<p>Varde Shape er, som navnet tilsier, en vedovn i fin form. Den h\u00f8ye, slanke ovnen passer godt inn i rommet og tar ikke stor plass enten den plasseres i hj\u00f8rnet eller langs veggen. B\u00e5de d\u00f8r, topplate, rist, bunn og r\u00f8ykuttak er av st\u00f8pejern i h\u00f8y kvalitet. Brennkammeret er ergonomisk korrekt utformet s\u00e5 det er lett \u00e5 fyre og rengj\u00f8re. Luftreguleringen er elegant plassert under toppen og er lett \u00e5 styre. Det sikrer optimal utnyttelse av veden. Varde Shape 2 med kleberstein er et opplagt valg for deg som vil glede deg over varmen lengst mulig. Ekstra tilbeh\u00f8r: Toppdeksel i st\u00f8pejern \u00d8 17,5 cm benyttes ved bakuttak. Slangesett for ekstern lufttilf\u00f8rsel \u00d8 8 cm, lengde 200-250 cm &#8211; fleksir\u00f8r i aluminium.<\/p>","protected":false},"excerpt":{"rendered":"<p>Varde Shape er, som navnet tilsier, en vedovn i fin form. &#8230;les mer<\/p>","protected":false},"featured_media":3408,"comment_status":"open","ping_status":"closed","template":"","meta":[],"product_brand":[],"product_cat":[281,282],"product_tag":[],"class_list":{"0":"post-3326","1":"product","2":"type-product","3":"status-publish","4":"has-post-thumbnail","6":"product_cat-ovn","7":"product_cat-peisovner-og-vedovner","9":"first","10":"instock","11":"shipping-taxable","12":"purchasable","13":"product-type-simple"},"jetpack_sharing_enabled":true,"_links":{"self":[{"href":"https:\/\/vedtilventeren.com\/fr\/wp-json\/wp\/v2\/product\/3326","targetHints":{"allow":["GET"]}}],"collection":[{"href":"https:\/\/vedtilventeren.com\/fr\/wp-json\/wp\/v2\/product"}],"about":[{"href":"https:\/\/vedtilventeren.com\/fr\/wp-json\/wp\/v2\/types\/product"}],"replies":[{"embeddable":true,"href":"https:\/\/vedtilventeren.com\/fr\/wp-json\/wp\/v2\/comments?post=3326"}],"version-history":[{"count":1,"href":"https:\/\/vedtilventeren.com\/fr\/wp-json\/wp\/v2\/product\/3326\/revisions"}],"predecessor-version":[{"id":3409,"href":"https:\/\/vedtilventeren.com\/fr\/wp-json\/wp\/v2\/product\/3326\/revisions\/3409"}],"wp:featuredmedia":[{"embeddable":true,"href":"https:\/\/vedtilventeren.com\/fr\/wp-json\/wp\/v2\/media\/3408"}],"wp:attachment":[{"href":"https:\/\/vedtilventeren.com\/fr\/wp-json\/wp\/v2\/media?parent=3326"}],"wp:term":[{"taxonomy":"product_brand","embeddable":true,"href":"https:\/\/vedtilventeren.com\/fr\/wp-json\/wp\/v2\/product_brand?post=3326"},{"taxonomy":"product_cat","embeddable":true,"href":"https:\/\/vedtilventeren.com\/fr\/wp-json\/wp\/v2\/product_cat?post=3326"},{"taxonomy":"product_tag","embeddable":true,"href":"https:\/\/vedtilventeren.com\/fr\/wp-json\/wp\/v2\/product_tag?post=3326"}],"curies":[{"name":"wp","href":"https:\/\/api.w.org\/{rel}","templated":true}]}}