{"id":3349,"date":"2025-12-02T19:48:28","date_gmt":"2025-12-02T18:48:28","guid":{"rendered":"https:\/\/meca-remorque.com\/?post_type=product&#038;p=3349"},"modified":"2025-12-02T19:49:27","modified_gmt":"2025-12-02T18:49:27","slug":"dovre-ovn-bold300-sort","status":"publish","type":"product","link":"https:\/\/vedtilventeren.com\/fr\/produit\/dovre-ovn-bold300-sort\/","title":{"rendered":"Dovre ovn Bold300 sort"},"content":{"rendered":"","protected":false},"excerpt":{"rendered":"<p>Bold-serien er kjent for sin runde, monolitiske design, og i kombinasjon meddet svarte st\u00f8pejernet kjennetegner det den moderne karakteren til ovnen. Buet glass gir deg mulighet til \u00e5 holde \u00f8ye med de vakre flammene.<\/p>","protected":false},"featured_media":3418,"comment_status":"open","ping_status":"closed","template":"","meta":[],"product_brand":[],"product_cat":[281,282],"product_tag":[],"class_list":{"0":"post-3349","1":"product","2":"type-product","3":"status-publish","4":"has-post-thumbnail","6":"product_cat-ovn","7":"product_cat-peisovner-og-vedovner","9":"first","10":"instock","11":"shipping-taxable","12":"purchasable","13":"product-type-simple"},"jetpack_sharing_enabled":true,"_links":{"self":[{"href":"https:\/\/vedtilventeren.com\/fr\/wp-json\/wp\/v2\/product\/3349","targetHints":{"allow":["GET"]}}],"collection":[{"href":"https:\/\/vedtilventeren.com\/fr\/wp-json\/wp\/v2\/product"}],"about":[{"href":"https:\/\/vedtilventeren.com\/fr\/wp-json\/wp\/v2\/types\/product"}],"replies":[{"embeddable":true,"href":"https:\/\/vedtilventeren.com\/fr\/wp-json\/wp\/v2\/comments?post=3349"}],"version-history":[{"count":1,"href":"https:\/\/vedtilventeren.com\/fr\/wp-json\/wp\/v2\/product\/3349\/revisions"}],"predecessor-version":[{"id":3419,"href":"https:\/\/vedtilventeren.com\/fr\/wp-json\/wp\/v2\/product\/3349\/revisions\/3419"}],"wp:featuredmedia":[{"embeddable":true,"href":"https:\/\/vedtilventeren.com\/fr\/wp-json\/wp\/v2\/media\/3418"}],"wp:attachment":[{"href":"https:\/\/vedtilventeren.com\/fr\/wp-json\/wp\/v2\/media?parent=3349"}],"wp:term":[{"taxonomy":"product_brand","embeddable":true,"href":"https:\/\/vedtilventeren.com\/fr\/wp-json\/wp\/v2\/product_brand?post=3349"},{"taxonomy":"product_cat","embeddable":true,"href":"https:\/\/vedtilventeren.com\/fr\/wp-json\/wp\/v2\/product_cat?post=3349"},{"taxonomy":"product_tag","embeddable":true,"href":"https:\/\/vedtilventeren.com\/fr\/wp-json\/wp\/v2\/product_tag?post=3349"}],"curies":[{"name":"wp","href":"https:\/\/api.w.org\/{rel}","templated":true}]}}