{"id":3351,"date":"2025-12-02T19:48:28","date_gmt":"2025-12-02T18:48:28","guid":{"rendered":"https:\/\/meca-remorque.com\/?post_type=product&#038;p=3351"},"modified":"2025-12-02T19:49:28","modified_gmt":"2025-12-02T18:49:28","slug":"nordpeis-lisboa-shapestone-light-med-innsats-s-18u","status":"publish","type":"product","link":"https:\/\/vedtilventeren.com\/fr\/produit\/nordpeis-lisboa-shapestone-light-med-innsats-s-18u\/","title":{"rendered":"Nordpeis Lisboa ShapeStone Light med innsats S-18U"},"content":{"rendered":"<p>Nordpeis Lisboa er en smal peis som tar sv\u00e6rt liten gulvplass. Lisboa har integrert brannmur i bakkant som gj\u00f8r at den kan plasseres rett mot en vegg av brennbart materiale. Peisovnen har glass p\u00e5 tre sider som gir godt innsyn til flammene fra tre sider og en dekorativ gjennomg\u00e5ende vednisje.<br \/>\n-Innsyn til flammene fra tre sider<br \/>\n-Praktisk og dekorativ vednisje-Integrert brannmur<br \/>\n-Konveksjon og str\u00e5levarme<br \/>\n-Luftspyling for renere glass-Rentbrennende<br \/>\n-Mulighet for frisklufttilf\u00f8rsel Omrammingen leveres umalt.<\/p>","protected":false},"excerpt":{"rendered":"<p>Nordpeis Lisboa er en smal peis som tar sv\u00e6rt liten gulvplass. Lisboa har integrert brannmur i bakkant som gj\u00f8r at den kan plasseres rett mot en vegg av brennbart materiale. Peisovnen har glass p\u00e5 tre sider som gir godt innsyn til flammene fra tre sider og en dekorativ gjennomg\u00e5ende vednisje. &#8230;les mer<\/p>","protected":false},"featured_media":3422,"comment_status":"open","ping_status":"closed","template":"","meta":[],"product_brand":[],"product_cat":[278],"product_tag":[],"class_list":{"0":"post-3351","1":"product","2":"type-product","3":"status-publish","4":"has-post-thumbnail","6":"product_cat-peis","8":"first","9":"instock","10":"shipping-taxable","11":"purchasable","12":"product-type-simple"},"jetpack_sharing_enabled":true,"_links":{"self":[{"href":"https:\/\/vedtilventeren.com\/fr\/wp-json\/wp\/v2\/product\/3351","targetHints":{"allow":["GET"]}}],"collection":[{"href":"https:\/\/vedtilventeren.com\/fr\/wp-json\/wp\/v2\/product"}],"about":[{"href":"https:\/\/vedtilventeren.com\/fr\/wp-json\/wp\/v2\/types\/product"}],"replies":[{"embeddable":true,"href":"https:\/\/vedtilventeren.com\/fr\/wp-json\/wp\/v2\/comments?post=3351"}],"version-history":[{"count":1,"href":"https:\/\/vedtilventeren.com\/fr\/wp-json\/wp\/v2\/product\/3351\/revisions"}],"predecessor-version":[{"id":3423,"href":"https:\/\/vedtilventeren.com\/fr\/wp-json\/wp\/v2\/product\/3351\/revisions\/3423"}],"wp:featuredmedia":[{"embeddable":true,"href":"https:\/\/vedtilventeren.com\/fr\/wp-json\/wp\/v2\/media\/3422"}],"wp:attachment":[{"href":"https:\/\/vedtilventeren.com\/fr\/wp-json\/wp\/v2\/media?parent=3351"}],"wp:term":[{"taxonomy":"product_brand","embeddable":true,"href":"https:\/\/vedtilventeren.com\/fr\/wp-json\/wp\/v2\/product_brand?post=3351"},{"taxonomy":"product_cat","embeddable":true,"href":"https:\/\/vedtilventeren.com\/fr\/wp-json\/wp\/v2\/product_cat?post=3351"},{"taxonomy":"product_tag","embeddable":true,"href":"https:\/\/vedtilventeren.com\/fr\/wp-json\/wp\/v2\/product_tag?post=3351"}],"curies":[{"name":"wp","href":"https:\/\/api.w.org\/{rel}","templated":true}]}}