{"id":3365,"date":"2025-12-02T19:48:52","date_gmt":"2025-12-02T18:48:52","guid":{"rendered":"https:\/\/meca-remorque.com\/?post_type=product&#038;p=3365"},"modified":"2025-12-02T19:49:30","modified_gmt":"2025-12-02T18:49:30","slug":"nordpeis-origo-colorado-uten-sideglass","status":"publish","type":"product","link":"https:\/\/vedtilventeren.com\/fr\/produit\/nordpeis-origo-colorado-uten-sideglass\/","title":{"rendered":"Nordpeis Origo Colorado (uten sideglass)"},"content":{"rendered":"","protected":false},"excerpt":{"rendered":"<p>Origo Colorado Natural skiller seg ut i mengden. Den er kledd med sider i v\u00e5r spesialutviklede Colorado-betong, et naturlig vakkert materiale med varmelagrende egenskaper som skaper en interessant kontrast mot det sorte st\u00e5let. Resultatet er en peisovn med personlighet: edgy og moderne, men allikevel tidl\u00f8s nok til \u00e5 passe inn overalt uansett om du skal ha den hjemme eller p\u00e5 hytta.<\/p>","protected":false},"featured_media":3430,"comment_status":"open","ping_status":"closed","template":"","meta":[],"product_brand":[],"product_cat":[281,282],"product_tag":[],"class_list":{"0":"post-3365","1":"product","2":"type-product","3":"status-publish","4":"has-post-thumbnail","6":"product_cat-ovn","7":"product_cat-peisovner-og-vedovner","9":"first","10":"instock","11":"shipping-taxable","12":"purchasable","13":"product-type-simple"},"jetpack_sharing_enabled":true,"_links":{"self":[{"href":"https:\/\/vedtilventeren.com\/fr\/wp-json\/wp\/v2\/product\/3365","targetHints":{"allow":["GET"]}}],"collection":[{"href":"https:\/\/vedtilventeren.com\/fr\/wp-json\/wp\/v2\/product"}],"about":[{"href":"https:\/\/vedtilventeren.com\/fr\/wp-json\/wp\/v2\/types\/product"}],"replies":[{"embeddable":true,"href":"https:\/\/vedtilventeren.com\/fr\/wp-json\/wp\/v2\/comments?post=3365"}],"version-history":[{"count":1,"href":"https:\/\/vedtilventeren.com\/fr\/wp-json\/wp\/v2\/product\/3365\/revisions"}],"predecessor-version":[{"id":3431,"href":"https:\/\/vedtilventeren.com\/fr\/wp-json\/wp\/v2\/product\/3365\/revisions\/3431"}],"wp:featuredmedia":[{"embeddable":true,"href":"https:\/\/vedtilventeren.com\/fr\/wp-json\/wp\/v2\/media\/3430"}],"wp:attachment":[{"href":"https:\/\/vedtilventeren.com\/fr\/wp-json\/wp\/v2\/media?parent=3365"}],"wp:term":[{"taxonomy":"product_brand","embeddable":true,"href":"https:\/\/vedtilventeren.com\/fr\/wp-json\/wp\/v2\/product_brand?post=3365"},{"taxonomy":"product_cat","embeddable":true,"href":"https:\/\/vedtilventeren.com\/fr\/wp-json\/wp\/v2\/product_cat?post=3365"},{"taxonomy":"product_tag","embeddable":true,"href":"https:\/\/vedtilventeren.com\/fr\/wp-json\/wp\/v2\/product_tag?post=3365"}],"curies":[{"name":"wp","href":"https:\/\/api.w.org\/{rel}","templated":true}]}}