{"id":3397,"date":"2025-12-02T19:49:19","date_gmt":"2025-12-02T18:49:19","guid":{"rendered":"https:\/\/meca-remorque.com\/?post_type=product&#038;p=3397"},"modified":"2025-12-02T19:49:35","modified_gmt":"2025-12-02T18:49:35","slug":"westfire-uniq-37-lukket-friskluft","status":"publish","type":"product","link":"https:\/\/vedtilventeren.com\/fr\/produit\/westfire-uniq-37-lukket-friskluft\/","title":{"rendered":"Westfire Uniq 37 lukket friskluft"},"content":{"rendered":"<p>Stilren konveksjonsovn med store glass og god varmeeffekt. Uniq 37 fra Westfire er en ovn der store, \u00e5pne glassflater gir inntrykk av n\u00e6r 360\u00b0 flammebilde. Ovnen kombinerer alt du ser etter i en peisovn, h\u00f8y effektivitet, enkel betjening og flott utseende og stort brennkammer. Forvarmet sekund\u00e6rluft spyler innsiden av glasset og s\u00f8rger for at det holder seg rent. Westfire Uniq 37 leveres i 3 modeller med\/uten friskluft slik:<br \/>\nStd: leveres med\/uten frisklufttilkobling.<br \/>\nH\u00f8y : leveres ikke med frisklufttilkobling.<br \/>\nSokkel 1 : leveres med\/uten frisklufttilkobling.<\/p>","protected":false},"excerpt":{"rendered":"<p>Stilren konveksjonsovn med store glass og god varmeeffekt. &#8230;les mer<\/p>","protected":false},"featured_media":3454,"comment_status":"open","ping_status":"closed","template":"","meta":[],"product_brand":[],"product_cat":[281,282],"product_tag":[],"class_list":{"0":"post-3397","1":"product","2":"type-product","3":"status-publish","4":"has-post-thumbnail","6":"product_cat-ovn","7":"product_cat-peisovner-og-vedovner","9":"first","10":"instock","11":"shipping-taxable","12":"purchasable","13":"product-type-simple"},"jetpack_sharing_enabled":true,"_links":{"self":[{"href":"https:\/\/vedtilventeren.com\/fr\/wp-json\/wp\/v2\/product\/3397","targetHints":{"allow":["GET"]}}],"collection":[{"href":"https:\/\/vedtilventeren.com\/fr\/wp-json\/wp\/v2\/product"}],"about":[{"href":"https:\/\/vedtilventeren.com\/fr\/wp-json\/wp\/v2\/types\/product"}],"replies":[{"embeddable":true,"href":"https:\/\/vedtilventeren.com\/fr\/wp-json\/wp\/v2\/comments?post=3397"}],"version-history":[{"count":1,"href":"https:\/\/vedtilventeren.com\/fr\/wp-json\/wp\/v2\/product\/3397\/revisions"}],"predecessor-version":[{"id":3455,"href":"https:\/\/vedtilventeren.com\/fr\/wp-json\/wp\/v2\/product\/3397\/revisions\/3455"}],"wp:featuredmedia":[{"embeddable":true,"href":"https:\/\/vedtilventeren.com\/fr\/wp-json\/wp\/v2\/media\/3454"}],"wp:attachment":[{"href":"https:\/\/vedtilventeren.com\/fr\/wp-json\/wp\/v2\/media?parent=3397"}],"wp:term":[{"taxonomy":"product_brand","embeddable":true,"href":"https:\/\/vedtilventeren.com\/fr\/wp-json\/wp\/v2\/product_brand?post=3397"},{"taxonomy":"product_cat","embeddable":true,"href":"https:\/\/vedtilventeren.com\/fr\/wp-json\/wp\/v2\/product_cat?post=3397"},{"taxonomy":"product_tag","embeddable":true,"href":"https:\/\/vedtilventeren.com\/fr\/wp-json\/wp\/v2\/product_tag?post=3397"}],"curies":[{"name":"wp","href":"https:\/\/api.w.org\/{rel}","templated":true}]}}