{"id":3464,"date":"2025-12-02T19:49:38","date_gmt":"2025-12-02T18:49:38","guid":{"rendered":"https:\/\/meca-remorque.com\/?post_type=product&#038;p=3464"},"modified":"2025-12-02T19:49:42","modified_gmt":"2025-12-02T18:49:42","slug":"varde-nordic-3","status":"publish","type":"product","link":"https:\/\/vedtilventeren.com\/fr\/produit\/varde-nordic-3\/","title":{"rendered":"VARDE NORDIC 3"},"content":{"rendered":"<p>VARDE Nordic 3 Moderne peisovn med god forbrenning. VARDE Nordic 3 er en flott og moderne VARDE peisovn i et flott nordisk design, som tar h\u00f8yde for at funksjonalitet og forbrenning er i \u00f8verste klasse. Peisovnen er produsert med et helsveiset brenn kammer i kvalitetsst\u00e5l, som er beskyttet av st\u00f8pejern og vermiculite. Ovnens mest utsatte deler som fyrrist og r\u00f8yk stuss, er produsert i massivt st\u00f8pejern som sikrer lang levetid. D\u00f8ren er formet som en stor buet glassflate, som gir godt innsyn til b\u00e5let. Konvektionssystemet gj\u00f8r at den kj\u00f8lige luften dras inn i bunn, varmes opp og kommer ut i toppen av ovnen. Dette sikrer en god luftsirkulasjon, og varmen fordeles bedre i rommet. VARDE Nordic 3 er en milj\u00f8vennlig peisovn. Alle vedovner fra Varde er CO2 n\u00f8ytrale, hvilket betyr at du f\u00e5r en ovn som utnytter veden s\u00e5 effektivt at forurensningen er minimal, og oppfyller de strengeste milj\u00f8kravene i Europa. Virkningsgraden p\u00e5 VARDE Nordic 3 er p\u00e5 81%, som betyr at 81% av veden utnyttes. Perfekt til oppvarmning av 30-105 m2.<\/p>","protected":false},"excerpt":{"rendered":"<p>VARDE Nordic 3 Moderne peisovn med god forbrenning &#8230;les mer<\/p>","protected":false},"featured_media":3498,"comment_status":"open","ping_status":"closed","template":"","meta":[],"product_brand":[],"product_cat":[281,282],"product_tag":[],"class_list":{"0":"post-3464","1":"product","2":"type-product","3":"status-publish","4":"has-post-thumbnail","6":"product_cat-ovn","7":"product_cat-peisovner-og-vedovner","9":"first","10":"instock","11":"shipping-taxable","12":"purchasable","13":"product-type-simple"},"jetpack_sharing_enabled":true,"_links":{"self":[{"href":"https:\/\/vedtilventeren.com\/fr\/wp-json\/wp\/v2\/product\/3464","targetHints":{"allow":["GET"]}}],"collection":[{"href":"https:\/\/vedtilventeren.com\/fr\/wp-json\/wp\/v2\/product"}],"about":[{"href":"https:\/\/vedtilventeren.com\/fr\/wp-json\/wp\/v2\/types\/product"}],"replies":[{"embeddable":true,"href":"https:\/\/vedtilventeren.com\/fr\/wp-json\/wp\/v2\/comments?post=3464"}],"version-history":[{"count":1,"href":"https:\/\/vedtilventeren.com\/fr\/wp-json\/wp\/v2\/product\/3464\/revisions"}],"predecessor-version":[{"id":3499,"href":"https:\/\/vedtilventeren.com\/fr\/wp-json\/wp\/v2\/product\/3464\/revisions\/3499"}],"wp:featuredmedia":[{"embeddable":true,"href":"https:\/\/vedtilventeren.com\/fr\/wp-json\/wp\/v2\/media\/3498"}],"wp:attachment":[{"href":"https:\/\/vedtilventeren.com\/fr\/wp-json\/wp\/v2\/media?parent=3464"}],"wp:term":[{"taxonomy":"product_brand","embeddable":true,"href":"https:\/\/vedtilventeren.com\/fr\/wp-json\/wp\/v2\/product_brand?post=3464"},{"taxonomy":"product_cat","embeddable":true,"href":"https:\/\/vedtilventeren.com\/fr\/wp-json\/wp\/v2\/product_cat?post=3464"},{"taxonomy":"product_tag","embeddable":true,"href":"https:\/\/vedtilventeren.com\/fr\/wp-json\/wp\/v2\/product_tag?post=3464"}],"curies":[{"name":"wp","href":"https:\/\/api.w.org\/{rel}","templated":true}]}}