{"id":3466,"date":"2025-12-02T19:49:39","date_gmt":"2025-12-02T18:49:39","guid":{"rendered":"https:\/\/meca-remorque.com\/?post_type=product&#038;p=3466"},"modified":"2025-12-02T19:49:45","modified_gmt":"2025-12-02T18:49:45","slug":"varde-als-sort","status":"publish","type":"product","link":"https:\/\/vedtilventeren.com\/fr\/produit\/varde-als-sort\/","title":{"rendered":"VARDE ALS sort"},"content":{"rendered":"<p>De avrundede sidene p\u00e5 Varde Als gir ovnen en slank form og gj\u00f8r den lett \u00e5 plassere i et hvilket som helst hjem. Med ruteskyllfunksjonen er ilden alltid synlig, s\u00e5 lenge det fyres korrekt. Like h\u00e5ndtak til brennkammer og askeskuff skaper en flott enhetlig design.Ekstra tilbeh\u00f8r: Toppdeksel i st\u00e5l \u00d8 16,5 cm benyttes ved bakuttak.<\/p>","protected":false},"excerpt":{"rendered":"<p>De avrundede sidene p\u00e5 Varde Als gir ovnen en slank form og gj\u00f8r den lett \u00e5 plassere i et hvilket som helst hjem. Med ruteskyllfunksjonen er ilden alltid synlig, s\u00e5 lenge det fyres korrekt. Like h\u00e5ndtak til brennkammer og askeskuff skaper en flott enhetlig design. &#8230;les mer<\/p>","protected":false},"featured_media":3502,"comment_status":"open","ping_status":"closed","template":"","meta":[],"product_brand":[],"product_cat":[281,282],"product_tag":[],"class_list":{"0":"post-3466","1":"product","2":"type-product","3":"status-publish","4":"has-post-thumbnail","6":"product_cat-ovn","7":"product_cat-peisovner-og-vedovner","9":"first","10":"instock","11":"shipping-taxable","12":"purchasable","13":"product-type-simple"},"jetpack_sharing_enabled":true,"_links":{"self":[{"href":"https:\/\/vedtilventeren.com\/fr\/wp-json\/wp\/v2\/product\/3466","targetHints":{"allow":["GET"]}}],"collection":[{"href":"https:\/\/vedtilventeren.com\/fr\/wp-json\/wp\/v2\/product"}],"about":[{"href":"https:\/\/vedtilventeren.com\/fr\/wp-json\/wp\/v2\/types\/product"}],"replies":[{"embeddable":true,"href":"https:\/\/vedtilventeren.com\/fr\/wp-json\/wp\/v2\/comments?post=3466"}],"version-history":[{"count":1,"href":"https:\/\/vedtilventeren.com\/fr\/wp-json\/wp\/v2\/product\/3466\/revisions"}],"predecessor-version":[{"id":3503,"href":"https:\/\/vedtilventeren.com\/fr\/wp-json\/wp\/v2\/product\/3466\/revisions\/3503"}],"wp:featuredmedia":[{"embeddable":true,"href":"https:\/\/vedtilventeren.com\/fr\/wp-json\/wp\/v2\/media\/3502"}],"wp:attachment":[{"href":"https:\/\/vedtilventeren.com\/fr\/wp-json\/wp\/v2\/media?parent=3466"}],"wp:term":[{"taxonomy":"product_brand","embeddable":true,"href":"https:\/\/vedtilventeren.com\/fr\/wp-json\/wp\/v2\/product_brand?post=3466"},{"taxonomy":"product_cat","embeddable":true,"href":"https:\/\/vedtilventeren.com\/fr\/wp-json\/wp\/v2\/product_cat?post=3466"},{"taxonomy":"product_tag","embeddable":true,"href":"https:\/\/vedtilventeren.com\/fr\/wp-json\/wp\/v2\/product_tag?post=3466"}],"curies":[{"name":"wp","href":"https:\/\/api.w.org\/{rel}","templated":true}]}}